{"id":1031,"date":"2014-11-23T17:33:21","date_gmt":"2014-11-23T16:33:21","guid":{"rendered":"http:\/\/www.brazilbabyaffair.org\/?page_id=1031"},"modified":"2014-11-23T18:25:03","modified_gmt":"2014-11-23T17:25:03","slug":"procedimento-de-adocao-ilegal","status":"publish","type":"page","link":"https:\/\/www.brazilbabyaffair.org\/pt-br\/publicacoes-recursos\/midia\/procedimento-de-adocao-ilegal\/","title":{"rendered":"Procedimento de Ado\u00e7\u00e3o Ilegal"},"content":{"rendered":"<p>Reportagem da TV holandesa &#8220;<em>Achter het Nieuws<\/em>&#8221; 22 de fevereiro 1982 \u2013 A cena explica o procedimento de ado\u00e7\u00e3o ilegal. <em>Assiste a declara\u00e7\u00e3o da Lia Junqueira do Movimento em Defesa do Menor <strong><a href=\"http:\/\/www.brazilbabyaffair.org\/pt-br\/publications-resources\/midia\/entrevista-com-lia-junqueira\/\" title=\"Entrevista com Lia Junqueira\">aqui<\/a><\/strong>.<\/em><\/p>\n<p><span class=\"embed-youtube\" style=\"text-align:center; display: block;\"><iframe loading=\"lazy\" class=\"youtube-player\" width=\"1080\" height=\"608\" src=\"https:\/\/www.youtube.com\/embed\/11KwmUD7fP8?version=3&#038;rel=1&#038;showsearch=0&#038;showinfo=1&#038;iv_load_policy=1&#038;fs=1&#038;hl=pt-BR&#038;autohide=2&#038;wmode=transparent\" allowfullscreen=\"true\" style=\"border:0;\" sandbox=\"allow-scripts allow-same-origin allow-popups allow-presentation allow-popups-to-escape-sandbox\"><\/iframe><\/span><\/p>\n","protected":false},"excerpt":{"rendered":"<p>Reportagem da TV holandesa &#8220;Achter het Nieuws&#8221; 22 de fevereiro 1982 \u2013 A cena explica o procedimento de ado\u00e7\u00e3o ilegal. Assiste a declara\u00e7\u00e3o da Lia Junqueira do Movimento em Defesa do Menor aqui.<\/p>\n","protected":false},"author":1,"featured_media":0,"parent":746,"menu_order":1,"comment_status":"closed","ping_status":"closed","template":"","meta":{"jetpack_post_was_ever_published":false,"footnotes":""},"class_list":["post-1031","page","type-page","status-publish","no-comments"],"jetpack_shortlink":"https:\/\/wp.me\/P59dNp-gD","jetpack_sharing_enabled":true,"_links":{"self":[{"href":"https:\/\/www.brazilbabyaffair.org\/pt-br\/wp-json\/wp\/v2\/pages\/1031","targetHints":{"allow":["GET"]}}],"collection":[{"href":"https:\/\/www.brazilbabyaffair.org\/pt-br\/wp-json\/wp\/v2\/pages"}],"about":[{"href":"https:\/\/www.brazilbabyaffair.org\/pt-br\/wp-json\/wp\/v2\/types\/page"}],"author":[{"embeddable":true,"href":"https:\/\/www.brazilbabyaffair.org\/pt-br\/wp-json\/wp\/v2\/users\/1"}],"replies":[{"embeddable":true,"href":"https:\/\/www.brazilbabyaffair.org\/pt-br\/wp-json\/wp\/v2\/comments?post=1031"}],"version-history":[{"count":4,"href":"https:\/\/www.brazilbabyaffair.org\/pt-br\/wp-json\/wp\/v2\/pages\/1031\/revisions"}],"predecessor-version":[{"id":1043,"href":"https:\/\/www.brazilbabyaffair.org\/pt-br\/wp-json\/wp\/v2\/pages\/1031\/revisions\/1043"}],"up":[{"embeddable":true,"href":"https:\/\/www.brazilbabyaffair.org\/pt-br\/wp-json\/wp\/v2\/pages\/746"}],"wp:attachment":[{"href":"https:\/\/www.brazilbabyaffair.org\/pt-br\/wp-json\/wp\/v2\/media?parent=1031"}],"curies":[{"name":"wp","href":"https:\/\/api.w.org\/{rel}","templated":true}]}}