{"id":1041,"date":"2015-01-18T19:34:06","date_gmt":"2015-01-18T18:34:06","guid":{"rendered":"http:\/\/www.brazilbabyaffair.org\/?page_id=1041"},"modified":"2015-05-17T12:58:06","modified_gmt":"2015-05-17T10:58:06","slug":"entrevista-com-lia-junqueira","status":"publish","type":"page","link":"https:\/\/www.brazilbabyaffair.org\/pt-br\/publicacoes-recursos\/midia\/entrevista-com-lia-junqueira\/","title":{"rendered":"Entrevista com Lia Junqueira"},"content":{"rendered":"<p>Reportagem da TV holandesa &#8220;<em>Achter het Nieuws<\/em>&#8221; 22 de fevereiro 1982 \u2013 Entrevista com advogada de direitos humanos Lia Junqueira, do <em>Movimento em Defesa do Menor<\/em>, defendeu os direitos dos beb\u00eas brasileiros que foram traficadas para ado\u00e7\u00e3o internacional ilegal. Inclusive o testemunho de Ant\u00f4nio Chaves, juiz no tribunal juvenil de S\u00e3o Paulo.<\/p>\n<p><span class=\"embed-youtube\" style=\"text-align:center; display: block;\"><iframe loading=\"lazy\" class=\"youtube-player\" width=\"1080\" height=\"608\" src=\"https:\/\/www.youtube.com\/embed\/6mL35xTGc_Y?version=3&#038;rel=1&#038;showsearch=0&#038;showinfo=1&#038;iv_load_policy=1&#038;fs=1&#038;hl=pt-BR&#038;autohide=2&#038;wmode=transparent\" allowfullscreen=\"true\" style=\"border:0;\" sandbox=\"allow-scripts allow-same-origin allow-popups allow-presentation allow-popups-to-escape-sandbox\"><\/iframe><\/span><\/p>\n","protected":false},"excerpt":{"rendered":"<p>Reportagem da TV holandesa &#8220;Achter het Nieuws&#8221; 22 de fevereiro 1982 \u2013 Entrevista com advogada de direitos humanos Lia Junqueira, do Movimento em Defesa do Menor, defendeu os direitos dos beb\u00eas brasileiros que foram traficadas para ado\u00e7\u00e3o internacional ilegal. Inclusive o testemunho de Ant\u00f4nio Chaves, juiz no tribunal juvenil de S\u00e3o Paulo.<\/p>\n","protected":false},"author":1,"featured_media":0,"parent":746,"menu_order":2,"comment_status":"closed","ping_status":"closed","template":"","meta":{"jetpack_post_was_ever_published":false,"footnotes":""},"class_list":["post-1041","page","type-page","status-publish","no-comments"],"jetpack_shortlink":"https:\/\/wp.me\/P59dNp-gN","jetpack_sharing_enabled":true,"_links":{"self":[{"href":"https:\/\/www.brazilbabyaffair.org\/pt-br\/wp-json\/wp\/v2\/pages\/1041","targetHints":{"allow":["GET"]}}],"collection":[{"href":"https:\/\/www.brazilbabyaffair.org\/pt-br\/wp-json\/wp\/v2\/pages"}],"about":[{"href":"https:\/\/www.brazilbabyaffair.org\/pt-br\/wp-json\/wp\/v2\/types\/page"}],"author":[{"embeddable":true,"href":"https:\/\/www.brazilbabyaffair.org\/pt-br\/wp-json\/wp\/v2\/users\/1"}],"replies":[{"embeddable":true,"href":"https:\/\/www.brazilbabyaffair.org\/pt-br\/wp-json\/wp\/v2\/comments?post=1041"}],"version-history":[{"count":2,"href":"https:\/\/www.brazilbabyaffair.org\/pt-br\/wp-json\/wp\/v2\/pages\/1041\/revisions"}],"predecessor-version":[{"id":1427,"href":"https:\/\/www.brazilbabyaffair.org\/pt-br\/wp-json\/wp\/v2\/pages\/1041\/revisions\/1427"}],"up":[{"embeddable":true,"href":"https:\/\/www.brazilbabyaffair.org\/pt-br\/wp-json\/wp\/v2\/pages\/746"}],"wp:attachment":[{"href":"https:\/\/www.brazilbabyaffair.org\/pt-br\/wp-json\/wp\/v2\/media?parent=1041"}],"curies":[{"name":"wp","href":"https:\/\/api.w.org\/{rel}","templated":true}]}}