{"id":1123,"date":"2015-01-27T19:47:13","date_gmt":"2015-01-27T18:47:13","guid":{"rendered":"http:\/\/www.brazilbabyaffair.org\/?page_id=1123"},"modified":"2015-05-15T12:20:02","modified_gmt":"2015-05-15T10:20:02","slug":"ong-evento-direito-a-identidade-zurique","status":"publish","type":"page","link":"https:\/\/www.brazilbabyaffair.org\/pt-br\/publicacoes-recursos\/palestras-apresentacoes\/ong-evento-direito-a-identidade-zurique\/","title":{"rendered":"Evento &#8216;Direito \u00e0 Identidade&#8217; \u2013 10 fevereiro"},"content":{"rendered":"<p style=\"text-align: center;\">EVENTO<br \/>\n<strong>Direito \u00e0 Identidade<\/strong><br \/>\n<em>Superando as lutas da Ado\u00e7\u00e3o Internacional ilegal<\/em><br \/>\n<strong>na ter\u00e7a-feira 10 de fevereiro 2015, em Zurique<\/strong><\/p>\n<p>&nbsp;<\/p>\n<h3>A apresenta\u00e7\u00e3o<\/h3>\n<p><a href=\"http:\/\/www.brazilbabyaffair.org\/wp-content\/uploads\/2015\/01\/PRESENTATION.compressed.pdf\"><br \/>\n<img loading=\"lazy\" decoding=\"async\" width=\"400\" height=\"282\" class=\"alignleft size-full wp-image-1217\" src=\"http:\/\/www.brazilbabyaffair.org\/wp-content\/uploads\/2015\/03\/Hub_Presentation_Image-e1425207518870.png\" alt=\"Hub_Presentation_Image\" \/><\/a><br \/>\n&nbsp;<br \/>\n&nbsp;<br \/>\n&nbsp;<br \/>\n&nbsp;<br \/>\n&nbsp;<br \/>\n&nbsp;<br \/>\n&nbsp;<br \/>\n&nbsp;<br \/>\n&nbsp;<br \/>\n&nbsp;<br \/>\n&nbsp;<\/p>\n<h3>Sobre os palestrantes<\/h3>\n<ul>\n<li>Nosso primeiro palestrante ser\u00e1 Herv\u00e9 Bo\u00e9chat, diretor de programa em Servi\u00e7o Social Internacional (Genebra). Herv\u00e9 estar\u00e1 apresentando\u00a0uma pesquisa da ISS chamada &#8220;Finding abuses when searching for roots&#8221;.<\/li>\n<li>Em seguida, Patrick Noordoven, fundador da ONG Brazil Baby Affair, falar\u00e1 sobre a sua experi\u00eancia sendo adotado ilegalmente do Brasil. Em busca de sua identidade, ele t\u00eam rastreado a sua fam\u00edlia de origem por mais de 10 anos, at\u00e9 que ele finalmente os encontrou. Ao fazer isso, ele desvendou uma rede de tr\u00e1fico internacional de crian\u00e7as que ainda se mant\u00e9m entre as fam\u00edlias originais e seus filhos adotados ilegalmente.<\/li>\n<li>Nosso terceiro palestrante ser\u00e1 a documentarista Jacqueline Arias. Jacqueline participar\u00e1 do evento a vivo de Nova York. Ela mesma \u00e9 adotada, e ir\u00e1 compartilhar\u00a0suas experi\u00eancias como a produtora de um document\u00e1rio sobre m\u00e3es &#8220;de origem&#8221; na Costa Rica em busca de seus filhos adotivos. Este ano, ela apoiar\u00e1 Patrick em sua luta brasileira para acessar o direito humano \u00e0 identidade.<\/li>\n<li>A moderadora da noite \u00e9 Barbara Wachter,\u00a0Jovem Representante Su\u00ed\u00e7a para as Na\u00e7\u00f5es Unidas de 2015.<\/li>\n<\/ul>\n<p>&nbsp;<\/p>\n<h3>Programa<\/h3>\n<p>18:30 Acolhimento<\/p>\n<p>19:00 Boas-vindas<br \/>\nApresenta\u00e7\u00e3o &#8216;Direito \u00e0 Identidade&#8217; de Herv\u00e9 Bo\u00e9chat, <a href=\"http:\/\/www.iss-ssi.org\" target=\"_blank\" rel=\"noopener\">ISS<\/a><br \/>\nApresenta\u00e7\u00e3o &#8216;Desvendando a rede de tr\u00e1fico de crian\u00e7as&#8217; por Patrick Noordoven, ONG Brazil Baby Affair<br \/>\nDiscurso pelo Skype por Jacqueline Arias, documentarista<\/p>\n<p>20:00 Encerramento<\/p>\n<hr \/>\n<p>&nbsp;<\/p>\n<p style=\"text-align: center;\">O evento acontece no Impact Hub Zurique, Viaduktstrasse 93, 8005 Zurique.<\/p>\n","protected":false},"excerpt":{"rendered":"<p>EVENTO Direito \u00e0 Identidade Superando as lutas da Ado\u00e7\u00e3o Internacional ilegal na ter\u00e7a-feira 10 de fevereiro 2015, em Zurique &nbsp; A apresenta\u00e7\u00e3o &nbsp; &nbsp; &nbsp; &nbsp; &nbsp; &nbsp; &nbsp; &nbsp; &nbsp; &nbsp; &nbsp; Sobre os palestrantes Nosso primeiro palestrante ser\u00e1 Herv\u00e9 Bo\u00e9chat, diretor de programa em Servi\u00e7o Social Internacional (Genebra). Herv\u00e9 estar\u00e1 apresentando\u00a0uma pesquisa da &hellip; <\/p>\n<div class=\"more-link-wrapper\"><a href=\"https:\/\/www.brazilbabyaffair.org\/pt-br\/publicacoes-recursos\/palestras-apresentacoes\/ong-evento-direito-a-identidade-zurique\/\" class=\"more-link\">Continue reading<span class=\"screen-reader-text\"> &#8220;Evento &#8216;Direito \u00e0 Identidade&#8217; \u2013 10 fevereiro&#8221;<\/span><\/a><\/div>\n","protected":false},"author":1,"featured_media":1148,"parent":645,"menu_order":3,"comment_status":"closed","ping_status":"closed","template":"template-full.php","meta":{"jetpack_post_was_ever_published":false,"footnotes":""},"class_list":["post-1123","page","type-page","status-publish","has-post-thumbnail","no-comments"],"jetpack_shortlink":"https:\/\/wp.me\/P59dNp-i7","jetpack_sharing_enabled":true,"_links":{"self":[{"href":"https:\/\/www.brazilbabyaffair.org\/pt-br\/wp-json\/wp\/v2\/pages\/1123","targetHints":{"allow":["GET"]}}],"collection":[{"href":"https:\/\/www.brazilbabyaffair.org\/pt-br\/wp-json\/wp\/v2\/pages"}],"about":[{"href":"https:\/\/www.brazilbabyaffair.org\/pt-br\/wp-json\/wp\/v2\/types\/page"}],"author":[{"embeddable":true,"href":"https:\/\/www.brazilbabyaffair.org\/pt-br\/wp-json\/wp\/v2\/users\/1"}],"replies":[{"embeddable":true,"href":"https:\/\/www.brazilbabyaffair.org\/pt-br\/wp-json\/wp\/v2\/comments?post=1123"}],"version-history":[{"count":10,"href":"https:\/\/www.brazilbabyaffair.org\/pt-br\/wp-json\/wp\/v2\/pages\/1123\/revisions"}],"predecessor-version":[{"id":1406,"href":"https:\/\/www.brazilbabyaffair.org\/pt-br\/wp-json\/wp\/v2\/pages\/1123\/revisions\/1406"}],"up":[{"embeddable":true,"href":"https:\/\/www.brazilbabyaffair.org\/pt-br\/wp-json\/wp\/v2\/pages\/645"}],"wp:featuredmedia":[{"embeddable":true,"href":"https:\/\/www.brazilbabyaffair.org\/pt-br\/wp-json\/wp\/v2\/media\/1148"}],"wp:attachment":[{"href":"https:\/\/www.brazilbabyaffair.org\/pt-br\/wp-json\/wp\/v2\/media?parent=1123"}],"curies":[{"name":"wp","href":"https:\/\/api.w.org\/{rel}","templated":true}]}}