{"id":1277,"date":"2015-03-17T14:40:03","date_gmt":"2015-03-17T13:40:03","guid":{"rendered":"http:\/\/www.brazilbabyaffair.org\/?page_id=1277"},"modified":"2015-05-15T12:12:15","modified_gmt":"2015-05-15T10:12:15","slug":"evento-24-de-marco-direito-a-identidade-problemas-globais-solucoes-no-brasil","status":"publish","type":"page","link":"https:\/\/www.brazilbabyaffair.org\/pt-br\/publicacoes-recursos\/palestras-apresentacoes\/evento-24-de-marco-direito-a-identidade-problemas-globais-solucoes-no-brasil\/","title":{"rendered":"Evento 24 de mar\u00e7o &#8211; &#8216;Direito \u00e0 Identidade: Problemas globais \u2013 Solu\u00e7\u00f5es no Brasil&#8217;"},"content":{"rendered":"<p style=\"text-align: center;\">EVENTO<br \/>\n<strong>Direito \u00e0 Identidade<\/strong><br \/>\n<em>Problemas globais \u2013 Solu\u00e7\u00f5es no Brasil<\/em><br \/>\n<strong>na ter\u00e7a-feira 24 de Mar\u00e7o 2015, em S\u00e3o Paulo<\/strong><\/p>\n<h3>A apresenta\u00e7\u00e3o<\/h3>\n<p><em>[clique na imagem para ver as apresenta\u00e7\u00f5es]<\/em><br \/>\n<a href=\"http:\/\/www.brazilbabyaffair.org\/wp-content\/uploads\/2015\/03\/Presentation_SaoPaulo_March2015.pdf\"><img loading=\"lazy\" decoding=\"async\" width=\"400\" height=\"299\" src=\"http:\/\/www.brazilbabyaffair.org\/wp-content\/uploads\/2015\/03\/HubSP_Presentation_Image.png\" alt=\"HubSP_Presentation_Image\" class=\"alignleft size-full wp-image-1329\" srcset=\"https:\/\/www.brazilbabyaffair.org\/wp-content\/uploads\/2015\/03\/HubSP_Presentation_Image.png 400w, https:\/\/www.brazilbabyaffair.org\/wp-content\/uploads\/2015\/03\/HubSP_Presentation_Image-300x224.png 300w\" sizes=\"auto, (max-width: 400px) 100vw, 400px\" \/><\/a>Fotos do evento est\u00e3o dispon\u00edveis pelo nosso <a href=\"https:\/\/www.facebook.com\/events\/648595525240685\/\" target=\"_blank\" rel=\"noopener\">Facebook<\/a>.<br \/>\n&nbsp;<br \/>\n&nbsp;<br \/>\n&nbsp;<br \/>\n&nbsp;<br \/>\n&nbsp;<br \/>\n&nbsp;<br \/>\n&nbsp;<br \/>\n&nbsp;<br \/>\n&nbsp;<br \/>\n&nbsp;<\/p>\n<h3>Sobre o evento<\/h3>\n<p>Este evento gratuito deu um panorama sobre a import\u00e2ncia do Direito Humano \u00e0 Identidade, da perspectiva do tr\u00e1fico internacional de crian\u00e7as, com foco especial na ado\u00e7\u00e3o ilegal internacional.<br \/>\nO evento marcou a funda\u00e7\u00e3o recente da ONG internacional Brazil Baby Affair e anunciou a inaugura\u00e7\u00e3o da filial da ONG em S\u00e3o Paulo para dar apoio tanto para as fam\u00edlias originais brasileiras e seus membros familiares ilegalmente adotados que buscam um pelo outro, quanto para dar acesso ao Direito Humano da Identidade.<\/p>\n<h3>P\u00fablico<\/h3>\n<p><em>Todos eram bem-vindos para comparecer ao evento, mas era especialmente interessante para:<\/em><\/p>\n<ul>\n<li>Pessoas interessadas em direitos humanos e rela\u00e7\u00f5es internacionais<\/li>\n<li>Especialistas em direitos humanos e direitos da crian\u00e7a<\/li>\n<li>Profissionais trabalhando no campo da ado\u00e7\u00e3o<\/li>\n<li>Representantes de funda\u00e7\u00f5es com interesse em direitos humanos<\/li>\n<li>Jornalistas que escrevam sobre quest\u00f5es de direitos humanos, especialmente direitos da crian\u00e7a e ado\u00e7\u00e3o<\/li>\n<\/ul>\n<h3>Sobre os palestrantes<\/h3>\n<ul>\n<li>Patrick Noordoven, NGO Brazil Baby Affair \u2013 Zurich, \u2018Unraveling a Child Trafficking Network\u2019<\/li>\n<li>Rodrigo Henriques, NGO Brazil Baby Affair \u2013 S\u00e3o Paulo<\/li>\n<li>Gilka Gatt\u00e1s, <a href=\"http:\/\/www.caminhodevolta.fm.usp.br\" target=\"_blank\" rel=\"noopener\">Projeto Caminho de Volta, USP<\/a><\/li>\n<li>Katia Dantas, <a href=\"http:\/\/www.icmec.org\" target=\"_blank\" rel=\"noopener\">International Centre for Missing &#038; Exploited Children<\/a><\/li>\n<li>Manuela Fagundes, <a href=\"http:\/\/www.fazendohistoria.org.br\" target=\"_blank\" rel=\"noopener\">Instituto Fazendo Hist\u00f3ria<\/a><\/li>\n<\/ul>\n<h3>Programa<\/h3>\n<p>18:30 Acolhimento<br \/>\n19:00 Apresenta\u00e7\u00f5es<br \/>\n21:00 Encerramento<\/p>\n<hr \/>\n<p style=\"text-align: center;\">O evento aconteceu no Impact Hub Paulista, Rua Bela Cintra, 409, S\u00e3o Paulo.<\/p>\n","protected":false},"excerpt":{"rendered":"<p>EVENTO Direito \u00e0 Identidade Problemas globais \u2013 Solu\u00e7\u00f5es no Brasil na ter\u00e7a-feira 24 de Mar\u00e7o 2015, em S\u00e3o Paulo A apresenta\u00e7\u00e3o [clique na imagem para ver as apresenta\u00e7\u00f5es] Fotos do evento est\u00e3o dispon\u00edveis pelo nosso Facebook. &nbsp; &nbsp; &nbsp; &nbsp; &nbsp; &nbsp; &nbsp; &nbsp; &nbsp; &nbsp; Sobre o evento Este evento gratuito deu um panorama &hellip; <\/p>\n<div class=\"more-link-wrapper\"><a href=\"https:\/\/www.brazilbabyaffair.org\/pt-br\/publicacoes-recursos\/palestras-apresentacoes\/evento-24-de-marco-direito-a-identidade-problemas-globais-solucoes-no-brasil\/\" class=\"more-link\">Continue reading<span class=\"screen-reader-text\"> &#8220;Evento 24 de mar\u00e7o &#8211; &#8216;Direito \u00e0 Identidade: Problemas globais \u2013 Solu\u00e7\u00f5es no Brasil&#8217;&#8221;<\/span><\/a><\/div>\n","protected":false},"author":1,"featured_media":1147,"parent":645,"menu_order":4,"comment_status":"closed","ping_status":"closed","template":"template-full.php","meta":{"jetpack_post_was_ever_published":false,"footnotes":""},"class_list":["post-1277","page","type-page","status-publish","has-post-thumbnail","no-comments"],"jetpack_shortlink":"https:\/\/wp.me\/P59dNp-kB","jetpack_sharing_enabled":true,"_links":{"self":[{"href":"https:\/\/www.brazilbabyaffair.org\/pt-br\/wp-json\/wp\/v2\/pages\/1277","targetHints":{"allow":["GET"]}}],"collection":[{"href":"https:\/\/www.brazilbabyaffair.org\/pt-br\/wp-json\/wp\/v2\/pages"}],"about":[{"href":"https:\/\/www.brazilbabyaffair.org\/pt-br\/wp-json\/wp\/v2\/types\/page"}],"author":[{"embeddable":true,"href":"https:\/\/www.brazilbabyaffair.org\/pt-br\/wp-json\/wp\/v2\/users\/1"}],"replies":[{"embeddable":true,"href":"https:\/\/www.brazilbabyaffair.org\/pt-br\/wp-json\/wp\/v2\/comments?post=1277"}],"version-history":[{"count":10,"href":"https:\/\/www.brazilbabyaffair.org\/pt-br\/wp-json\/wp\/v2\/pages\/1277\/revisions"}],"predecessor-version":[{"id":1405,"href":"https:\/\/www.brazilbabyaffair.org\/pt-br\/wp-json\/wp\/v2\/pages\/1277\/revisions\/1405"}],"up":[{"embeddable":true,"href":"https:\/\/www.brazilbabyaffair.org\/pt-br\/wp-json\/wp\/v2\/pages\/645"}],"wp:featuredmedia":[{"embeddable":true,"href":"https:\/\/www.brazilbabyaffair.org\/pt-br\/wp-json\/wp\/v2\/media\/1147"}],"wp:attachment":[{"href":"https:\/\/www.brazilbabyaffair.org\/pt-br\/wp-json\/wp\/v2\/media?parent=1277"}],"curies":[{"name":"wp","href":"https:\/\/api.w.org\/{rel}","templated":true}]}}