{"id":1283,"date":"2014-11-06T20:52:09","date_gmt":"2014-11-06T19:52:09","guid":{"rendered":"http:\/\/www.brazilbabyaffair.org\/?page_id=1283"},"modified":"2015-03-17T16:17:00","modified_gmt":"2015-03-17T15:17:00","slug":"o-trafico-de-criancas-com-a-ajuda-do-estado","status":"publish","type":"page","link":"https:\/\/www.brazilbabyaffair.org\/pt-br\/publicacoes-recursos\/midia\/bba-na-midia\/o-trafico-de-criancas-com-a-ajuda-do-estado\/","title":{"rendered":"\u2018Tr\u00e1fico de crian\u00e7as com a ajuda do Estado\u2019"},"content":{"rendered":"<p><strong>V\u00edtima de caso ado\u00e7\u00e3o ilegal quer ir \u00e0 tribunal<\/strong><\/p>\n<h2>\u2018Tr\u00e1fico de crian\u00e7as com a ajuda do Estado\u2019<\/h2>\n<p><em>Esther Wemmers<\/em><br \/>\n<strong>Amsterd\u00e3 &#8211; Uma v\u00edtima de um  esc\u00e2ndalo de ado\u00e7\u00e3o ilegal em larga escala da d\u00e9cada de 80 quer entrar com uma a\u00e7\u00e3o uma a\u00e7\u00e3o contra o Estado dos Pa\u00edses Baixos por causa da corresponsabilidade no tr\u00e1fico de crian\u00e7as e por priva\u00e7\u00e3o da origem. <\/strong><\/p>\n<p>No in\u00edcio da d\u00e9cada de 80 em grande escala, casais holandeses para evitar em longas listas de espera de ado\u00e7\u00e3o, fingiram uma gravidez com uma almofada debaixo do vestido quando entraram no avi\u00e3o rumo ao Brasil. Uma vez no pa\u00eds, receberam, com ajuda de intermedi\u00e1rios, um beb\u00ea que os casais, ent\u00e3o,  registraram como seu filho biol\u00f3gico por meio de documentos falsificados. Dessa forma, dentro de um curto per\u00edodo curto de tempo, entraram dezenas  de meninos adotados do Brasil ilegalmente em nosso pa\u00eds.<\/p>\n<p>Como, em geral, faltavam documentos oficiais e declara\u00e7\u00f5es de abandono  para muitos desses meninos \u00e9 quase imposs\u00edvel rastrear suas ra\u00edzes. \u201cFinalmente consegui encontrar minha m\u00e3e verdadeira. Isto durou mais de dez anos e custou 120.000 euros\u201d, conta Patrick Noordoven (34), que quer com a ajuda do escrit\u00f3rio de advogados Prakken d\u2019Oliveira instaurar processo para ser indenizado pelos danos materiais e imateriais resultantes da ado\u00e7\u00e3o ilegal.<\/p>\n<h3>Falsas Testemunhas<\/h3>\n<p><strong>\u201cIntermedi\u00e1rios holandeses  apareceram como falsas testemunhas. Tamb\u00e9m se sabe que funcion\u00e1rios holandeses do servi\u00e7o diplom\u00e1tico participaram nessas pr\u00e1ticas ilegais.\u201d conta Patrick. Por exemplo,  um jurista holand\u00eas  emitiu  dezenas de documentos falsificados seguindo \u00e0s ordens da embaixada e do consulado. Mas quase ningu\u00e9m foi perseguido juridicamente por ser suspeito de co-participa\u00e7\u00e3o em dissimular a origem. <\/strong><\/p>\n<p>\u201cComo \u00e9 poss\u00edvel que todas essas pessoas que colaboraram nessas pr\u00e1ticas de ado\u00e7\u00e3o ilegal ficarem impunes? Por meio de um julgamento, quero, entre outros, receber uma resposta \u00e0 esta pergunta. N\u00e3o desejo \u00e0 ningu\u00e9m o que a aconteceu comigo, que n\u00e3o recebi quase nenhuma informa\u00e7\u00e3o nem ajuda e que ningu\u00e9m tomou realmente a s\u00e9rio meu direito \u00e0 identidade.*<\/p>\n<p>A advogada Brechtje Vossenberg de Prakken d\u2019Oliveira confirma que no momento est\u00e1 investigando se est\u00e1 (esteve) em quest\u00e3o que ao Estado holand\u00eas podem ser atribu\u00eddas atividades ileg\u00edtimas. \u201c\u00c9 dever do Estado holand\u00eas garantir o direito \u00e0 identidade de seus cidad\u00e3os, tal como o direito que tem qualquer pessoa de saber as suas origens.\u201d<\/p>\n<p>&nbsp;<\/p>\n<p><strong><em>Foto: Patrick Noordoven observa quando o exame de DNA \u00e9 tomado de uma de suas irm\u00e3s. \u201cEu finalmente consegui encontrar minha m\u00e3e biol\u00f3gica. Mas isso me levou mais de dez anos e 120.000 Euros.\u201d<\/em><\/strong><\/p>\n<p><a href=\"http:\/\/www.brazilbabyaffair.org\/wp-content\/uploads\/2014\/10\/TelegraafArtikel_141031.pdf\"><img loading=\"lazy\" decoding=\"async\" width=\"622\" height=\"511\" class=\"alignright size-full wp-image-702\" src=\"http:\/\/www.brazilbabyaffair.org\/wp-content\/uploads\/2014\/08\/Telegraaf141031.png\" alt=\"Telegraaf141031\" srcset=\"https:\/\/www.brazilbabyaffair.org\/wp-content\/uploads\/2014\/08\/Telegraaf141031.png 622w, https:\/\/www.brazilbabyaffair.org\/wp-content\/uploads\/2014\/08\/Telegraaf141031-300x246.png 300w\" sizes=\"auto, (max-width: 622px) 100vw, 622px\" \/><\/a><\/p>\n","protected":false},"excerpt":{"rendered":"<p>V\u00edtima de caso ado\u00e7\u00e3o ilegal quer ir \u00e0 tribunal \u2018Tr\u00e1fico de crian\u00e7as com a ajuda do Estado\u2019 Esther Wemmers Amsterd\u00e3 &#8211; Uma v\u00edtima de um esc\u00e2ndalo de ado\u00e7\u00e3o ilegal em larga escala da d\u00e9cada de 80 quer entrar com uma a\u00e7\u00e3o uma a\u00e7\u00e3o contra o Estado dos Pa\u00edses Baixos por causa da corresponsabilidade no tr\u00e1fico &hellip; <\/p>\n<div class=\"more-link-wrapper\"><a href=\"https:\/\/www.brazilbabyaffair.org\/pt-br\/publicacoes-recursos\/midia\/bba-na-midia\/o-trafico-de-criancas-com-a-ajuda-do-estado\/\" class=\"more-link\">Continue reading<span class=\"screen-reader-text\"> &#8220;\u2018Tr\u00e1fico de crian\u00e7as com a ajuda do Estado\u2019&#8221;<\/span><\/a><\/div>\n","protected":false},"author":1,"featured_media":0,"parent":748,"menu_order":0,"comment_status":"closed","ping_status":"closed","template":"","meta":{"jetpack_post_was_ever_published":false,"footnotes":""},"class_list":["post-1283","page","type-page","status-publish","no-comments"],"jetpack_shortlink":"https:\/\/wp.me\/P59dNp-kH","jetpack_sharing_enabled":true,"_links":{"self":[{"href":"https:\/\/www.brazilbabyaffair.org\/pt-br\/wp-json\/wp\/v2\/pages\/1283","targetHints":{"allow":["GET"]}}],"collection":[{"href":"https:\/\/www.brazilbabyaffair.org\/pt-br\/wp-json\/wp\/v2\/pages"}],"about":[{"href":"https:\/\/www.brazilbabyaffair.org\/pt-br\/wp-json\/wp\/v2\/types\/page"}],"author":[{"embeddable":true,"href":"https:\/\/www.brazilbabyaffair.org\/pt-br\/wp-json\/wp\/v2\/users\/1"}],"replies":[{"embeddable":true,"href":"https:\/\/www.brazilbabyaffair.org\/pt-br\/wp-json\/wp\/v2\/comments?post=1283"}],"version-history":[{"count":4,"href":"https:\/\/www.brazilbabyaffair.org\/pt-br\/wp-json\/wp\/v2\/pages\/1283\/revisions"}],"predecessor-version":[{"id":1295,"href":"https:\/\/www.brazilbabyaffair.org\/pt-br\/wp-json\/wp\/v2\/pages\/1283\/revisions\/1295"}],"up":[{"embeddable":true,"href":"https:\/\/www.brazilbabyaffair.org\/pt-br\/wp-json\/wp\/v2\/pages\/748"}],"wp:attachment":[{"href":"https:\/\/www.brazilbabyaffair.org\/pt-br\/wp-json\/wp\/v2\/media?parent=1283"}],"curies":[{"name":"wp","href":"https:\/\/api.w.org\/{rel}","templated":true}]}}