{"id":1441,"date":"2015-05-13T13:39:43","date_gmt":"2015-05-13T11:39:43","guid":{"rendered":"http:\/\/www.brazilbabyaffair.org\/?page_id=1441"},"modified":"2021-12-27T13:01:46","modified_gmt":"2021-12-27T12:01:46","slug":"charlotte","status":"publish","type":"page","link":"https:\/\/www.brazilbabyaffair.org\/pt-br\/casos\/casos-resolvidos\/charlotte\/","title":{"rendered":"Charlotte"},"content":{"rendered":"<p><a href=\"#introduction\">Introdu\u00e7\u00e3o<\/a><br \/>\n<a href=\"#factsfigures\">Fatos e n\u00fameros<\/a><\/p>\n<hr \/>\n<p><a name=\"introduction\"><\/a><\/p>\n<h4>Introdu\u00e7\u00e3o<\/h4>\n<p><img loading=\"lazy\" decoding=\"async\" width=\"187\" height=\"300\" class=\"alignright size-medium wp-image-1366\" src=\"http:\/\/www.brazilbabyaffair.org\/wp-content\/uploads\/2015\/05\/ProfilePhoto_Charlotte-187x300.jpg\" alt=\"ProfilePhoto_Charlotte\" srcset=\"https:\/\/www.brazilbabyaffair.org\/wp-content\/uploads\/2015\/05\/ProfilePhoto_Charlotte-187x300.jpg 187w, https:\/\/www.brazilbabyaffair.org\/wp-content\/uploads\/2015\/05\/ProfilePhoto_Charlotte.jpg 597w\" sizes=\"auto, (max-width: 187px) 100vw, 187px\" \/> Charlotte cresceu em um bairro de classe alta em Paris com seus pais adotivos. Ela teve uma inf\u00e2ncia dif\u00edcil, sua m\u00e3e \u00e9 bipolar e sue pai, alc\u00f3olico. Ela tinha curiosidade em saber mais sobre sua ado\u00e7\u00e3o no Brasil e come\u00e7ou a investigar quando tinha 14 anos. Disseram a ela que tinha sido achada na rua, mas ela n\u00e3o acreditou nessa hist\u00f3ria.<\/p>\n<p>O que ela descobriu ao buscar a verdade foi surpreendente: nenhum de seus pap\u00e9is da ado\u00e7\u00e3o &#8211; que eram guardados em segredo &#8211; fazia sentido, e suas perguntas sobre suas origens no Brasil permaneceram sem resposta. Foi muito dif\u00edcil para ela ser acusada de ingratid\u00e3o. As informa\u00e7\u00f5es em sua certid\u00e3o de nascimento eram inventadas para que ela fosse levada \u00e0 Fran\u00e7a e entregue a seus pais adotivos. Enquanto ela busca sua fam\u00edlia original, sente que falta uma parte de si mesma.<\/p>\n<p>Em 2012, Charlotte se mudou para o Brasil, onde rabalhou como professora de franc\u00eas e onde poderia procurar sua fam\u00edlia original mais efetivamente. Desde ent\u00e3o, ela come\u00e7ou diversos processos legais contra as partes respons\u00e1veis por sua ado\u00e7\u00e3o ilegal. Em 2017 ela conheceu sua fam\u00edlia materna e adotou seu nome original,\u00a0 Isabella.<\/p>\n<p>Isabella se preocupa com o direito \u00e0 identidade e apoiou outros que est\u00e3o em busca de suas fam\u00edlias por ter dividido sua experi\u00eancia de ter sido adotada ilegalmente em entrevistas e em debates sobre o assunto. Ela gosta da cultura brasileira, especialmente da m\u00fasica e do cinema.<\/p>\n<hr \/>\n<h4>Fatos e n\u00fameros<\/h4>\n<p>Charlotte \u00e9 o nome que os intermedi\u00e1rios de sua ado\u00e7\u00e3o ilegal lhe deram; seu nome original \u00e9 desconhecido. Ela nasceu no Brasil em <strong>1987<\/strong>; a informa\u00e7\u00e3o que ela tem indica que ela pode ter nascido na <strong>Maternidade S\u00e3o Paulo<\/strong>.<\/p>\n<p>A poss\u00edvel data de nascimento de Charlotte varia entre abril e maio de 1987.<\/p>\n<p>Sua declara\u00e7\u00e3o de nascimento falsa foi feita em nome de Maria das Dores Pinto da Mota e registrada no cart\u00f3rio de registro civil do Tucuruvi em S\u00e3o Paulo.<\/p>\n<h5>Testemunhas<\/h5>\n<p>Guiomar Morselli e Marisa Bueno Cabral<\/p>\n<h5>Intermedi\u00e1rios<\/h5>\n<p>Guiomar Morselli, gerente do Lar Da Crian\u00e7a Menino Jesus em S\u00e3o Paulo<\/p>\n<hr \/>\n","protected":false},"excerpt":{"rendered":"<p>Introdu\u00e7\u00e3o Fatos e n\u00fameros Introdu\u00e7\u00e3o Charlotte cresceu em um bairro de classe alta em Paris com seus pais adotivos. Ela teve uma inf\u00e2ncia dif\u00edcil, sua m\u00e3e \u00e9 bipolar e sue pai, alc\u00f3olico. Ela tinha curiosidade em saber mais sobre sua ado\u00e7\u00e3o no Brasil e come\u00e7ou a investigar quando tinha 14 anos. Disseram a ela que &hellip; <\/p>\n<div class=\"more-link-wrapper\"><a href=\"https:\/\/www.brazilbabyaffair.org\/pt-br\/casos\/casos-resolvidos\/charlotte\/\" class=\"more-link\">Continue reading<span class=\"screen-reader-text\"> &#8220;Charlotte&#8221;<\/span><\/a><\/div>\n","protected":false},"author":1,"featured_media":0,"parent":761,"menu_order":2,"comment_status":"closed","ping_status":"closed","template":"template-full.php","meta":{"jetpack_post_was_ever_published":false,"footnotes":""},"class_list":["post-1441","page","type-page","status-publish","no-comments"],"jetpack_shortlink":"https:\/\/wp.me\/P59dNp-nf","jetpack_sharing_enabled":true,"_links":{"self":[{"href":"https:\/\/www.brazilbabyaffair.org\/pt-br\/wp-json\/wp\/v2\/pages\/1441","targetHints":{"allow":["GET"]}}],"collection":[{"href":"https:\/\/www.brazilbabyaffair.org\/pt-br\/wp-json\/wp\/v2\/pages"}],"about":[{"href":"https:\/\/www.brazilbabyaffair.org\/pt-br\/wp-json\/wp\/v2\/types\/page"}],"author":[{"embeddable":true,"href":"https:\/\/www.brazilbabyaffair.org\/pt-br\/wp-json\/wp\/v2\/users\/1"}],"replies":[{"embeddable":true,"href":"https:\/\/www.brazilbabyaffair.org\/pt-br\/wp-json\/wp\/v2\/comments?post=1441"}],"version-history":[{"count":8,"href":"https:\/\/www.brazilbabyaffair.org\/pt-br\/wp-json\/wp\/v2\/pages\/1441\/revisions"}],"predecessor-version":[{"id":2829,"href":"https:\/\/www.brazilbabyaffair.org\/pt-br\/wp-json\/wp\/v2\/pages\/1441\/revisions\/2829"}],"up":[{"embeddable":true,"href":"https:\/\/www.brazilbabyaffair.org\/pt-br\/wp-json\/wp\/v2\/pages\/761"}],"wp:attachment":[{"href":"https:\/\/www.brazilbabyaffair.org\/pt-br\/wp-json\/wp\/v2\/media?parent=1441"}],"curies":[{"name":"wp","href":"https:\/\/api.w.org\/{rel}","templated":true}]}}