{"id":1504,"date":"2015-05-18T14:05:50","date_gmt":"2015-05-18T12:05:50","guid":{"rendered":"http:\/\/www.brazilbabyaffair.org\/?page_id=1504"},"modified":"2015-07-12T14:09:40","modified_gmt":"2015-07-12T12:09:40","slug":"entrevista-com-cathia-seeder","status":"publish","type":"page","link":"https:\/\/www.brazilbabyaffair.org\/pt-br\/publicacoes-recursos\/midia\/entrevista-com-cathia-seeder\/","title":{"rendered":"Entrevista com Cathia Seeder"},"content":{"rendered":"<p>Programa de reportagem de TV holandesa <em>\u201cAchter het Nieuws\u201d<\/em> de 22 de fevereiro de 1982 &#8211; Cathia Seeder d\u00e1 um vislumbre do procedimento de ado\u00e7\u00e3o ilegal e denuncia o envolvimento do Estado Holand\u00eas nos casos de ado\u00e7\u00e3o ilegal. Seeder confessa, posteriormente, ter sido uma \u201cc\u00famplice auxiliar\u201d para a priva\u00e7\u00e3o do direito \u00e0 identidade nos casos de ado\u00e7\u00e3o ilegal holandeses, alem\u00e3es, suecos e norte-americanos; <em>fonte: <a href=\"http:\/\/www.brazilbabyaffair.org\/wp-content\/uploads\/2014\/08\/AlgemeenPolitieblad-4February1984.pdf\">Relat\u00f3rio da Pol\u00edcia Holandesa 1984<\/a>.<\/em><\/p>\n<p><span class=\"embed-youtube\" style=\"text-align:center; display: block;\"><iframe loading=\"lazy\" class=\"youtube-player\" width=\"1080\" height=\"608\" src=\"https:\/\/www.youtube.com\/embed\/MK_esG93tuA?version=3&#038;rel=1&#038;showsearch=0&#038;showinfo=1&#038;iv_load_policy=1&#038;fs=1&#038;hl=pt-BR&#038;autohide=2&#038;wmode=transparent\" allowfullscreen=\"true\" style=\"border:0;\" sandbox=\"allow-scripts allow-same-origin allow-popups allow-presentation allow-popups-to-escape-sandbox\"><\/iframe><\/span><\/p>\n","protected":false},"excerpt":{"rendered":"<p>Programa de reportagem de TV holandesa \u201cAchter het Nieuws\u201d de 22 de fevereiro de 1982 &#8211; Cathia Seeder d\u00e1 um vislumbre do procedimento de ado\u00e7\u00e3o ilegal e denuncia o envolvimento do Estado Holand\u00eas nos casos de ado\u00e7\u00e3o ilegal. Seeder confessa, posteriormente, ter sido uma \u201cc\u00famplice auxiliar\u201d para a priva\u00e7\u00e3o do direito \u00e0 identidade nos casos &hellip; <\/p>\n<div class=\"more-link-wrapper\"><a href=\"https:\/\/www.brazilbabyaffair.org\/pt-br\/publicacoes-recursos\/midia\/entrevista-com-cathia-seeder\/\" class=\"more-link\">Continue reading<span class=\"screen-reader-text\"> &#8220;Entrevista com Cathia Seeder&#8221;<\/span><\/a><\/div>\n","protected":false},"author":1,"featured_media":0,"parent":746,"menu_order":3,"comment_status":"closed","ping_status":"closed","template":"","meta":{"jetpack_post_was_ever_published":false,"footnotes":""},"class_list":["post-1504","page","type-page","status-publish","no-comments"],"jetpack_shortlink":"https:\/\/wp.me\/P59dNp-og","jetpack_sharing_enabled":true,"_links":{"self":[{"href":"https:\/\/www.brazilbabyaffair.org\/pt-br\/wp-json\/wp\/v2\/pages\/1504","targetHints":{"allow":["GET"]}}],"collection":[{"href":"https:\/\/www.brazilbabyaffair.org\/pt-br\/wp-json\/wp\/v2\/pages"}],"about":[{"href":"https:\/\/www.brazilbabyaffair.org\/pt-br\/wp-json\/wp\/v2\/types\/page"}],"author":[{"embeddable":true,"href":"https:\/\/www.brazilbabyaffair.org\/pt-br\/wp-json\/wp\/v2\/users\/1"}],"replies":[{"embeddable":true,"href":"https:\/\/www.brazilbabyaffair.org\/pt-br\/wp-json\/wp\/v2\/comments?post=1504"}],"version-history":[{"count":1,"href":"https:\/\/www.brazilbabyaffair.org\/pt-br\/wp-json\/wp\/v2\/pages\/1504\/revisions"}],"predecessor-version":[{"id":1505,"href":"https:\/\/www.brazilbabyaffair.org\/pt-br\/wp-json\/wp\/v2\/pages\/1504\/revisions\/1505"}],"up":[{"embeddable":true,"href":"https:\/\/www.brazilbabyaffair.org\/pt-br\/wp-json\/wp\/v2\/pages\/746"}],"wp:attachment":[{"href":"https:\/\/www.brazilbabyaffair.org\/pt-br\/wp-json\/wp\/v2\/media?parent=1504"}],"curies":[{"name":"wp","href":"https:\/\/api.w.org\/{rel}","templated":true}]}}