{"id":558,"date":"2014-08-03T16:28:13","date_gmt":"2014-08-03T14:28:13","guid":{"rendered":"http:\/\/www.brazilbabyaffair.org\/?page_id=558"},"modified":"2014-11-01T20:17:30","modified_gmt":"2014-11-01T19:17:30","slug":"sobre","status":"publish","type":"page","link":"https:\/\/www.brazilbabyaffair.org\/pt-br\/sobre\/","title":{"rendered":"Sobre"},"content":{"rendered":"<p>A Organiza\u00e7\u00e3o N\u00e3o-Governamental (ONG) Brazil Baby Affair foi fundada para dar apoio a todos os brasileiros ao redor do mundo &#8211; e suas fam\u00edlias originais &#8211; que foram privadas de seu direito humano \u00e0 identidade pela ado\u00e7\u00e3o ilegal e que est\u00e3o em busca de suas fam\u00edlias biol\u00f3gicas.<\/p>\n<p>A Brazil Baby Affair toma uma posi\u00e7\u00e3o ao encorajar todas as v\u00edtimas a reivindicar seu direito humano \u00e0 identidade confrontando as partes respons\u00e1veis pelas ado\u00e7\u00f5es ilegais, tanto no Brasil quanto no estrangeiro. A Brazil Baby Affair age de forma a resolver problemas e a coopera\u00e7\u00e3o abrangente e incondicional ser\u00e1 exigida para ajudar as v\u00edtimas a ter acesso aos seus direitos de identidade exigindo-lo daqueles que s\u00e3o respons\u00e1veis por garantir estes direitos humanos. Esta abordagem inclui responsabilizar legalmente as partes que devem prestar contas para que as v\u00edtimas tenham posse de seus direitos humanos \u00e0 identidade.<\/p>\n","protected":false},"excerpt":{"rendered":"<p>A Organiza\u00e7\u00e3o N\u00e3o-Governamental (ONG) Brazil Baby Affair foi fundada para dar apoio a todos os brasileiros ao redor do mundo &#8211; e suas fam\u00edlias originais &#8211; que foram privadas de seu direito humano \u00e0 identidade pela ado\u00e7\u00e3o ilegal e que est\u00e3o em busca de suas fam\u00edlias biol\u00f3gicas. A Brazil Baby Affair toma uma posi\u00e7\u00e3o ao &hellip; <\/p>\n<div class=\"more-link-wrapper\"><a href=\"https:\/\/www.brazilbabyaffair.org\/pt-br\/sobre\/\" class=\"more-link\">Continue reading<span class=\"screen-reader-text\"> &#8220;Sobre&#8221;<\/span><\/a><\/div>\n","protected":false},"author":1,"featured_media":0,"parent":0,"menu_order":0,"comment_status":"closed","ping_status":"closed","template":"","meta":{"jetpack_post_was_ever_published":false,"footnotes":""},"class_list":["post-558","page","type-page","status-publish","no-comments"],"jetpack_shortlink":"https:\/\/wp.me\/P59dNp-90","jetpack_sharing_enabled":false,"_links":{"self":[{"href":"https:\/\/www.brazilbabyaffair.org\/pt-br\/wp-json\/wp\/v2\/pages\/558","targetHints":{"allow":["GET"]}}],"collection":[{"href":"https:\/\/www.brazilbabyaffair.org\/pt-br\/wp-json\/wp\/v2\/pages"}],"about":[{"href":"https:\/\/www.brazilbabyaffair.org\/pt-br\/wp-json\/wp\/v2\/types\/page"}],"author":[{"embeddable":true,"href":"https:\/\/www.brazilbabyaffair.org\/pt-br\/wp-json\/wp\/v2\/users\/1"}],"replies":[{"embeddable":true,"href":"https:\/\/www.brazilbabyaffair.org\/pt-br\/wp-json\/wp\/v2\/comments?post=558"}],"version-history":[{"count":1,"href":"https:\/\/www.brazilbabyaffair.org\/pt-br\/wp-json\/wp\/v2\/pages\/558\/revisions"}],"predecessor-version":[{"id":559,"href":"https:\/\/www.brazilbabyaffair.org\/pt-br\/wp-json\/wp\/v2\/pages\/558\/revisions\/559"}],"wp:attachment":[{"href":"https:\/\/www.brazilbabyaffair.org\/pt-br\/wp-json\/wp\/v2\/media?parent=558"}],"curies":[{"name":"wp","href":"https:\/\/api.w.org\/{rel}","templated":true}]}}