{"id":606,"date":"2014-08-16T20:14:19","date_gmt":"2014-08-16T18:14:19","guid":{"rendered":"http:\/\/www.brazilbabyaffair.org\/?page_id=606"},"modified":"2021-12-27T16:53:20","modified_gmt":"2021-12-27T15:53:20","slug":"rastreamento","status":"publish","type":"page","link":"https:\/\/www.brazilbabyaffair.org\/pt-br\/rastreamento\/","title":{"rendered":"Rastreamento"},"content":{"rendered":"<p>Desde o final de 2019, n\u00e3o oferecemos mais assist\u00eancia para rastreamento de fam\u00edlia.<\/p>\n<hr \/>\n","protected":false},"excerpt":{"rendered":"<p>Desde o final de 2019, n\u00e3o oferecemos mais assist\u00eancia para rastreamento de fam\u00edlia.<\/p>\n","protected":false},"author":1,"featured_media":0,"parent":0,"menu_order":0,"comment_status":"closed","ping_status":"closed","template":"template-full.php","meta":{"jetpack_post_was_ever_published":false,"footnotes":""},"class_list":["post-606","page","type-page","status-publish","no-comments"],"jetpack_shortlink":"https:\/\/wp.me\/P59dNp-9M","jetpack_sharing_enabled":false,"_links":{"self":[{"href":"https:\/\/www.brazilbabyaffair.org\/pt-br\/wp-json\/wp\/v2\/pages\/606","targetHints":{"allow":["GET"]}}],"collection":[{"href":"https:\/\/www.brazilbabyaffair.org\/pt-br\/wp-json\/wp\/v2\/pages"}],"about":[{"href":"https:\/\/www.brazilbabyaffair.org\/pt-br\/wp-json\/wp\/v2\/types\/page"}],"author":[{"embeddable":true,"href":"https:\/\/www.brazilbabyaffair.org\/pt-br\/wp-json\/wp\/v2\/users\/1"}],"replies":[{"embeddable":true,"href":"https:\/\/www.brazilbabyaffair.org\/pt-br\/wp-json\/wp\/v2\/comments?post=606"}],"version-history":[{"count":2,"href":"https:\/\/www.brazilbabyaffair.org\/pt-br\/wp-json\/wp\/v2\/pages\/606\/revisions"}],"predecessor-version":[{"id":2853,"href":"https:\/\/www.brazilbabyaffair.org\/pt-br\/wp-json\/wp\/v2\/pages\/606\/revisions\/2853"}],"wp:attachment":[{"href":"https:\/\/www.brazilbabyaffair.org\/pt-br\/wp-json\/wp\/v2\/media?parent=606"}],"curies":[{"name":"wp","href":"https:\/\/api.w.org\/{rel}","templated":true}]}}