{"id":609,"date":"2014-08-16T20:15:37","date_gmt":"2014-08-16T18:15:37","guid":{"rendered":"http:\/\/www.brazilbabyaffair.org\/?page_id=609"},"modified":"2021-12-27T12:52:40","modified_gmt":"2021-12-27T11:52:40","slug":"no-brasil","status":"publish","type":"page","link":"https:\/\/www.brazilbabyaffair.org\/pt-br\/rastreamento\/no-brasil\/","title":{"rendered":"No Brasil"},"content":{"rendered":"<p>Desde 2020, pessoas adotadas do Brasil podem <a href=\"https:\/\/www.justica.gov.br\/sua-protecao\/cooperacao-internacional\/adocao-internacional\/direito-a-origem\" target=\"_blank\" rel=\"noopener\">solicitar assist\u00eancia<\/a> atrav\u00e9s do minist\u00e9rio da justi\u00e7a brasileiro.<\/p>\n<hr \/>\n","protected":false},"excerpt":{"rendered":"<p>Desde 2020, pessoas adotadas do Brasil podem solicitar assist\u00eancia atrav\u00e9s do minist\u00e9rio da justi\u00e7a brasileiro.<\/p>\n","protected":false},"author":1,"featured_media":0,"parent":606,"menu_order":0,"comment_status":"closed","ping_status":"closed","template":"template-full.php","meta":{"jetpack_post_was_ever_published":false,"footnotes":""},"class_list":["post-609","page","type-page","status-publish","no-comments"],"jetpack_shortlink":"https:\/\/wp.me\/P59dNp-9P","jetpack_sharing_enabled":false,"_links":{"self":[{"href":"https:\/\/www.brazilbabyaffair.org\/pt-br\/wp-json\/wp\/v2\/pages\/609","targetHints":{"allow":["GET"]}}],"collection":[{"href":"https:\/\/www.brazilbabyaffair.org\/pt-br\/wp-json\/wp\/v2\/pages"}],"about":[{"href":"https:\/\/www.brazilbabyaffair.org\/pt-br\/wp-json\/wp\/v2\/types\/page"}],"author":[{"embeddable":true,"href":"https:\/\/www.brazilbabyaffair.org\/pt-br\/wp-json\/wp\/v2\/users\/1"}],"replies":[{"embeddable":true,"href":"https:\/\/www.brazilbabyaffair.org\/pt-br\/wp-json\/wp\/v2\/comments?post=609"}],"version-history":[{"count":7,"href":"https:\/\/www.brazilbabyaffair.org\/pt-br\/wp-json\/wp\/v2\/pages\/609\/revisions"}],"predecessor-version":[{"id":2821,"href":"https:\/\/www.brazilbabyaffair.org\/pt-br\/wp-json\/wp\/v2\/pages\/609\/revisions\/2821"}],"up":[{"embeddable":true,"href":"https:\/\/www.brazilbabyaffair.org\/pt-br\/wp-json\/wp\/v2\/pages\/606"}],"wp:attachment":[{"href":"https:\/\/www.brazilbabyaffair.org\/pt-br\/wp-json\/wp\/v2\/media?parent=609"}],"curies":[{"name":"wp","href":"https:\/\/api.w.org\/{rel}","templated":true}]}}