{"id":623,"date":"2014-08-16T20:00:57","date_gmt":"2014-08-16T18:00:57","guid":{"rendered":"http:\/\/www.brazilbabyaffair.org\/?page_id=623"},"modified":"2021-12-27T16:49:03","modified_gmt":"2021-12-27T15:49:03","slug":"ong","status":"publish","type":"page","link":"https:\/\/www.brazilbabyaffair.org\/pt-br\/sobre\/ong\/","title":{"rendered":"A ONG"},"content":{"rendered":"<p>A Brazil Baby Affair \u00e9 uma Organiza\u00e7\u00e3o N\u00e3o-Governamental e uma Organiza\u00e7\u00e3o Sem Fins Lucrativos fundada em 2014. O escrit\u00f3rio principal da organiza\u00e7\u00e3o foi registrado em Zurique, Sui\u00e7a. A ONG trabalhou com uma equipe de especialistas dedicados e tem parcerias com diversos pa\u00edses ao redor do mundo. Em 2019, a ONG se tornou um portal de informa\u00e7\u00e3o com foco no compartilhamento de informa\u00e7\u00f5es sobre pesquisa e advocacia em rela\u00e7\u00e3o ao direito \u00e0 identidade e acesso \u00e0s origens.<\/p>\n<p>A justificativa para fundar a ONG Brazil Baby Affair est\u00e1 enraizada na <a href=\"http:\/\/www.ohchr.org\/en\/professionalinterest\/pages\/crc.aspx\" target=\"_blank\" rel=\"noopener\"><em>Conven\u00e7\u00e3o das Na\u00e7\u00f5es Unidas sobre os Direitos da Crian\u00e7a<\/em><\/a> e na <a href=\"http:\/\/human-rights-convention.org\" target=\"_blank\" rel=\"noopener\"><em>Conven\u00e7\u00e3o Europ\u00e9ia dos Direitos Humanos<\/em><\/a>. Estas conven\u00e7\u00f5es de direitos humanos internacionais salvaguardam os direitos humanos que cada pessoa tem de saber a sua origem e identidade.<\/p>\n<p>Apesar da exist\u00eancia de uma conven\u00e7\u00e3o que declara que saber a sua pr\u00f3pria origem e identidade \u00e9 um direito humano, da qual o Brasil e todos os pa\u00edses receptores de Ado\u00e7\u00f5es Internacionais ilegais do Brasil est\u00e3o comprometidos, os direitos dos pais originais e de seus filhos adotados ilegalmente permaneceram direitos sem significado, na maioria dos casos at\u00e9 1999.<\/p>\n<p>Em 1999, o Brasil ratificou a <a href=\"http:\/\/www.hcch.net\/index_en.php?act=conventions.text&amp;cid=69\" target=\"_blank\" rel=\"noopener\"><em>Conven\u00e7\u00e3o relativa \u00e0 Prote\u00e7\u00e3o das Crian\u00e7as e \u00e0 Coopera\u00e7\u00e3o em mat\u00e9ria de Ado\u00e7\u00e3o Internacional<\/em><\/a>, que criou uma estrutura legal e obrigat\u00f3ria de responsabilidades compartilhadas para o pa\u00eds de origem e os pa\u00edses receptores. A conven\u00e7\u00e3o permitiu um melhor controle do processo de ado\u00e7\u00e3o e esquematizou compet\u00eancias definitivas e presta\u00e7\u00e3o de contas \u00e0s autoridades centrais que lidam com a Ado\u00e7\u00e3o Internacional.<\/p>\n<p>Nos casos de ado\u00e7\u00e3o ilegal do Brasil anteriores a 1999, nos quais os rec\u00e9m-nascidos foram privados intencionalmente do seu direito de identidade, n\u00e3o havia m\u00e9todos claros para a resolu\u00e7\u00e3o e presta\u00e7\u00e3o de contas \u00e0s autoridades respons\u00e1veis.<\/p>\n<p>O foco principal da ONG Brazil Baby Affair s\u00e3o os brasileiros que foram privados de sua identidade antes de 1999 e que foram registrados como filhos biol\u00f3gicos de um casal estrangeiro. Estes brasileiros foram registrados oficialmente, como beb\u00eas nascidos no Brasil de pais estrangeiros, ambos no Brasil e no pa\u00eds de origem dos pais. Como resultados, eles n\u00e3o t\u00eam acesso ao seu direito \u00e0 identidade. A ONG Brazil Baby Affair aspira contribuir para a reivindica\u00e7\u00e3o de seu direito humano \u00e0 identidade.<\/p>\n","protected":false},"excerpt":{"rendered":"<p>A Brazil Baby Affair \u00e9 uma Organiza\u00e7\u00e3o N\u00e3o-Governamental e uma Organiza\u00e7\u00e3o Sem Fins Lucrativos fundada em 2014. O escrit\u00f3rio principal da organiza\u00e7\u00e3o foi registrado em Zurique, Sui\u00e7a. A ONG trabalhou com uma equipe de especialistas dedicados e tem parcerias com diversos pa\u00edses ao redor do mundo. Em 2019, a ONG se tornou um portal de &hellip; <\/p>\n<div class=\"more-link-wrapper\"><a href=\"https:\/\/www.brazilbabyaffair.org\/pt-br\/sobre\/ong\/\" class=\"more-link\">Continue reading<span class=\"screen-reader-text\"> &#8220;A ONG&#8221;<\/span><\/a><\/div>\n","protected":false},"author":1,"featured_media":0,"parent":558,"menu_order":1,"comment_status":"closed","ping_status":"closed","template":"","meta":{"jetpack_post_was_ever_published":false,"footnotes":""},"class_list":["post-623","page","type-page","status-publish","no-comments"],"jetpack_shortlink":"https:\/\/wp.me\/P59dNp-a3","jetpack_sharing_enabled":false,"_links":{"self":[{"href":"https:\/\/www.brazilbabyaffair.org\/pt-br\/wp-json\/wp\/v2\/pages\/623","targetHints":{"allow":["GET"]}}],"collection":[{"href":"https:\/\/www.brazilbabyaffair.org\/pt-br\/wp-json\/wp\/v2\/pages"}],"about":[{"href":"https:\/\/www.brazilbabyaffair.org\/pt-br\/wp-json\/wp\/v2\/types\/page"}],"author":[{"embeddable":true,"href":"https:\/\/www.brazilbabyaffair.org\/pt-br\/wp-json\/wp\/v2\/users\/1"}],"replies":[{"embeddable":true,"href":"https:\/\/www.brazilbabyaffair.org\/pt-br\/wp-json\/wp\/v2\/comments?post=623"}],"version-history":[{"count":4,"href":"https:\/\/www.brazilbabyaffair.org\/pt-br\/wp-json\/wp\/v2\/pages\/623\/revisions"}],"predecessor-version":[{"id":2851,"href":"https:\/\/www.brazilbabyaffair.org\/pt-br\/wp-json\/wp\/v2\/pages\/623\/revisions\/2851"}],"up":[{"embeddable":true,"href":"https:\/\/www.brazilbabyaffair.org\/pt-br\/wp-json\/wp\/v2\/pages\/558"}],"wp:attachment":[{"href":"https:\/\/www.brazilbabyaffair.org\/pt-br\/wp-json\/wp\/v2\/media?parent=623"}],"curies":[{"name":"wp","href":"https:\/\/api.w.org\/{rel}","templated":true}]}}