{"id":634,"date":"2014-08-17T13:35:08","date_gmt":"2014-08-17T11:35:08","guid":{"rendered":"http:\/\/www.brazilbabyaffair.org\/?page_id=634"},"modified":"2014-10-31T23:03:21","modified_gmt":"2014-10-31T21:03:21","slug":"visao","status":"publish","type":"page","link":"https:\/\/www.brazilbabyaffair.org\/pt-br\/sobre\/ong\/visao\/","title":{"rendered":"Vis\u00e3o"},"content":{"rendered":"<p>A vis\u00e3o da ONG Brazil Baby Affair consiste em abolir poss\u00edveis ocorr\u00eancias que privem o direito humano \u00e0 identidade a partir do falso registro de nascimento.<\/p>\n<p>Para atingir esta vis\u00e3o, a ONG Brazil Baby Affair esfor\u00e7a-se para evitar qualquer tipo de pr\u00e1tica de ado\u00e7\u00e3o ilegal a partir do reconhecimento do direito a uma certid\u00e3o de nascimento como o direito humano de um registro de nascimento. A ONG defende o direito a uma certid\u00e3o de nascimento, al\u00e9m de medidas que assegurem a autenticidade do registro.<\/p>\n","protected":false},"excerpt":{"rendered":"<p>A vis\u00e3o da ONG Brazil Baby Affair consiste em abolir poss\u00edveis ocorr\u00eancias que privem o direito humano \u00e0 identidade a partir do falso registro de nascimento. Para atingir esta vis\u00e3o, a ONG Brazil Baby Affair esfor\u00e7a-se para evitar qualquer tipo de pr\u00e1tica de ado\u00e7\u00e3o ilegal a partir do reconhecimento do direito a uma certid\u00e3o de &hellip; <\/p>\n<div class=\"more-link-wrapper\"><a href=\"https:\/\/www.brazilbabyaffair.org\/pt-br\/sobre\/ong\/visao\/\" class=\"more-link\">Continue reading<span class=\"screen-reader-text\"> &#8220;Vis\u00e3o&#8221;<\/span><\/a><\/div>\n","protected":false},"author":1,"featured_media":0,"parent":623,"menu_order":3,"comment_status":"closed","ping_status":"closed","template":"template-full.php","meta":{"jetpack_post_was_ever_published":false,"footnotes":""},"class_list":["post-634","page","type-page","status-publish","no-comments"],"jetpack_shortlink":"https:\/\/wp.me\/P59dNp-ae","jetpack_sharing_enabled":false,"_links":{"self":[{"href":"https:\/\/www.brazilbabyaffair.org\/pt-br\/wp-json\/wp\/v2\/pages\/634","targetHints":{"allow":["GET"]}}],"collection":[{"href":"https:\/\/www.brazilbabyaffair.org\/pt-br\/wp-json\/wp\/v2\/pages"}],"about":[{"href":"https:\/\/www.brazilbabyaffair.org\/pt-br\/wp-json\/wp\/v2\/types\/page"}],"author":[{"embeddable":true,"href":"https:\/\/www.brazilbabyaffair.org\/pt-br\/wp-json\/wp\/v2\/users\/1"}],"replies":[{"embeddable":true,"href":"https:\/\/www.brazilbabyaffair.org\/pt-br\/wp-json\/wp\/v2\/comments?post=634"}],"version-history":[{"count":2,"href":"https:\/\/www.brazilbabyaffair.org\/pt-br\/wp-json\/wp\/v2\/pages\/634\/revisions"}],"predecessor-version":[{"id":685,"href":"https:\/\/www.brazilbabyaffair.org\/pt-br\/wp-json\/wp\/v2\/pages\/634\/revisions\/685"}],"up":[{"embeddable":true,"href":"https:\/\/www.brazilbabyaffair.org\/pt-br\/wp-json\/wp\/v2\/pages\/623"}],"wp:attachment":[{"href":"https:\/\/www.brazilbabyaffair.org\/pt-br\/wp-json\/wp\/v2\/media?parent=634"}],"curies":[{"name":"wp","href":"https:\/\/api.w.org\/{rel}","templated":true}]}}