{"id":639,"date":"2014-09-19T16:43:07","date_gmt":"2014-09-19T14:43:07","guid":{"rendered":"http:\/\/www.brazilbabyaffair.org\/?page_id=639"},"modified":"2014-11-16T16:12:19","modified_gmt":"2014-11-16T15:12:19","slug":"haguetalk","status":"publish","type":"page","link":"https:\/\/www.brazilbabyaffair.org\/pt-br\/publicacoes-recursos\/palestras-apresentacoes\/hague-talks\/haguetalk\/","title":{"rendered":"Hague Talk \u2013 Patrick Noordoven \u2013 19 Setembro 2014"},"content":{"rendered":"<p><strong>Vou contar como fui privado do direito humano \u00e0 identidade e informar voc\u00eas sobre as consequ\u00eancias dessa viola\u00e7\u00e3o de direitos humanos.<\/strong><\/p>\n<p>Cresc\u00ed sem saber que fui privado do direito humano \u00e0 identidade mas durante o processo de minha \u201cado\u00e7\u00e3o\u201d <em>ilegal<\/em> no Brasil, pouco tempo depois do nascimento, minha identidade me foi tirada deliberadamente. N\u00e3o sou o \u00fanico afetado, isso aconteceu com muitos beb\u00eas no Brasil.<\/p>\n<p>No ano 1981 a pol\u00edcia holandesa iniciou uma investiga\u00e7\u00e3o criminal internacional de ado\u00e7\u00f5es interestaduais <em>ilegais<\/em> do Brasil. Estas investiga\u00e7\u00f5es \u2013 oficialmente conhecidas como <em>Brazil Baby Affair<\/em> \u2013 revelaram ado\u00e7\u00f5es <em>ilegais<\/em> do Brasil para v\u00e1rios pa\u00edses europeus e para os Estados Unidos. Resumidamente, o <em>Brazil Baby Affair<\/em> privou intencionalmente esses beb\u00eas do direito humano \u00e0 identidade, <em>sempre procedendo da mesma maneira no mesmo pa\u00eds no mesmo per\u00edodo de tempo<\/em>.<\/p>\n<p>Os resultados da investiga\u00e7\u00e3o na Holanda representam somente uma pequena parte do esc\u00e2ndalo, s\u00f3 exp\u00f5em um <em>exemplo<\/em>. Obviamente demostram que \u2013 ao menos \u2013 d\u00fazias de beb\u00e9s brasileiros foram adotados <em>ilegalmente<\/em>.<\/p>\n<p>Na maioria dos casos na Holanda, os pais adotivos confessaram-se culpados de a\u00e7\u00f5es que constitu\u00edram uma priva\u00e7\u00e3o do direito humano \u00e0 identidade porque registraram os beb\u00eas brasileiros como filhos biol\u00f3gicos deles. Algumas das m\u00e3es embarcaram no avi\u00e3o com barrigas falsas, fingindo estarem gr\u00e1vidas. Os demais ficaram pouco tempo no Brasil, fingindo o est\u00e1gio final de gravidez e que o beb\u00ea tivesse nascido durante f\u00e9rias no Brasil. Com o registro do beb\u00ea brasileiro como pr\u00f3prio beb\u00ea, eles extinguiram todas as refer\u00eancias \u00e0 identidade original do beb\u00e9.<\/p>\n<p>Saber que eu tinha sido adotado provocou em mim uma sensa\u00e7\u00e3o de ser truncado de uma parte de mim, das minhas ra\u00edzes. Primeiro n\u00e3o fiquei preocupado com o impacto que isso teria em mim porque sempre acreditei que podia buscar minhas ra\u00edzes no Brasil quando decidisse estar disposto a faze-lo. N\u00e3o estive at\u00e9 me tornar um jovem adulto, ent\u00e3o comecei com a busca e descobri que fui adotado <em>ilegalmente<\/em>. Nunca na vida tinha suspeitado disso.<\/p>\n<p>Ao completar 21 anos de idade, me tornei disposto a buscar minhas ra\u00edzes. Com a busca de minha identidade come\u00e7ou uma viagem que ia modificar toda a minha vida. Quando mostrei a meus pais adotivos o bilhete para o Brasil que tinha comprado, eles me disseram que n\u00e3o podia buscar a minha identidade porque n\u00e3o tinham informa\u00e7\u00f5es dispon\u00edveis.<\/p>\n<p>N\u00e3o obstante, retornei ao Brasil sem nenhuma informa\u00e7\u00e3o sobre minha identidade. Fiquei chocado quando descobri que a data de meu nascimento foi engendrada. Meus pais adotivos sempre esconderam essa <em>informa\u00e7\u00e3o determinante de identidade<\/em> at\u00e9 o momento que embarquei no avi\u00e3o. Depois de que me tinham contado que n\u00e3o existia nenhuma informa\u00e7\u00e3o sobre minha identidade original eles me disseram que n\u00e3o lograria nada com a minha busca porque at\u00e9 minha data de nascimento era falsa.<\/p>\n<p>Comecei a busca baseada numa <em>falsa<\/em> identidade porque meus pais adotivos me registraram oficialmente como <em>filho biol\u00f3gico<\/em> deles, tanto no Brasil como na Holanda, e n\u00e3o como <em>filho adotado<\/em>. A consequ\u00eancia disso era que eu n\u00e3o sabia <em>quando<\/em> e <em>onde<\/em> nasci, para j\u00e1 n\u00e3o falar de quem era minha m\u00e3e. O \u00fanico ind\u00edcio que tinha era o fato que devia ter nascido em S\u00e3o Paulo. Por isso comecei a buscar numa cidade com mais habitantes que toda a Holanda, sem qualquer tipo de informa\u00e7\u00e3o.<\/p>\n<p>N\u00e3o sou crente, mas estava sempre totalmente convencido de uma circunst\u00e2ncia particular que me levou permanentemente a continuar a busca. O que me impulsionou era o fato de que eu <em>n\u00e3o<\/em> tinha ca\u00eddo do c\u00e9u! Procurei uma agulha no palheiro, ainda sem saber <em>qual<\/em> palheiro devia procurar. Minha busca tratava de encontrar lugares de nascimento <em>poss\u00edveis<\/em>, de uma data de nascimento <em>incerta<\/em> como <em>data de nascimento poss\u00edvel<\/em> e o <em>peso de nascimento poss\u00edvel<\/em>. Voltei para o Brasil varias vezes para continuar a busca.<\/p>\n<p>Em 2010 comecei a perceber que as pessoas respons\u00e1veis por minha ado\u00e7\u00e3o ilegal me forneceram <em>permanentemente<\/em> <em>falsas informa\u00e7\u00f5es<\/em> sobre o que <em>supostamente<\/em> tinha acontecido. Durou mais que dez anos para juntar as pe\u00e7as da verdade e para desenvolver um c\u00e1lculo de que na <em>realidade<\/em> tinha acontecido. <strong>Mais que 10 anos!<\/strong> Quando finalmente cheguei no fim da busca, depois de haver procurado d\u00fazias de m\u00e3es poss\u00edveis, confrontando centenas de mulheres com o mesmo nome, me encontrei com a filha da \u00faltima m\u00e3e poss\u00edvel que sobrava das pessoas que estava buscando. Era muito dif\u00edcil encontr\u00e1-la mas quando a encontrei ela me contou que sua m\u00e3e tinha falecido no ano 1985. Ela sabia que deveria ter um irm\u00e3o mais novo do qual ningu\u00e9m sabia o que lhe tinha passado.<\/p>\n<p>A an\u00e1lise DNA confirmou inequivocamente que t\u00ednhamos a mesma m\u00e3e. <strong>Finalmente a tinha encontrado mas tarde demais.<\/strong><\/p>\n<p>Como consequ\u00eancia disso agora ainda tenho que procurar meu <em>pai<\/em>. Ningu\u00e9m sabe quem poderia ser, s\u00f3 minha <em>m\u00e3e<\/em> me poderia ter contado quem era com certeza. Ainda estou procurando meu pai e sua fam\u00edlia. Depois de buscar minha m\u00e3e falecida, passei dois anos de luto e reflex\u00e3o. Durante esta \u00e9poca finalmente entendi a natureza e as implica\u00e7\u00f5es de minha ado\u00e7\u00e3o ilegal. No ano passado fui capaz de come\u00e7ar com uma profunda reconstru\u00e7\u00e3o de minha ado\u00e7\u00e3o ilegal.<\/p>\n<p>Desde 2011 eu fui capaz de reconstruir minha identidade verdadeira e o que aconteceu depois de meu nascimento devido \u00e0s investiga\u00e7\u00f5es e entrevistas que fiz pessoalmente e por investiga\u00e7\u00f5es a n\u00edvel internacional. N\u00e3o s\u00f3 descobri o que aconteceu no meu caso mas o que tinha acontecido essencialmente e em geral nos outros casos que formam parte do Brazil Baby Affair \u2013 o nome oficial das investiga\u00e7\u00f5es policias da ado\u00e7\u00e3o ilegal no Brasil. Com 15 anos de experi\u00eancia, decidi que numerosas v\u00edtimas poderiam usar meu apoio. Com este prop\u00f3sito, eu fundei a ONG Brazil Baby Affair, que foi o nome das investiga\u00e7\u00f5es policiais oficiais \u00e0 respeito de ado\u00e7\u00f5es ilegais feitas no Brasil.<\/p>\n<p>Atrav\u00e9s da ONG continuarei <em>investigando<\/em> e come\u00e7arei a <em>informar<\/em> o mundo sobre o <em>Brazil Baby Affair<\/em>. <em>Consequentemente<\/em> vou aproveitar do empenho que j\u00e1 fiz durante a busca de minha identidade que ainda continua. <em>Por fim<\/em>, estou pondo <em>minhas experi\u00eancias de buscar minha fam\u00edlia<\/em> em pr\u00e1tica para ajudar outras pessoas de maneira construtiva para poder seguir \u00e0 diante.<\/p>\n","protected":false},"excerpt":{"rendered":"<p>Vou contar como fui privado do direito humano \u00e0 identidade e informar voc\u00eas sobre as consequ\u00eancias dessa viola\u00e7\u00e3o de direitos humanos. Cresc\u00ed sem saber que fui privado do direito humano \u00e0 identidade mas durante o processo de minha \u201cado\u00e7\u00e3o\u201d ilegal no Brasil, pouco tempo depois do nascimento, minha identidade me foi tirada deliberadamente. N\u00e3o sou &hellip; <\/p>\n<div class=\"more-link-wrapper\"><a href=\"https:\/\/www.brazilbabyaffair.org\/pt-br\/publicacoes-recursos\/palestras-apresentacoes\/hague-talks\/haguetalk\/\" class=\"more-link\">Continue reading<span class=\"screen-reader-text\"> &#8220;Hague Talk \u2013 Patrick Noordoven \u2013 19 Setembro 2014&#8221;<\/span><\/a><\/div>\n","protected":false},"author":1,"featured_media":0,"parent":928,"menu_order":0,"comment_status":"closed","ping_status":"closed","template":"template-full.php","meta":{"jetpack_post_was_ever_published":false,"footnotes":""},"class_list":["post-639","page","type-page","status-publish","no-comments"],"jetpack_shortlink":"https:\/\/wp.me\/P59dNp-aj","jetpack_sharing_enabled":true,"_links":{"self":[{"href":"https:\/\/www.brazilbabyaffair.org\/pt-br\/wp-json\/wp\/v2\/pages\/639","targetHints":{"allow":["GET"]}}],"collection":[{"href":"https:\/\/www.brazilbabyaffair.org\/pt-br\/wp-json\/wp\/v2\/pages"}],"about":[{"href":"https:\/\/www.brazilbabyaffair.org\/pt-br\/wp-json\/wp\/v2\/types\/page"}],"author":[{"embeddable":true,"href":"https:\/\/www.brazilbabyaffair.org\/pt-br\/wp-json\/wp\/v2\/users\/1"}],"replies":[{"embeddable":true,"href":"https:\/\/www.brazilbabyaffair.org\/pt-br\/wp-json\/wp\/v2\/comments?post=639"}],"version-history":[{"count":3,"href":"https:\/\/www.brazilbabyaffair.org\/pt-br\/wp-json\/wp\/v2\/pages\/639\/revisions"}],"predecessor-version":[{"id":794,"href":"https:\/\/www.brazilbabyaffair.org\/pt-br\/wp-json\/wp\/v2\/pages\/639\/revisions\/794"}],"up":[{"embeddable":true,"href":"https:\/\/www.brazilbabyaffair.org\/pt-br\/wp-json\/wp\/v2\/pages\/928"}],"wp:attachment":[{"href":"https:\/\/www.brazilbabyaffair.org\/pt-br\/wp-json\/wp\/v2\/media?parent=639"}],"curies":[{"name":"wp","href":"https:\/\/api.w.org\/{rel}","templated":true}]}}