{"id":642,"date":"2014-08-17T11:07:36","date_gmt":"2014-08-17T09:07:36","guid":{"rendered":"http:\/\/www.brazilbabyaffair.org\/?page_id=642"},"modified":"2014-11-08T13:37:37","modified_gmt":"2014-11-08T12:37:37","slug":"casos","status":"publish","type":"page","link":"https:\/\/www.brazilbabyaffair.org\/pt-br\/casos\/","title":{"rendered":"Casos"},"content":{"rendered":"<p>Esta se\u00e7\u00e3o \u00e9 dedicada a todos os casos relevantes para a ONG. Os casos mostrados aqui s\u00e3o divididos em dois: casos em andamento e casos resolvidos. A se\u00e7\u00e3o dos casos em andamento mostra apenas casos de rastreamento no Brasil. Casos de rastreamento fora do Brasil n\u00e3o s\u00e3o mostrados j\u00e1 que eles podem, potencial e efetivamente, resolvidos em um per\u00edodo de tempo relativamente curto, com alta precis\u00e3o na primeira inst\u00e2ncia, enquanto rastrear casos no Brasil representa empreendimentos muito demorados e altamente complexos com baixa precis\u00e3o na primeira inst\u00e2ncia.<\/p>\n<p>A principal explica\u00e7\u00e3o para a diferen\u00e7a entre rastrear casos no Brasil e fora dele est\u00e1 nos n\u00edveis de acessos para a fam\u00edlia original \u00e0 informa\u00e7\u00f5es cruciais sobre o nascimento, como a localiza\u00e7\u00e3o, data e hor\u00e1rio.<\/p>\n<p>V\u00edtimas nascidas no Brasil, que agora possuem uma nacionalidade estrangeira, em busca de suas fam\u00edlias originais no Brasil, mais provavelmente, n\u00e3o t\u00eam acesso \u00e0 nenhuma dessas informa\u00e7\u00f5es essenciais. Eles, portanto, beneficiar\u00e3o-se da exposi\u00e7\u00e3o de seus casos em nosso site. Desta forma, suas fam\u00edlias originais ser\u00e3o capazes de ver os casos em andamento da ONG para ver se seu membro familiar \u201cperdido\u201d est\u00e1 buscando por elas.<\/p>\n<hr \/>\n<h2>Casos em Andamento<\/h2>\n<h4 style=\"text-align:right;\">Louisa<\/h4>\n<p><img loading=\"lazy\" decoding=\"async\" class=\"alignright size-full wp-image-303\" src=\"http:\/\/www.brazilbabyaffair.org\/wp-content\/uploads\/2014\/08\/louisa-140830_250x250px.png\" alt=\"CaseLouisa\" width=\"250\" height=\"250\" srcset=\"https:\/\/www.brazilbabyaffair.org\/wp-content\/uploads\/2014\/08\/louisa-140830_250x250px.png 250w, https:\/\/www.brazilbabyaffair.org\/wp-content\/uploads\/2014\/08\/louisa-140830_250x250px-150x150.png 150w\" sizes=\"auto, (max-width: 250px) 100vw, 250px\" \/>Louisa cresceu em Hamburgo, numa fam\u00edlia com 5 irm\u00e3os; alguns deles tamb\u00e9m s\u00e3o adotados. Ela come\u00e7ou a pensar no Brasil quando tinha 14 anos de idade.<\/p>\n<p>Quando estava com cerca de 20 anos, Louisa come\u00e7ou a fazer suas primeiras perguntas \u00e0 respeito de suas origens brasileiras. Foi dif\u00edcil para ela n\u00e3o saber nada sobre suas origens. E ainda por cima, ela tinha que lidar com a falta de informa\u00e7\u00e3o dispon\u00edvel para a busca de sua fam\u00edlia original.<\/p>\n<p><em>Leia mais sobre este caso <a href=\"http:\/\/www.brazilbabyaffair.org\/pt-br\/casos\/casos-em-andamento\/louisa\/\" title=\"Louisa\">aqui<\/a>.<\/em><\/p>\n<hr \/>\n<h2>Casos Resolvidos<\/h2>\n<h4 style=\"text-align:right;\">Patrick<\/h4>\n<p><img loading=\"lazy\" decoding=\"async\" class=\"alignright size-full wp-image-308\" src=\"http:\/\/www.brazilbabyaffair.org\/wp-content\/uploads\/2014\/08\/patrick-250x250px.png\" alt=\"CasePatrick\" width=\"250\" height=\"250\" srcset=\"https:\/\/www.brazilbabyaffair.org\/wp-content\/uploads\/2014\/08\/patrick-250x250px.png 250w, https:\/\/www.brazilbabyaffair.org\/wp-content\/uploads\/2014\/08\/patrick-250x250px-150x150.png 150w\" sizes=\"auto, (max-width: 250px) 100vw, 250px\" \/>Patrick esteve buscando ativamente sua fam\u00edlia original desde 2001. Em 2011 ele rastreou sua fam\u00edlia materna com sucesso. Ele continua buscando sua fam\u00edlia paterna.<\/p>\n<p>Ele n\u00e3o teve nenhuma informa\u00e7\u00e3o sobre a data e localiza\u00e7\u00e3o de seu nascimento. Ele sabia que deveria ter nascido em S\u00e3o Paulo entre o fim de janeiro e o come\u00e7o de fevereiro de 1980.<\/p>\n<p><em>Leia os detalhes deste caso <strong><a href=\"http:\/\/www.brazilbabyaffair.org\/pt-br\/casos\/casos-resolvidos\/patrick\/\" title=\"Patrick\">aqui<\/a><\/strong>.<\/em><\/p>\n<p>&nbsp;<\/p>\n<hr \/>\n","protected":false},"excerpt":{"rendered":"<p>Esta se\u00e7\u00e3o \u00e9 dedicada a todos os casos relevantes para a ONG. Os casos mostrados aqui s\u00e3o divididos em dois: casos em andamento e casos resolvidos. A se\u00e7\u00e3o dos casos em andamento mostra apenas casos de rastreamento no Brasil. Casos de rastreamento fora do Brasil n\u00e3o s\u00e3o mostrados j\u00e1 que eles podem, potencial e efetivamente, &hellip; <\/p>\n<div class=\"more-link-wrapper\"><a href=\"https:\/\/www.brazilbabyaffair.org\/pt-br\/casos\/\" class=\"more-link\">Continue reading<span class=\"screen-reader-text\"> &#8220;Casos&#8221;<\/span><\/a><\/div>\n","protected":false},"author":1,"featured_media":0,"parent":0,"menu_order":0,"comment_status":"closed","ping_status":"closed","template":"template-full.php","meta":{"jetpack_post_was_ever_published":false,"footnotes":""},"class_list":["post-642","page","type-page","status-publish","no-comments"],"jetpack_shortlink":"https:\/\/wp.me\/P59dNp-am","jetpack_sharing_enabled":false,"_links":{"self":[{"href":"https:\/\/www.brazilbabyaffair.org\/pt-br\/wp-json\/wp\/v2\/pages\/642","targetHints":{"allow":["GET"]}}],"collection":[{"href":"https:\/\/www.brazilbabyaffair.org\/pt-br\/wp-json\/wp\/v2\/pages"}],"about":[{"href":"https:\/\/www.brazilbabyaffair.org\/pt-br\/wp-json\/wp\/v2\/types\/page"}],"author":[{"embeddable":true,"href":"https:\/\/www.brazilbabyaffair.org\/pt-br\/wp-json\/wp\/v2\/users\/1"}],"replies":[{"embeddable":true,"href":"https:\/\/www.brazilbabyaffair.org\/pt-br\/wp-json\/wp\/v2\/comments?post=642"}],"version-history":[{"count":5,"href":"https:\/\/www.brazilbabyaffair.org\/pt-br\/wp-json\/wp\/v2\/pages\/642\/revisions"}],"predecessor-version":[{"id":916,"href":"https:\/\/www.brazilbabyaffair.org\/pt-br\/wp-json\/wp\/v2\/pages\/642\/revisions\/916"}],"wp:attachment":[{"href":"https:\/\/www.brazilbabyaffair.org\/pt-br\/wp-json\/wp\/v2\/media?parent=642"}],"curies":[{"name":"wp","href":"https:\/\/api.w.org\/{rel}","templated":true}]}}