{"id":650,"date":"2014-08-10T14:54:49","date_gmt":"2014-08-10T12:54:49","guid":{"rendered":"http:\/\/www.brazilbabyaffair.org\/?page_id=650"},"modified":"2016-06-05T12:44:42","modified_gmt":"2016-06-05T10:44:42","slug":"equipe","status":"publish","type":"page","link":"https:\/\/www.brazilbabyaffair.org\/pt-br\/sobre\/equipe\/","title":{"rendered":"Equipe"},"content":{"rendered":"<p>A ONG Brazil Baby Affair \u00e9 composta por uma equipe de especialistas engajados sob a dire\u00e7\u00e3o da sua comiss\u00e3o diretora  e da lideran\u00e7a do seu gerente . A legitimidade e responsabilidade da equipe reside principalmente no apoio e reconhecimento das v\u00edtimas de ado\u00e7\u00e3o ilegal internacional provenientes do Brasil que recorreram \u00e0 assist\u00eancia da ONG.<\/p>\n<p>Os membros da equipe  contribuem para as atividades da ONG compartilhando suas experi\u00eancias  e seus conhecimentos valiosos  com o objetivo de avan\u00e7ar a miss\u00e3o e a vis\u00e3o da mesma.<\/p>\n<p>Como apresentado nos estatutos da ONG a comiss\u00e3o diretora tem tr\u00eas assentos e o gerente tem assento permanente na comiss\u00e3o diretora. A posi\u00e7\u00e3o do gerente deve ser sempre executada tendo em vista o melhor interesse de todas as v\u00edtimas, sendo ele tamb\u00e9m uma das v\u00edtimas Brasileiras dessa priva\u00e7\u00e3o do direito \u00e0 identidade como resultado da ado\u00e7\u00e3o ilegal internacional.<\/p>\n<p>Os membros do Conselho Consultivo s\u00e3o consultados pelos seus conhecimentos profissionais e sua compet\u00eancia na \u00e1rea da ado\u00e7\u00e3o internacional e dos direitos humanos.<\/p>\n<p>Esta colabora\u00e7\u00e3o visa atingir os resultados adequados em rela\u00e7\u00e3o aos objetivos em comum e interesses compartilhados com enfoque  na miss\u00e3o e vis\u00e3o da NGO Brazil Baby Affairs. Tais resultados incluem o interc\u00e2mbio ben\u00e9fico de rastreamento e pesquisas, assim como estudos de caso espec\u00edficos incluindo tamb\u00e9m procedimentos judiciais na \u00e1rea da ado\u00e7\u00e3o ilegal internacional. A Conven\u00e7\u00e3o das Na\u00e7\u00f5es Unidas sobre os Direitos da Crian\u00e7a \u00e9 a principal refer\u00eancia em todos os casos.<\/p>\n<p>A ONG n\u00e3o poderia alcan\u00e7ar seus objetivos sem o empenho dos membros da sua equipe.<\/p>\n","protected":false},"excerpt":{"rendered":"<p>A ONG Brazil Baby Affair \u00e9 composta por uma equipe de especialistas engajados sob a dire\u00e7\u00e3o da sua comiss\u00e3o diretora e da lideran\u00e7a do seu gerente . A legitimidade e responsabilidade da equipe reside principalmente no apoio e reconhecimento das v\u00edtimas de ado\u00e7\u00e3o ilegal internacional provenientes do Brasil que recorreram \u00e0 assist\u00eancia da ONG. Os &hellip; <\/p>\n<div class=\"more-link-wrapper\"><a href=\"https:\/\/www.brazilbabyaffair.org\/pt-br\/sobre\/equipe\/\" class=\"more-link\">Continue reading<span class=\"screen-reader-text\"> &#8220;Equipe&#8221;<\/span><\/a><\/div>\n","protected":false},"author":1,"featured_media":0,"parent":558,"menu_order":3,"comment_status":"closed","ping_status":"closed","template":"","meta":{"jetpack_post_was_ever_published":false,"footnotes":""},"class_list":["post-650","page","type-page","status-publish","no-comments"],"jetpack_shortlink":"https:\/\/wp.me\/P59dNp-au","jetpack_sharing_enabled":false,"_links":{"self":[{"href":"https:\/\/www.brazilbabyaffair.org\/pt-br\/wp-json\/wp\/v2\/pages\/650","targetHints":{"allow":["GET"]}}],"collection":[{"href":"https:\/\/www.brazilbabyaffair.org\/pt-br\/wp-json\/wp\/v2\/pages"}],"about":[{"href":"https:\/\/www.brazilbabyaffair.org\/pt-br\/wp-json\/wp\/v2\/types\/page"}],"author":[{"embeddable":true,"href":"https:\/\/www.brazilbabyaffair.org\/pt-br\/wp-json\/wp\/v2\/users\/1"}],"replies":[{"embeddable":true,"href":"https:\/\/www.brazilbabyaffair.org\/pt-br\/wp-json\/wp\/v2\/comments?post=650"}],"version-history":[{"count":3,"href":"https:\/\/www.brazilbabyaffair.org\/pt-br\/wp-json\/wp\/v2\/pages\/650\/revisions"}],"predecessor-version":[{"id":1768,"href":"https:\/\/www.brazilbabyaffair.org\/pt-br\/wp-json\/wp\/v2\/pages\/650\/revisions\/1768"}],"up":[{"embeddable":true,"href":"https:\/\/www.brazilbabyaffair.org\/pt-br\/wp-json\/wp\/v2\/pages\/558"}],"wp:attachment":[{"href":"https:\/\/www.brazilbabyaffair.org\/pt-br\/wp-json\/wp\/v2\/media?parent=650"}],"curies":[{"name":"wp","href":"https:\/\/api.w.org\/{rel}","templated":true}]}}