{"id":653,"date":"2014-08-17T13:41:46","date_gmt":"2014-08-17T11:41:46","guid":{"rendered":"http:\/\/www.brazilbabyaffair.org\/?page_id=653"},"modified":"2025-10-28T14:13:42","modified_gmt":"2025-10-28T13:13:42","slug":"diretoria","status":"publish","type":"page","link":"https:\/\/www.brazilbabyaffair.org\/pt-br\/sobre\/equipe\/diretoria\/","title":{"rendered":"Fundador"},"content":{"rendered":"<hr \/>\n<p><a href=\"https:\/\/www.brazilbabyaffair.org\/wp-content\/uploads\/Patrick@UNOG.jpeg\"><img loading=\"lazy\" decoding=\"async\" data-attachment-id=\"2834\" data-permalink=\"https:\/\/www.brazilbabyaffair.org\/pt-br\/patrickunog-2\/\" data-orig-file=\"https:\/\/www.brazilbabyaffair.org\/wp-content\/uploads\/Patrick@UNOG.jpeg\" data-orig-size=\"1600,898\" data-comments-opened=\"0\" data-image-meta=\"{&quot;aperture&quot;:&quot;0&quot;,&quot;credit&quot;:&quot;&quot;,&quot;camera&quot;:&quot;&quot;,&quot;caption&quot;:&quot;&quot;,&quot;created_timestamp&quot;:&quot;0&quot;,&quot;copyright&quot;:&quot;&quot;,&quot;focal_length&quot;:&quot;0&quot;,&quot;iso&quot;:&quot;0&quot;,&quot;shutter_speed&quot;:&quot;0&quot;,&quot;title&quot;:&quot;&quot;,&quot;orientation&quot;:&quot;0&quot;}\" data-image-title=\"Patrick@UNOG\" data-image-description=\"\" data-image-caption=\"\" data-medium-file=\"https:\/\/www.brazilbabyaffair.org\/wp-content\/uploads\/Patrick@UNOG-300x168.jpeg\" data-large-file=\"https:\/\/www.brazilbabyaffair.org\/wp-content\/uploads\/Patrick@UNOG-1024x575.jpeg\" class=\"alignleft wp-image-2834 size-full\" src=\"https:\/\/www.brazilbabyaffair.org\/wp-content\/uploads\/Patrick@UNOG.jpeg\" alt=\"\" width=\"1600\" height=\"898\" srcset=\"https:\/\/www.brazilbabyaffair.org\/wp-content\/uploads\/Patrick@UNOG.jpeg 1600w, https:\/\/www.brazilbabyaffair.org\/wp-content\/uploads\/Patrick@UNOG-300x168.jpeg 300w, https:\/\/www.brazilbabyaffair.org\/wp-content\/uploads\/Patrick@UNOG-1024x575.jpeg 1024w, https:\/\/www.brazilbabyaffair.org\/wp-content\/uploads\/Patrick@UNOG-768x431.jpeg 768w, https:\/\/www.brazilbabyaffair.org\/wp-content\/uploads\/Patrick@UNOG-1536x862.jpeg 1536w\" sizes=\"auto, (max-width: 1600px) 100vw, 1600px\" \/><\/a><\/p>\n<h3>Patrick Noordoven, LLM, BA<\/h3>\n<p>Em 2014, Patrick fundou a ONG Brazil Baby Affair. Atualmente, ele tem 25+ anos de experi\u00eancia na busca de fam\u00edlias no Brasil, resolvendo os problemas das consequ\u00eancias da priva\u00e7\u00e3o do direito humano \u00e0 identidade. <em>Leia mais <strong><a title=\"Patrick Noordoven\" href=\"http:\/\/www.brazilbabyaffair.org\/pt-br\/sobre\/equipe\/diretoria\/patrick-noordoven\/\">aqui<\/a><\/strong><\/em>.<\/p>\n<hr \/>\n","protected":false},"excerpt":{"rendered":"<p>Patrick Noordoven, LLM, BA Em 2014, Patrick fundou a ONG Brazil Baby Affair. Atualmente, ele tem 25+ anos de experi\u00eancia na busca de fam\u00edlias no Brasil, resolvendo os problemas das consequ\u00eancias da priva\u00e7\u00e3o do direito humano \u00e0 identidade. Leia mais aqui.<\/p>\n","protected":false},"author":1,"featured_media":0,"parent":650,"menu_order":1,"comment_status":"closed","ping_status":"closed","template":"template-full.php","meta":{"jetpack_post_was_ever_published":false,"footnotes":""},"class_list":["post-653","page","type-page","status-publish","no-comments"],"jetpack_shortlink":"https:\/\/wp.me\/P59dNp-ax","jetpack_sharing_enabled":false,"_links":{"self":[{"href":"https:\/\/www.brazilbabyaffair.org\/pt-br\/wp-json\/wp\/v2\/pages\/653","targetHints":{"allow":["GET"]}}],"collection":[{"href":"https:\/\/www.brazilbabyaffair.org\/pt-br\/wp-json\/wp\/v2\/pages"}],"about":[{"href":"https:\/\/www.brazilbabyaffair.org\/pt-br\/wp-json\/wp\/v2\/types\/page"}],"author":[{"embeddable":true,"href":"https:\/\/www.brazilbabyaffair.org\/pt-br\/wp-json\/wp\/v2\/users\/1"}],"replies":[{"embeddable":true,"href":"https:\/\/www.brazilbabyaffair.org\/pt-br\/wp-json\/wp\/v2\/comments?post=653"}],"version-history":[{"count":10,"href":"https:\/\/www.brazilbabyaffair.org\/pt-br\/wp-json\/wp\/v2\/pages\/653\/revisions"}],"predecessor-version":[{"id":3188,"href":"https:\/\/www.brazilbabyaffair.org\/pt-br\/wp-json\/wp\/v2\/pages\/653\/revisions\/3188"}],"up":[{"embeddable":true,"href":"https:\/\/www.brazilbabyaffair.org\/pt-br\/wp-json\/wp\/v2\/pages\/650"}],"wp:attachment":[{"href":"https:\/\/www.brazilbabyaffair.org\/pt-br\/wp-json\/wp\/v2\/media?parent=653"}],"curies":[{"name":"wp","href":"https:\/\/api.w.org\/{rel}","templated":true}]}}