{"id":656,"date":"2014-08-16T20:07:29","date_gmt":"2014-08-16T18:07:29","guid":{"rendered":"http:\/\/www.brazilbabyaffair.org\/?page_id=656"},"modified":"2025-10-28T14:12:51","modified_gmt":"2025-10-28T13:12:51","slug":"patrick-noordoven","status":"publish","type":"page","link":"https:\/\/www.brazilbabyaffair.org\/pt-br\/sobre\/equipe\/diretoria\/patrick-noordoven\/","title":{"rendered":"Patrick Noordoven"},"content":{"rendered":"<h2>Fundador<\/h2>\n<p><a href=\"https:\/\/www.brazilbabyaffair.org\/wp-content\/uploads\/Patrick@UNOG.jpeg\"><img loading=\"lazy\" decoding=\"async\" data-attachment-id=\"2834\" data-permalink=\"https:\/\/www.brazilbabyaffair.org\/pt-br\/patrickunog-2\/\" data-orig-file=\"https:\/\/www.brazilbabyaffair.org\/wp-content\/uploads\/Patrick@UNOG.jpeg\" data-orig-size=\"1600,898\" data-comments-opened=\"0\" data-image-meta=\"{&quot;aperture&quot;:&quot;0&quot;,&quot;credit&quot;:&quot;&quot;,&quot;camera&quot;:&quot;&quot;,&quot;caption&quot;:&quot;&quot;,&quot;created_timestamp&quot;:&quot;0&quot;,&quot;copyright&quot;:&quot;&quot;,&quot;focal_length&quot;:&quot;0&quot;,&quot;iso&quot;:&quot;0&quot;,&quot;shutter_speed&quot;:&quot;0&quot;,&quot;title&quot;:&quot;&quot;,&quot;orientation&quot;:&quot;0&quot;}\" data-image-title=\"Patrick@UNOG\" data-image-description=\"\" data-image-caption=\"\" data-medium-file=\"https:\/\/www.brazilbabyaffair.org\/wp-content\/uploads\/Patrick@UNOG-300x168.jpeg\" data-large-file=\"https:\/\/www.brazilbabyaffair.org\/wp-content\/uploads\/Patrick@UNOG-1024x575.jpeg\" class=\"alignleft wp-image-2834 size-full\" src=\"https:\/\/www.brazilbabyaffair.org\/wp-content\/uploads\/Patrick@UNOG.jpeg\" alt=\"\" width=\"1600\" height=\"898\" srcset=\"https:\/\/www.brazilbabyaffair.org\/wp-content\/uploads\/Patrick@UNOG.jpeg 1600w, https:\/\/www.brazilbabyaffair.org\/wp-content\/uploads\/Patrick@UNOG-300x168.jpeg 300w, https:\/\/www.brazilbabyaffair.org\/wp-content\/uploads\/Patrick@UNOG-1024x575.jpeg 1024w, https:\/\/www.brazilbabyaffair.org\/wp-content\/uploads\/Patrick@UNOG-768x431.jpeg 768w, https:\/\/www.brazilbabyaffair.org\/wp-content\/uploads\/Patrick@UNOG-1536x862.jpeg 1536w\" sizes=\"auto, (max-width: 1600px) 100vw, 1600px\" \/><\/a><\/p>\n<p>Desde 2014, Patrick se dedica \u00e0 ONG voluntariamente. Ele tem 25+ anos de experi\u00eancia na busca de fam\u00edlias no Brasil, resolvendo os problemas das consequ\u00eancias da priva\u00e7\u00e3o do direito humano \u00e0 identidade.<\/p>\n<p>Durante a investiga\u00e7\u00e3o da sua pr\u00f3pria ado\u00e7\u00e3o ilegal internacional,Patrick dedicou-se \u00e0 desvendar a dimens\u00e3o internacional, o contexto e o impacto da pr\u00e1tica, bem como apoiar outras v\u00edtimas em todo o mundo. Para este prop\u00f3sito,fundou a ONG International Brazil Baby Affair para disponibilizar sua experi\u00eancia de forma construtiva e impulsionar esta agenda.<\/p>\n<p>Patrick tem mestrado em Direito e bacharelado em Hist\u00f3ria Pol\u00edtica e Rela\u00e7\u00f5es Internacionais. Ele Escreveu sua disserta\u00e7\u00e3o de mestrado sobre Ado\u00e7\u00e3o Internacional e o Direito \u00e0 Identidade e sua tese de bacharelado sobre a Conven\u00e7\u00e3o das Na\u00e7\u00f5es Unidas sobre os Direitos da Crian\u00e7a.<\/p>\n<p>Patrick tem a nacionalidade brasileira e holandesa e mora na Su\u00ed\u00e7a.<\/p>\n","protected":false},"excerpt":{"rendered":"<p>Fundador Desde 2014, Patrick se dedica \u00e0 ONG voluntariamente. Ele tem 25+ anos de experi\u00eancia na busca de fam\u00edlias no Brasil, resolvendo os problemas das consequ\u00eancias da priva\u00e7\u00e3o do direito humano \u00e0 identidade. Durante a investiga\u00e7\u00e3o da sua pr\u00f3pria ado\u00e7\u00e3o ilegal internacional,Patrick dedicou-se \u00e0 desvendar a dimens\u00e3o internacional, o contexto e o impacto da pr\u00e1tica, &hellip; <\/p>\n<div class=\"more-link-wrapper\"><a href=\"https:\/\/www.brazilbabyaffair.org\/pt-br\/sobre\/equipe\/diretoria\/patrick-noordoven\/\" class=\"more-link\">Continue reading<span class=\"screen-reader-text\"> &#8220;Patrick Noordoven&#8221;<\/span><\/a><\/div>\n","protected":false},"author":1,"featured_media":0,"parent":653,"menu_order":1,"comment_status":"closed","ping_status":"closed","template":"template-full.php","meta":{"jetpack_post_was_ever_published":false,"footnotes":""},"class_list":["post-656","page","type-page","status-publish","no-comments"],"jetpack_shortlink":"https:\/\/wp.me\/P59dNp-aA","jetpack_sharing_enabled":false,"_links":{"self":[{"href":"https:\/\/www.brazilbabyaffair.org\/pt-br\/wp-json\/wp\/v2\/pages\/656","targetHints":{"allow":["GET"]}}],"collection":[{"href":"https:\/\/www.brazilbabyaffair.org\/pt-br\/wp-json\/wp\/v2\/pages"}],"about":[{"href":"https:\/\/www.brazilbabyaffair.org\/pt-br\/wp-json\/wp\/v2\/types\/page"}],"author":[{"embeddable":true,"href":"https:\/\/www.brazilbabyaffair.org\/pt-br\/wp-json\/wp\/v2\/users\/1"}],"replies":[{"embeddable":true,"href":"https:\/\/www.brazilbabyaffair.org\/pt-br\/wp-json\/wp\/v2\/comments?post=656"}],"version-history":[{"count":8,"href":"https:\/\/www.brazilbabyaffair.org\/pt-br\/wp-json\/wp\/v2\/pages\/656\/revisions"}],"predecessor-version":[{"id":3187,"href":"https:\/\/www.brazilbabyaffair.org\/pt-br\/wp-json\/wp\/v2\/pages\/656\/revisions\/3187"}],"up":[{"embeddable":true,"href":"https:\/\/www.brazilbabyaffair.org\/pt-br\/wp-json\/wp\/v2\/pages\/653"}],"wp:attachment":[{"href":"https:\/\/www.brazilbabyaffair.org\/pt-br\/wp-json\/wp\/v2\/media?parent=656"}],"curies":[{"name":"wp","href":"https:\/\/api.w.org\/{rel}","templated":true}]}}