{"id":690,"date":"2014-08-16T16:48:57","date_gmt":"2014-08-16T14:48:57","guid":{"rendered":"http:\/\/www.brazilbabyaffair.org\/?page_id=690"},"modified":"2018-06-18T18:50:41","modified_gmt":"2018-06-18T16:50:41","slug":"louisa","status":"publish","type":"page","link":"https:\/\/www.brazilbabyaffair.org\/pt-br\/casos\/casos-em-andamento\/louisa\/","title":{"rendered":"Louisa"},"content":{"rendered":"<p><a href=\"#introdu\u00e7\u00e3o\">Introdu\u00e7\u00e3o<\/a><br \/>\n<a href=\"#fatos\">Fatos e n\u00fameros<\/a><br \/>\n<a href=\"#missao\">Miss\u00e3o<\/a><br \/>\n<a href=\"#poster\">Poster<\/a><\/p>\n<hr \/>\n<p><a name=\"introdu\u00e7\u00e3o\"><\/a><\/p>\n<h4>Introdu\u00e7\u00e3o<\/h4>\n<p><img loading=\"lazy\" decoding=\"async\" width=\"202\" height=\"300\" class=\"alignright size-medium wp-image-1475\" src=\"http:\/\/www.brazilbabyaffair.org\/wp-content\/uploads\/2015\/05\/Louisa-31May2015-202x300.jpg\" alt=\"Louisa-31May2015\" srcset=\"https:\/\/www.brazilbabyaffair.org\/wp-content\/uploads\/2015\/05\/Louisa-31May2015-202x300.jpg 202w, https:\/\/www.brazilbabyaffair.org\/wp-content\/uploads\/2015\/05\/Louisa-31May2015-689x1024.jpg 689w, https:\/\/www.brazilbabyaffair.org\/wp-content\/uploads\/2015\/05\/Louisa-31May2015.jpg 1345w\" sizes=\"auto, (max-width: 202px) 100vw, 202px\" \/> Louisa cresceu em Hamburgo, numa fam\u00edlia com 4 irm\u00e3os; alguns deles tamb\u00e9m s\u00e3o adotados. Ela come\u00e7ou a pensar no Brasil quando tinha 14 anos de idade.<\/p>\n<p>Quando estava com cerca de 20 anos, Louisa come\u00e7ou a fazer suas primeiras perguntas \u00e0 respeito de suas origens brasileiras. Foi dif\u00edcil para ela n\u00e3o saber nada sobre suas origens. E ainda por cima, ela tinha que lidar com a falta de informa\u00e7\u00e3o dispon\u00edvel para a busca de sua fam\u00edlia original.<\/p>\n<p>Como resultado de suas perguntas \u00e0 respeito de suas origens, uma das partes respons\u00e1veis disse \u00e0 ela que ela deveria se sentir feliz e agradecida por sua ado\u00e7\u00e3o ilegal, e que portanto, parasse de fazer perguntas sobre sua identidade.<\/p>\n<p>Louisa tem sorte de ter muito apoio de sua fam\u00edlia adotiva e de seus amigos em sua promessa de achar sua fam\u00edlia original. Ela at\u00e9 voltou ao Brasil em 2013 com amigos e familiares para conhecer seu pa\u00eds de nascimento.<\/p>\n<p>Louisa trabalha como <a href=\"http:\/\/www.lschlepper.de\" target=\"_blank\" rel=\"noopener\">fot\u00f3grafa freelance<\/a>; ela adora animais e se importa com seus direitos e pratica a Arte Marcial coreana Shinson Hapkido.<\/p>\n<hr \/>\n<p><a name=\"fatos\"><\/a><\/p>\n<h4>Fatos e n\u00fameros<\/h4>\n<p>Sarah Louisa \u00e9 o nome que seus pais adotivos lhe deram; seu nome original \u00e9 desconhecido; ela nasceu no Brasil em <strong>1981<\/strong>; na sua certid\u00e3o de nascimento consta hospital <strong>Pro Matre Paulista<\/strong> como o seu local de nascimento.<\/p>\n<p>A poss\u00edvel data de nascimento dela pode ser qualquer uma entre o fim de Julho e o come\u00e7o de Agosto de 1981; o seu verdadeiro registro de nascimento \u00e9 desconhecido.<\/p>\n<p>Seu registro falso de nascimento ocorreu na cidade de S\u00e3o Paulo, no cart\u00f3rio de Bela Vista.<\/p>\n<h5>Testemunhas<\/h5>\n<p>Catharina Anna Geertruida Maria Seeder e Marlene Martinez Puosso<\/p>\n<h5>Intermedi\u00e1rios<\/h5>\n<p>Catharina Anna Geertruida Maria Seeder e Sara(h) Klein<\/p>\n<hr \/>\n<p><a name=\"missao\"><\/a><\/p>\n<h4>Miss\u00e3o<\/h4>\n<p>Em mar\u00e7o de 2015, Louisa embarcou em uma miss\u00e3o para encontrar sua fam\u00edlia no Brasil com <a href=\"http:\/\/www.brazilbabyaffair.org\/pt-br\/sobre\/equipe\/diretoria\/patrick-noordoven\/\">Patrick<\/a>. Esta foi a primeira miss\u00e3o em campo da ONG e durou um m\u00eas. Durante a segunda metade desta miss\u00e3o, uma equipe de televis\u00e3o brasileira seguiu a Louisa e o Patrick para produzir um programa sobre eles.<\/p>\n<p>Durante a miss\u00e3o, Louisa foi contatada por uma senhora chamada <a href=\"http:\/\/www.brazilbabyaffair.org\/pt-br\/casos\/casos-em-andamento\/aparecida\/\">Aparecida<\/a>, que viu o perfil de busca da Louisa. Aparecida estava buscando sua filha. Como as informa\u00e7\u00f5es dispon\u00edveis de ambos os casos indicavam que havia uma possibilidade de elas estarem em busca uma da outra, elas realizaram um exame de DNA para excluir essa possibilidade. Quando o resultado se revelou negativo, Louisa e Patrick decidiram que, al\u00e9m de buscar a fam\u00edlia da Louisa, eles tamb\u00e9m ajudariam a Aparecida a encontrar sua filha.<\/p>\n<p>A miss\u00e3o deles chegou a um impasse quando o hospital <strong>Pro Matre Paulista<\/strong> em S\u00e3o Paulo, onde se pressup\u00f5e que Louisa tenha nascido, recusou o acesso ao direito \u00e0 identidade da Louisa &#8211; seu arquivo m\u00e9dico. A \u00fanica op\u00e7\u00e3o que restou foi tomar a\u00e7\u00e3o legal contra o hospital para ganhar acesso ao seu direito \u00e0 identidade.<\/p>\n<hr \/>\n<p><a name=\"poster\"><\/a><\/p>\n<h4>Poster<\/h4>\n<p><a href=\"http:\/\/www.brazilbabyaffair.org\/wp-content\/uploads\/2014\/08\/Ajuda.Louisa.pdf\"><img loading=\"lazy\" decoding=\"async\" width=\"1024\" height=\"768\" class=\"alignleft size-large wp-image-1397\" src=\"http:\/\/www.brazilbabyaffair.org\/wp-content\/uploads\/2014\/08\/Ajuda.Louisa-1024x768.jpg\" alt=\"Ajuda.Louisa\" srcset=\"https:\/\/www.brazilbabyaffair.org\/wp-content\/uploads\/2014\/08\/Ajuda.Louisa-1024x768.jpg 1024w, https:\/\/www.brazilbabyaffair.org\/wp-content\/uploads\/2014\/08\/Ajuda.Louisa-300x225.jpg 300w\" sizes=\"auto, (max-width: 1024px) 100vw, 1024px\" \/><\/a><\/p>\n","protected":false},"excerpt":{"rendered":"<p>Introdu\u00e7\u00e3o Fatos e n\u00fameros Miss\u00e3o Poster Introdu\u00e7\u00e3o Louisa cresceu em Hamburgo, numa fam\u00edlia com 4 irm\u00e3os; alguns deles tamb\u00e9m s\u00e3o adotados. Ela come\u00e7ou a pensar no Brasil quando tinha 14 anos de idade. Quando estava com cerca de 20 anos, Louisa come\u00e7ou a fazer suas primeiras perguntas \u00e0 respeito de suas origens brasileiras. Foi dif\u00edcil &hellip; <\/p>\n<div class=\"more-link-wrapper\"><a href=\"https:\/\/www.brazilbabyaffair.org\/pt-br\/casos\/casos-em-andamento\/louisa\/\" class=\"more-link\">Continue reading<span class=\"screen-reader-text\"> &#8220;Louisa&#8221;<\/span><\/a><\/div>\n","protected":false},"author":1,"featured_media":0,"parent":692,"menu_order":0,"comment_status":"closed","ping_status":"closed","template":"template-full.php","meta":{"jetpack_post_was_ever_published":false,"footnotes":""},"class_list":["post-690","page","type-page","status-publish","no-comments"],"jetpack_shortlink":"https:\/\/wp.me\/P59dNp-b8","jetpack_sharing_enabled":true,"_links":{"self":[{"href":"https:\/\/www.brazilbabyaffair.org\/pt-br\/wp-json\/wp\/v2\/pages\/690","targetHints":{"allow":["GET"]}}],"collection":[{"href":"https:\/\/www.brazilbabyaffair.org\/pt-br\/wp-json\/wp\/v2\/pages"}],"about":[{"href":"https:\/\/www.brazilbabyaffair.org\/pt-br\/wp-json\/wp\/v2\/types\/page"}],"author":[{"embeddable":true,"href":"https:\/\/www.brazilbabyaffair.org\/pt-br\/wp-json\/wp\/v2\/users\/1"}],"replies":[{"embeddable":true,"href":"https:\/\/www.brazilbabyaffair.org\/pt-br\/wp-json\/wp\/v2\/comments?post=690"}],"version-history":[{"count":10,"href":"https:\/\/www.brazilbabyaffair.org\/pt-br\/wp-json\/wp\/v2\/pages\/690\/revisions"}],"predecessor-version":[{"id":2050,"href":"https:\/\/www.brazilbabyaffair.org\/pt-br\/wp-json\/wp\/v2\/pages\/690\/revisions\/2050"}],"up":[{"embeddable":true,"href":"https:\/\/www.brazilbabyaffair.org\/pt-br\/wp-json\/wp\/v2\/pages\/692"}],"wp:attachment":[{"href":"https:\/\/www.brazilbabyaffair.org\/pt-br\/wp-json\/wp\/v2\/media?parent=690"}],"curies":[{"name":"wp","href":"https:\/\/api.w.org\/{rel}","templated":true}]}}