{"id":692,"date":"2014-08-17T11:34:12","date_gmt":"2014-08-17T09:34:12","guid":{"rendered":"http:\/\/www.brazilbabyaffair.org\/?page_id=692"},"modified":"2017-06-19T09:38:16","modified_gmt":"2017-06-19T07:38:16","slug":"casos-em-andamento","status":"publish","type":"page","link":"https:\/\/www.brazilbabyaffair.org\/pt-br\/casos\/casos-em-andamento\/","title":{"rendered":"Casos em andamento"},"content":{"rendered":"<hr \/>\n<h3 style=\"text-align:left;\">Louisa<\/h3>\n<p><img loading=\"lazy\" decoding=\"async\" width=\"202\" height=\"300\" src=\"http:\/\/www.brazilbabyaffair.org\/wp-content\/uploads\/2015\/05\/Louisa-31May2015-202x300.jpg\" alt=\"Louisa-31May2015\" class=\"alignright size-medium wp-image-1475\" srcset=\"https:\/\/www.brazilbabyaffair.org\/wp-content\/uploads\/2015\/05\/Louisa-31May2015-202x300.jpg 202w, https:\/\/www.brazilbabyaffair.org\/wp-content\/uploads\/2015\/05\/Louisa-31May2015-689x1024.jpg 689w, https:\/\/www.brazilbabyaffair.org\/wp-content\/uploads\/2015\/05\/Louisa-31May2015.jpg 1345w\" sizes=\"auto, (max-width: 202px) 100vw, 202px\" \/> Louisa cresceu em Hamburgo, numa fam\u00edlia com 4 irm\u00e3os; alguns deles tamb\u00e9m s\u00e3o adotados. Ela come\u00e7ou a pensar no Brasil quando tinha 14 anos de idade.<\/p>\n<p>Quando estava com cerca de 20 anos, Louisa come\u00e7ou a fazer suas primeiras perguntas \u00e0 respeito de suas origens brasileiras. Foi dif\u00edcil para ela n\u00e3o saber nada sobre suas origens. E ainda por cima, ela tinha que lidar com a falta de informa\u00e7\u00e3o dispon\u00edvel para a busca de sua fam\u00edlia original.<\/p>\n<p><em>Leia mais sobre este caso <strong><a href=\"http:\/\/www.brazilbabyaffair.org\/pt-br\/casos\/casos-em-andamento\/louisa\/\" title=\"Louisa\">aqui<\/a><\/strong>.<\/em><\/p>\n","protected":false},"excerpt":{"rendered":"<p>Louisa Louisa cresceu em Hamburgo, numa fam\u00edlia com 4 irm\u00e3os; alguns deles tamb\u00e9m s\u00e3o adotados. Ela come\u00e7ou a pensar no Brasil quando tinha 14 anos de idade. Quando estava com cerca de 20 anos, Louisa come\u00e7ou a fazer suas primeiras perguntas \u00e0 respeito de suas origens brasileiras. Foi dif\u00edcil para ela n\u00e3o saber nada sobre &hellip; <\/p>\n<div class=\"more-link-wrapper\"><a href=\"https:\/\/www.brazilbabyaffair.org\/pt-br\/casos\/casos-em-andamento\/\" class=\"more-link\">Continue reading<span class=\"screen-reader-text\"> &#8220;Casos em andamento&#8221;<\/span><\/a><\/div>\n","protected":false},"author":1,"featured_media":0,"parent":642,"menu_order":0,"comment_status":"closed","ping_status":"closed","template":"template-full.php","meta":{"jetpack_post_was_ever_published":false,"footnotes":""},"class_list":["post-692","page","type-page","status-publish","no-comments"],"jetpack_shortlink":"https:\/\/wp.me\/P59dNp-ba","jetpack_sharing_enabled":false,"_links":{"self":[{"href":"https:\/\/www.brazilbabyaffair.org\/pt-br\/wp-json\/wp\/v2\/pages\/692","targetHints":{"allow":["GET"]}}],"collection":[{"href":"https:\/\/www.brazilbabyaffair.org\/pt-br\/wp-json\/wp\/v2\/pages"}],"about":[{"href":"https:\/\/www.brazilbabyaffair.org\/pt-br\/wp-json\/wp\/v2\/types\/page"}],"author":[{"embeddable":true,"href":"https:\/\/www.brazilbabyaffair.org\/pt-br\/wp-json\/wp\/v2\/users\/1"}],"replies":[{"embeddable":true,"href":"https:\/\/www.brazilbabyaffair.org\/pt-br\/wp-json\/wp\/v2\/comments?post=692"}],"version-history":[{"count":10,"href":"https:\/\/www.brazilbabyaffair.org\/pt-br\/wp-json\/wp\/v2\/pages\/692\/revisions"}],"predecessor-version":[{"id":1904,"href":"https:\/\/www.brazilbabyaffair.org\/pt-br\/wp-json\/wp\/v2\/pages\/692\/revisions\/1904"}],"up":[{"embeddable":true,"href":"https:\/\/www.brazilbabyaffair.org\/pt-br\/wp-json\/wp\/v2\/pages\/642"}],"wp:attachment":[{"href":"https:\/\/www.brazilbabyaffair.org\/pt-br\/wp-json\/wp\/v2\/media?parent=692"}],"curies":[{"name":"wp","href":"https:\/\/api.w.org\/{rel}","templated":true}]}}