{"id":721,"date":"2014-08-17T14:59:07","date_gmt":"2014-08-17T12:59:07","guid":{"rendered":"http:\/\/www.brazilbabyaffair.org\/?page_id=721"},"modified":"2021-12-27T16:58:17","modified_gmt":"2021-12-27T15:58:17","slug":"doacoes","status":"publish","type":"page","link":"https:\/\/www.brazilbabyaffair.org\/pt-br\/assistencia\/doacoes\/","title":{"rendered":"Doa\u00e7\u00f5es"},"content":{"rendered":"<p>Cada pessoa que simpatize com a vis\u00e3o da ONG e as informa\u00e7\u00f5es que ela divulga pode doar para apoiar seu prop\u00f3sito.<\/p>\n<p style=\"text-align: center;\">Doa\u00e7\u00f5es podem ser efetuadas atrav\u00e9s do bot\u00e3o abaixo.<br \/>\n<a title=\"Donate now\" href=\"https:\/\/www.paypal.com\/cgi-bin\/webscr?cmd=_s-xclick&amp;hosted_button_id=46D555VNC99Z6\" target=\"_blank\" rel=\"noopener\"><img decoding=\"async\" class=\"aligncenter\" src=\"https:\/\/www.paypal.com\/en_US\/i\/btn\/x-click-but21.gif\" alt=\"Make a Donation Button\" \/><\/a><\/p>\n","protected":false},"excerpt":{"rendered":"<p>Cada pessoa que simpatize com a vis\u00e3o da ONG e as informa\u00e7\u00f5es que ela divulga pode doar para apoiar seu prop\u00f3sito. Doa\u00e7\u00f5es podem ser efetuadas atrav\u00e9s do bot\u00e3o abaixo.<\/p>\n","protected":false},"author":1,"featured_media":0,"parent":728,"menu_order":4,"comment_status":"closed","ping_status":"closed","template":"","meta":{"jetpack_post_was_ever_published":false,"footnotes":""},"class_list":["post-721","page","type-page","status-publish","no-comments"],"jetpack_shortlink":"https:\/\/wp.me\/P59dNp-bD","jetpack_sharing_enabled":false,"_links":{"self":[{"href":"https:\/\/www.brazilbabyaffair.org\/pt-br\/wp-json\/wp\/v2\/pages\/721","targetHints":{"allow":["GET"]}}],"collection":[{"href":"https:\/\/www.brazilbabyaffair.org\/pt-br\/wp-json\/wp\/v2\/pages"}],"about":[{"href":"https:\/\/www.brazilbabyaffair.org\/pt-br\/wp-json\/wp\/v2\/types\/page"}],"author":[{"embeddable":true,"href":"https:\/\/www.brazilbabyaffair.org\/pt-br\/wp-json\/wp\/v2\/users\/1"}],"replies":[{"embeddable":true,"href":"https:\/\/www.brazilbabyaffair.org\/pt-br\/wp-json\/wp\/v2\/comments?post=721"}],"version-history":[{"count":4,"href":"https:\/\/www.brazilbabyaffair.org\/pt-br\/wp-json\/wp\/v2\/pages\/721\/revisions"}],"predecessor-version":[{"id":2857,"href":"https:\/\/www.brazilbabyaffair.org\/pt-br\/wp-json\/wp\/v2\/pages\/721\/revisions\/2857"}],"up":[{"embeddable":true,"href":"https:\/\/www.brazilbabyaffair.org\/pt-br\/wp-json\/wp\/v2\/pages\/728"}],"wp:attachment":[{"href":"https:\/\/www.brazilbabyaffair.org\/pt-br\/wp-json\/wp\/v2\/media?parent=721"}],"curies":[{"name":"wp","href":"https:\/\/api.w.org\/{rel}","templated":true}]}}