{"id":728,"date":"2014-08-10T16:11:56","date_gmt":"2014-08-10T14:11:56","guid":{"rendered":"http:\/\/www.brazilbabyaffair.org\/?page_id=728"},"modified":"2014-11-01T19:18:32","modified_gmt":"2014-11-01T18:18:32","slug":"assistencia","status":"publish","type":"page","link":"https:\/\/www.brazilbabyaffair.org\/pt-br\/assistencia\/","title":{"rendered":"Assist\u00eancia"},"content":{"rendered":"<p>Esta se\u00e7\u00e3o mostra v\u00e1rias formas de assist\u00eancia que v\u00e3o al\u00e9m do apoio geral que a ONG recebe de pessoas individuais de forma volunt\u00e1ria.<\/p>\n","protected":false},"excerpt":{"rendered":"<p>Esta se\u00e7\u00e3o mostra v\u00e1rias formas de assist\u00eancia que v\u00e3o al\u00e9m do apoio geral que a ONG recebe de pessoas individuais de forma volunt\u00e1ria.<\/p>\n","protected":false},"author":1,"featured_media":0,"parent":0,"menu_order":0,"comment_status":"closed","ping_status":"closed","template":"template-full.php","meta":{"jetpack_post_was_ever_published":false,"footnotes":""},"class_list":["post-728","page","type-page","status-publish","no-comments"],"jetpack_shortlink":"https:\/\/wp.me\/P59dNp-bK","jetpack_sharing_enabled":false,"_links":{"self":[{"href":"https:\/\/www.brazilbabyaffair.org\/pt-br\/wp-json\/wp\/v2\/pages\/728","targetHints":{"allow":["GET"]}}],"collection":[{"href":"https:\/\/www.brazilbabyaffair.org\/pt-br\/wp-json\/wp\/v2\/pages"}],"about":[{"href":"https:\/\/www.brazilbabyaffair.org\/pt-br\/wp-json\/wp\/v2\/types\/page"}],"author":[{"embeddable":true,"href":"https:\/\/www.brazilbabyaffair.org\/pt-br\/wp-json\/wp\/v2\/users\/1"}],"replies":[{"embeddable":true,"href":"https:\/\/www.brazilbabyaffair.org\/pt-br\/wp-json\/wp\/v2\/comments?post=728"}],"version-history":[{"count":1,"href":"https:\/\/www.brazilbabyaffair.org\/pt-br\/wp-json\/wp\/v2\/pages\/728\/revisions"}],"predecessor-version":[{"id":729,"href":"https:\/\/www.brazilbabyaffair.org\/pt-br\/wp-json\/wp\/v2\/pages\/728\/revisions\/729"}],"wp:attachment":[{"href":"https:\/\/www.brazilbabyaffair.org\/pt-br\/wp-json\/wp\/v2\/media?parent=728"}],"curies":[{"name":"wp","href":"https:\/\/api.w.org\/{rel}","templated":true}]}}