{"id":730,"date":"2014-08-10T16:21:48","date_gmt":"2014-08-10T14:21:48","guid":{"rendered":"http:\/\/www.brazilbabyaffair.org\/?page_id=730"},"modified":"2019-10-19T14:40:43","modified_gmt":"2019-10-19T12:40:43","slug":"parceiros","status":"publish","type":"page","link":"https:\/\/www.brazilbabyaffair.org\/pt-br\/assistencia\/parceiros\/","title":{"rendered":"Parceiros"},"content":{"rendered":"<p>Esta se\u00e7\u00e3o mostra todas as organiza\u00e7\u00f5es parceiras da ONG Brazil Baby Affair. A parceria com a ONG representa uma liga\u00e7\u00e3o m\u00fatua com a miss\u00e3o e a vis\u00e3o da ONG.<\/p>\n<p><a href=\"https:\/\/backtotheroots.net\" target=\"_blank\" rel=\"noopener\"><img loading=\"lazy\" decoding=\"async\" width=\"300\" height=\"303\" class=\"alignright size-full wp-image-2202\" src=\"https:\/\/www.brazilbabyaffair.org\/wp-content\/uploads\/Back-to-the-Roots-LOGO-e1571488379915.png\" alt=\"Link to website Back to the Roots\"><\/a><\/p>\n<p><a href=\"http:\/\/www.borninlebanon.org\" target=\"_blank\" rel=\"noopener\"><img loading=\"lazy\" decoding=\"async\" width=\"1000\" height=\"406\" class=\"alignright size-full wp-image-1937\" src=\"http:\/\/www.brazilbabyaffair.org\/wp-content\/uploads\/2017\/11\/1509561787372.png\" alt=\"\" srcset=\"https:\/\/www.brazilbabyaffair.org\/wp-content\/uploads\/2017\/11\/1509561787372.png 1000w, https:\/\/www.brazilbabyaffair.org\/wp-content\/uploads\/2017\/11\/1509561787372-300x122.png 300w, https:\/\/www.brazilbabyaffair.org\/wp-content\/uploads\/2017\/11\/1509561787372-768x312.png 768w\" sizes=\"auto, (max-width: 1000px) 100vw, 1000px\" \/><\/a><\/p>\n<p><a href=\"https:\/\/lavoixdesadoptes.com\" target=\"_blank\" rel=\"noopener\"><img loading=\"lazy\" decoding=\"async\" width=\"259\" height=\"189\" class=\"alignright size-full wp-image-1941\" src=\"http:\/\/www.brazilbabyaffair.org\/wp-content\/uploads\/2017\/11\/imageindexprochainsite.png\" alt=\"\"><\/a><\/p>\n<p><a href=\"https:\/\/intercountryadopteevoices.com\" target=\"_blank\" rel=\"noopener\"><img loading=\"lazy\" decoding=\"async\" width=\"599\" height=\"385\" class=\"alignright size-full wp-image-1943\" src=\"http:\/\/www.brazilbabyaffair.org\/wp-content\/uploads\/2017\/11\/cropped-icav_logo.jpg\" alt=\"\" srcset=\"https:\/\/www.brazilbabyaffair.org\/wp-content\/uploads\/2017\/11\/cropped-icav_logo.jpg 599w, https:\/\/www.brazilbabyaffair.org\/wp-content\/uploads\/2017\/11\/cropped-icav_logo-300x193.jpg 300w\" sizes=\"auto, (max-width: 599px) 100vw, 599px\" \/><\/a><\/p>\n","protected":false},"excerpt":{"rendered":"<p>Esta se\u00e7\u00e3o mostra todas as organiza\u00e7\u00f5es parceiras da ONG Brazil Baby Affair. A parceria com a ONG representa uma liga\u00e7\u00e3o m\u00fatua com a miss\u00e3o e a vis\u00e3o da ONG.<\/p>\n","protected":false},"author":1,"featured_media":0,"parent":728,"menu_order":2,"comment_status":"closed","ping_status":"closed","template":"","meta":{"jetpack_post_was_ever_published":false,"footnotes":""},"class_list":["post-730","page","type-page","status-publish","no-comments"],"jetpack_shortlink":"https:\/\/wp.me\/P59dNp-bM","jetpack_sharing_enabled":false,"_links":{"self":[{"href":"https:\/\/www.brazilbabyaffair.org\/pt-br\/wp-json\/wp\/v2\/pages\/730","targetHints":{"allow":["GET"]}}],"collection":[{"href":"https:\/\/www.brazilbabyaffair.org\/pt-br\/wp-json\/wp\/v2\/pages"}],"about":[{"href":"https:\/\/www.brazilbabyaffair.org\/pt-br\/wp-json\/wp\/v2\/types\/page"}],"author":[{"embeddable":true,"href":"https:\/\/www.brazilbabyaffair.org\/pt-br\/wp-json\/wp\/v2\/users\/1"}],"replies":[{"embeddable":true,"href":"https:\/\/www.brazilbabyaffair.org\/pt-br\/wp-json\/wp\/v2\/comments?post=730"}],"version-history":[{"count":4,"href":"https:\/\/www.brazilbabyaffair.org\/pt-br\/wp-json\/wp\/v2\/pages\/730\/revisions"}],"predecessor-version":[{"id":2210,"href":"https:\/\/www.brazilbabyaffair.org\/pt-br\/wp-json\/wp\/v2\/pages\/730\/revisions\/2210"}],"up":[{"embeddable":true,"href":"https:\/\/www.brazilbabyaffair.org\/pt-br\/wp-json\/wp\/v2\/pages\/728"}],"wp:attachment":[{"href":"https:\/\/www.brazilbabyaffair.org\/pt-br\/wp-json\/wp\/v2\/media?parent=730"}],"curies":[{"name":"wp","href":"https:\/\/api.w.org\/{rel}","templated":true}]}}