{"id":732,"date":"2014-08-16T18:56:21","date_gmt":"2014-08-16T16:56:21","guid":{"rendered":"http:\/\/www.brazilbabyaffair.org\/?page_id=732"},"modified":"2016-07-02T16:26:47","modified_gmt":"2016-07-02T14:26:47","slug":"cartas","status":"publish","type":"page","link":"https:\/\/www.brazilbabyaffair.org\/pt-br\/publicacoes-recursos\/cartas\/","title":{"rendered":"Cartas"},"content":{"rendered":"<p>Esta se\u00e7\u00e3o mostra cartas importantes (no idioma original) relativas \u00e0 miss\u00e3o e \u00e0 vis\u00e3o da ONG. Com o prop\u00f3sito de transpar\u00eancia e responsabilidade, colocamos \u00e0 disposi\u00e7\u00e3o essa informa\u00e7\u00e3o de maneira que \u00e9ddo melhor interesse das v\u00edtimas \u00e0s quais a ONG assiste.<\/p>\n<ul>\n<li>30 June 2016, <a href=\"http:\/\/www.brazilbabyaffair.org\/wp-content\/uploads\/2016\/07\/CRC-Contribution-June-2016.pdf\">Comment of Dida Guigan of Born in Lebanon and Patrick Noordoven of Brazil Baby Affair<\/a> on the <a href=\"http:\/\/www.ohchr.org\/EN\/HRBodies\/CRC\/Pages\/childduringadolescence.aspx\" target=\"_blank\" rel=\"noopener\">&#8220;Draft General Comment on the implementation of the rights of the child during adolescence&#8221;<\/a><\/li>\n<li>14 December 2015, <a href=\"http:\/\/www.brazilbabyaffair.org\/wp-content\/uploads\/2016\/05\/Letter-from-NGO-BBA-to-ISS-\u2013-14-December-2015-\u2013-on-the-double-subsidiarity-principle.pdf\">Letter from NGO BBA to ISS on the double subsidiarity principle<\/a><\/li>\n<li>12 December 2015, <a href=\"http:\/\/www.brazilbabyaffair.org\/wp-content\/uploads\/2016\/05\/Letter-from-NGO-BBA-to-ISS-\u2013-12-December-2015-\u2013-on-the-double-subsidiarity-principle.pdf\">Letter from NGO BBA to ISS on the double subsidiarity principle<\/a><\/li>\n<\/ul>\n","protected":false},"excerpt":{"rendered":"<p>Esta se\u00e7\u00e3o mostra cartas importantes (no idioma original) relativas \u00e0 miss\u00e3o e \u00e0 vis\u00e3o da ONG. Com o prop\u00f3sito de transpar\u00eancia e responsabilidade, colocamos \u00e0 disposi\u00e7\u00e3o essa informa\u00e7\u00e3o de maneira que \u00e9ddo melhor interesse das v\u00edtimas \u00e0s quais a ONG assiste. 30 June 2016, Comment of Dida Guigan of Born in Lebanon and Patrick Noordoven &hellip; <\/p>\n<div class=\"more-link-wrapper\"><a href=\"https:\/\/www.brazilbabyaffair.org\/pt-br\/publicacoes-recursos\/cartas\/\" class=\"more-link\">Continue reading<span class=\"screen-reader-text\"> &#8220;Cartas&#8221;<\/span><\/a><\/div>\n","protected":false},"author":1,"featured_media":0,"parent":734,"menu_order":2,"comment_status":"closed","ping_status":"closed","template":"","meta":{"jetpack_post_was_ever_published":false,"footnotes":""},"class_list":["post-732","page","type-page","status-publish","no-comments"],"jetpack_shortlink":"https:\/\/wp.me\/P59dNp-bO","jetpack_sharing_enabled":false,"_links":{"self":[{"href":"https:\/\/www.brazilbabyaffair.org\/pt-br\/wp-json\/wp\/v2\/pages\/732","targetHints":{"allow":["GET"]}}],"collection":[{"href":"https:\/\/www.brazilbabyaffair.org\/pt-br\/wp-json\/wp\/v2\/pages"}],"about":[{"href":"https:\/\/www.brazilbabyaffair.org\/pt-br\/wp-json\/wp\/v2\/types\/page"}],"author":[{"embeddable":true,"href":"https:\/\/www.brazilbabyaffair.org\/pt-br\/wp-json\/wp\/v2\/users\/1"}],"replies":[{"embeddable":true,"href":"https:\/\/www.brazilbabyaffair.org\/pt-br\/wp-json\/wp\/v2\/comments?post=732"}],"version-history":[{"count":4,"href":"https:\/\/www.brazilbabyaffair.org\/pt-br\/wp-json\/wp\/v2\/pages\/732\/revisions"}],"predecessor-version":[{"id":1814,"href":"https:\/\/www.brazilbabyaffair.org\/pt-br\/wp-json\/wp\/v2\/pages\/732\/revisions\/1814"}],"up":[{"embeddable":true,"href":"https:\/\/www.brazilbabyaffair.org\/pt-br\/wp-json\/wp\/v2\/pages\/734"}],"wp:attachment":[{"href":"https:\/\/www.brazilbabyaffair.org\/pt-br\/wp-json\/wp\/v2\/media?parent=732"}],"curies":[{"name":"wp","href":"https:\/\/api.w.org\/{rel}","templated":true}]}}