{"id":734,"date":"2014-08-10T16:03:11","date_gmt":"2014-08-10T14:03:11","guid":{"rendered":"http:\/\/www.brazilbabyaffair.org\/?page_id=734"},"modified":"2014-11-23T18:45:56","modified_gmt":"2014-11-23T17:45:56","slug":"publicacoes-recursos","status":"publish","type":"page","link":"https:\/\/www.brazilbabyaffair.org\/pt-br\/publicacoes-recursos\/","title":{"rendered":"Publica\u00e7\u00f5es &amp; Recursos"},"content":{"rendered":"<p>Esta se\u00e7\u00e3o mostra publica\u00e7\u00f5es e recursos relevantes para qualquer um que esteja interessado na miss\u00e3o e na vis\u00e3o da ONG.<\/p>\n","protected":false},"excerpt":{"rendered":"<p>Esta se\u00e7\u00e3o mostra publica\u00e7\u00f5es e recursos relevantes para qualquer um que esteja interessado na miss\u00e3o e na vis\u00e3o da ONG.<\/p>\n","protected":false},"author":1,"featured_media":0,"parent":0,"menu_order":0,"comment_status":"closed","ping_status":"closed","template":"","meta":{"jetpack_post_was_ever_published":false,"footnotes":""},"class_list":["post-734","page","type-page","status-publish","no-comments"],"jetpack_shortlink":"https:\/\/wp.me\/P59dNp-bQ","jetpack_sharing_enabled":false,"_links":{"self":[{"href":"https:\/\/www.brazilbabyaffair.org\/pt-br\/wp-json\/wp\/v2\/pages\/734","targetHints":{"allow":["GET"]}}],"collection":[{"href":"https:\/\/www.brazilbabyaffair.org\/pt-br\/wp-json\/wp\/v2\/pages"}],"about":[{"href":"https:\/\/www.brazilbabyaffair.org\/pt-br\/wp-json\/wp\/v2\/types\/page"}],"author":[{"embeddable":true,"href":"https:\/\/www.brazilbabyaffair.org\/pt-br\/wp-json\/wp\/v2\/users\/1"}],"replies":[{"embeddable":true,"href":"https:\/\/www.brazilbabyaffair.org\/pt-br\/wp-json\/wp\/v2\/comments?post=734"}],"version-history":[{"count":3,"href":"https:\/\/www.brazilbabyaffair.org\/pt-br\/wp-json\/wp\/v2\/pages\/734\/revisions"}],"predecessor-version":[{"id":810,"href":"https:\/\/www.brazilbabyaffair.org\/pt-br\/wp-json\/wp\/v2\/pages\/734\/revisions\/810"}],"wp:attachment":[{"href":"https:\/\/www.brazilbabyaffair.org\/pt-br\/wp-json\/wp\/v2\/media?parent=734"}],"curies":[{"name":"wp","href":"https:\/\/api.w.org\/{rel}","templated":true}]}}