{"id":736,"date":"2014-08-16T18:57:15","date_gmt":"2014-08-16T16:57:15","guid":{"rendered":"http:\/\/www.brazilbabyaffair.org\/?page_id=736"},"modified":"2020-05-27T22:07:24","modified_gmt":"2020-05-27T20:07:24","slug":"relatos","status":"publish","type":"page","link":"https:\/\/www.brazilbabyaffair.org\/pt-br\/publicacoes-recursos\/relatos\/","title":{"rendered":"Relatos"},"content":{"rendered":"<p>Esta se\u00e7\u00e3o mostra relatos relevantes relativos \u00e0 miss\u00e3o e \u00e0 vis\u00e3o da ONG. Para melhorar a compreensibilidade quanto \u00e0s atividades da ONG, esta se\u00e7\u00e3o mostra somente uma sele\u00e7\u00e3o de relatos (no idioma original) que s\u00e3o relevantes para a miss\u00e3o da ONG.<\/p>\n<h3>2015<\/h3>\n<p><a href=\"http:\/\/www.mpf.mp.br\/sp\/sala-de-imprensa\/noticias-sp\/13-07-15-2013-mpf-sp-consegue-busca-e-apreensao-em-antigo-orfanato-para-descobrir-novos-casos-de-criancas-traficadas-por-dirigentes\" target=\"_blank\" rel=\"noopener noreferrer\">&#8220;Tr\u00e1fico de crian\u00e7as: MPF\/SP consegue busca e apreens\u00e3o em antigo orfanato&#8221;, <em>Minist\u00e9rio P\u00fablico Federal &#8211; Procuradoria Geral da Rep\u00fablica<\/em>, 13 de julho de 2015<\/a><\/p>\n<h3>2014<\/h3>\n<p><a href=\"http:\/\/www.unodc.org\/lpo-brazil\/pt\/frontpage\/2014\/06\/11-audiencia-na-camara-debate-lei-geral-sobre-trafico-de-pessoas.html\" target=\"_blank\" rel=\"noopener noreferrer\">&#8220;Audi\u00eancia na C\u00e2mara debate Lei Geral sobre Tr\u00e1fico de Pessoas&#8221;, <em>UN Office on Drugs and Crime &#8211; Escrit\u00f3rio de Liga\u00e7\u00e3o e Parceria No Brasil<\/em>, 11 de junho de 2014<\/a><\/p>\n<p><a href=\"http:\/\/www2.camara.leg.br\/camaranoticias\/noticias\/SEGURANCA\/468351-CPI-DO-TRAFICO-DE-PESSOAS-APROVA-RELATORIO-FINAL.html\" target=\"_blank\" rel=\"noopener noreferrer\">&#8220;CPI do Tr\u00e1fico de Pessoas aprova relat\u00f3rio final&#8221;, <em>C\u00e2mara dos Deputados<\/em>, 20 de maio de 2014<\/a><\/p>\n<p><a href=\"http:\/\/stj.jusbrasil.com.br\/noticias\/112905251\/as-consequencias-do-jeitinho-brasileiro-na-adocao-ilegal-de-criancas\" target=\"_blank\" rel=\"noopener noreferrer\">&#8220;As consequ\u00eancias do jeitinho brasileiro na ado\u00e7\u00e3o ilegal de crian\u00e7as&#8221;, <em>Superior Tribunal de Justi\u00e7a<\/em>, 09 de fevereiro de 2014<\/a><\/p>\n<h3>2013<\/h3>\n<p><a href=\"http:\/\/www.alerj.rj.gov.br\/common\/noticia_corpo.asp?num=44679\" target=\"_blank\" rel=\"noopener noreferrer\">&#8220;CPI Far\u00e1 Visita \u00e0 Pol\u00edcia Federal para Apurar o Tr\u00e1fico de Crian\u00e7as&#8221;, <em>Assembl\u00e9ia Legislativa do Estado do Rio de Janeiro (Alerj) Not\u00edcias<\/em>, maio de 2013<\/a><\/p>\n<h3>2010<\/h3>\n<p><a href=\"http:\/\/www.hcch.net\/upload\/wop\/adop2010_info6e.pdf\" target=\"_blank\" rel=\"noopener noreferrer\">&#8220;The Grey Zones of Intercountry Adoption &#8211; Information Document No 6 for the attention of the Special Commission of June 2010 on the practical operation of the Hague Convention of 29 May 1993 on Protection of Children and Co-operation in Respect of Intercountry Adoption&#8221;, <em>International Social Service<\/em>, junho de 2010<\/a><\/p>\n<h3>1996<\/h3>\n<p><a title=\"Ein Kind um jeden Preis?\" href=\"http:\/\/www.adoption.de\/pdf\/studie_tdh.pdf\" target=\"_blank\" rel=\"noopener noreferrer\">&#8220;Ein Kind um jeden Preis? Eine Studie zum Adoptionskinderhandel&#8221;, <em>Terre des Hommes Germany<\/em>, 1995-1996<\/a><\/p>\n<h3>1992<\/h3>\n<p><a href=\"https:\/\/www.brazilbabyaffair.org\/wp-content\/uploads\/AlgemeenPolitieblad_Kinderhandel-Big-Business-in-Brazilie_8februari1992.pdf\" target=\"_blank\" rel=\"noopener noreferrer\">Kinderhandel &#8220;Big Business&#8221; in Brazili\u00eb, <em>Algemeen Politieblad<\/em>, 8 februari 1992<\/a><\/p>\n<h3>1987<\/h3>\n<p><a href=\"https:\/\/www.brazilbabyaffair.org\/wp-content\/uploads\/Parliamentary-Assembly-of-the-Council-of-Europe-Report-on-the-traffic-of-children-10-September-1987.pdf\" target=\"_blank\" rel=\"noopener noreferrer\">&#8220;Report on the traffic of children and other forms of child exploitation&#8221;, <em>Parliamentary Assembly of the Council of Europe<\/em>, 10 September 1987<\/a><\/p>\n<h3>1984<\/h3>\n<p><a href=\"http:\/\/www.brazilbabyaffair.org\/wp-content\/uploads\/2014\/08\/AlgemeenPolitieblad-4February1984.pdf\">&#8220;Kinderen op bestelling? Problemen rond interlandelijke adoptie&#8221;, <em>Algemeen Politieblad<\/em>, 04 de fevereiro 1984<\/a><\/p>\n","protected":false},"excerpt":{"rendered":"<p>Esta se\u00e7\u00e3o mostra relatos relevantes relativos \u00e0 miss\u00e3o e \u00e0 vis\u00e3o da ONG. Para melhorar a compreensibilidade quanto \u00e0s atividades da ONG, esta se\u00e7\u00e3o mostra somente uma sele\u00e7\u00e3o de relatos (no idioma original) que s\u00e3o relevantes para a miss\u00e3o da ONG. 2015 &#8220;Tr\u00e1fico de crian\u00e7as: MPF\/SP consegue busca e apreens\u00e3o em antigo orfanato&#8221;, Minist\u00e9rio P\u00fablico &hellip; <\/p>\n<div class=\"more-link-wrapper\"><a href=\"https:\/\/www.brazilbabyaffair.org\/pt-br\/publicacoes-recursos\/relatos\/\" class=\"more-link\">Continue reading<span class=\"screen-reader-text\"> &#8220;Relatos&#8221;<\/span><\/a><\/div>\n","protected":false},"author":1,"featured_media":0,"parent":734,"menu_order":3,"comment_status":"closed","ping_status":"closed","template":"","meta":{"jetpack_post_was_ever_published":false,"footnotes":""},"class_list":["post-736","page","type-page","status-publish","no-comments"],"jetpack_shortlink":"https:\/\/wp.me\/P59dNp-bS","jetpack_sharing_enabled":true,"_links":{"self":[{"href":"https:\/\/www.brazilbabyaffair.org\/pt-br\/wp-json\/wp\/v2\/pages\/736","targetHints":{"allow":["GET"]}}],"collection":[{"href":"https:\/\/www.brazilbabyaffair.org\/pt-br\/wp-json\/wp\/v2\/pages"}],"about":[{"href":"https:\/\/www.brazilbabyaffair.org\/pt-br\/wp-json\/wp\/v2\/types\/page"}],"author":[{"embeddable":true,"href":"https:\/\/www.brazilbabyaffair.org\/pt-br\/wp-json\/wp\/v2\/users\/1"}],"replies":[{"embeddable":true,"href":"https:\/\/www.brazilbabyaffair.org\/pt-br\/wp-json\/wp\/v2\/comments?post=736"}],"version-history":[{"count":10,"href":"https:\/\/www.brazilbabyaffair.org\/pt-br\/wp-json\/wp\/v2\/pages\/736\/revisions"}],"predecessor-version":[{"id":2398,"href":"https:\/\/www.brazilbabyaffair.org\/pt-br\/wp-json\/wp\/v2\/pages\/736\/revisions\/2398"}],"up":[{"embeddable":true,"href":"https:\/\/www.brazilbabyaffair.org\/pt-br\/wp-json\/wp\/v2\/pages\/734"}],"wp:attachment":[{"href":"https:\/\/www.brazilbabyaffair.org\/pt-br\/wp-json\/wp\/v2\/media?parent=736"}],"curies":[{"name":"wp","href":"https:\/\/api.w.org\/{rel}","templated":true}]}}