{"id":738,"date":"2014-08-16T18:57:48","date_gmt":"2014-08-16T16:57:48","guid":{"rendered":"http:\/\/www.brazilbabyaffair.org\/?page_id=738"},"modified":"2016-05-28T19:13:47","modified_gmt":"2016-05-28T17:13:47","slug":"documentos","status":"publish","type":"page","link":"https:\/\/www.brazilbabyaffair.org\/pt-br\/publicacoes-recursos\/documentos\/","title":{"rendered":"Documentos"},"content":{"rendered":"<p>Esta se\u00e7\u00e3o mostra documentos relevantes relativos \u00e0 miss\u00e3o e \u00e0 vis\u00e3o da ONG. Para melhorar a compreensibilidade quanto \u00e0s atividades da ONG, esta se\u00e7\u00e3o mostra uma sele\u00e7\u00e3o de documentos no idioma original.<\/p>\n<hr \/>\n<p>Position Paper: <a href=\"http:\/\/www.brazilbabyaffair.org\/pt-br\/publicacoes-recursos\/documentos\/double-subsidiarity-principle\/\"><em>Double Subsidiarity Principle and the Right to Identity<\/em><\/a>, Patrick Noordoven, NGO Brazil Baby Affair (May 2016)<\/p>\n<p>Research Paper: <a href=\"http:\/\/www.brazilbabyaffair.org\/wp-content\/uploads\/2016\/05\/False-Birth-Registration-Practises.pdf\"><em>Raising Awareness about False Birth Registration Practices, known as the Brazil Baby Affair<\/em><\/a>, Patrick Noordoven, NGO Brazil Baby Affair (May 2016)<\/p>\n<p><a href=\"http:\/\/digitalcommons.providence.edu\/cgi\/viewcontent.cgi?article=1010&amp;context=sbg\" target=\"_blank\" rel=\"noopener\"><em>The Parallels between International Adoption and Slavery<\/em><\/a>, Peter F. Dodds, Sociology between the Gaps Journal, Providence College (8 September 2015)<\/p>\n","protected":false},"excerpt":{"rendered":"<p>Esta se\u00e7\u00e3o mostra documentos relevantes relativos \u00e0 miss\u00e3o e \u00e0 vis\u00e3o da ONG. Para melhorar a compreensibilidade quanto \u00e0s atividades da ONG, esta se\u00e7\u00e3o mostra uma sele\u00e7\u00e3o de documentos no idioma original. Position Paper: Double Subsidiarity Principle and the Right to Identity, Patrick Noordoven, NGO Brazil Baby Affair (May 2016) Research Paper: Raising Awareness about &hellip; <\/p>\n<div class=\"more-link-wrapper\"><a href=\"https:\/\/www.brazilbabyaffair.org\/pt-br\/publicacoes-recursos\/documentos\/\" class=\"more-link\">Continue reading<span class=\"screen-reader-text\"> &#8220;Documentos&#8221;<\/span><\/a><\/div>\n","protected":false},"author":1,"featured_media":0,"parent":734,"menu_order":4,"comment_status":"closed","ping_status":"closed","template":"","meta":{"jetpack_post_was_ever_published":false,"footnotes":""},"class_list":["post-738","page","type-page","status-publish","no-comments"],"jetpack_shortlink":"https:\/\/wp.me\/P59dNp-bU","jetpack_sharing_enabled":false,"_links":{"self":[{"href":"https:\/\/www.brazilbabyaffair.org\/pt-br\/wp-json\/wp\/v2\/pages\/738","targetHints":{"allow":["GET"]}}],"collection":[{"href":"https:\/\/www.brazilbabyaffair.org\/pt-br\/wp-json\/wp\/v2\/pages"}],"about":[{"href":"https:\/\/www.brazilbabyaffair.org\/pt-br\/wp-json\/wp\/v2\/types\/page"}],"author":[{"embeddable":true,"href":"https:\/\/www.brazilbabyaffair.org\/pt-br\/wp-json\/wp\/v2\/users\/1"}],"replies":[{"embeddable":true,"href":"https:\/\/www.brazilbabyaffair.org\/pt-br\/wp-json\/wp\/v2\/comments?post=738"}],"version-history":[{"count":5,"href":"https:\/\/www.brazilbabyaffair.org\/pt-br\/wp-json\/wp\/v2\/pages\/738\/revisions"}],"predecessor-version":[{"id":1751,"href":"https:\/\/www.brazilbabyaffair.org\/pt-br\/wp-json\/wp\/v2\/pages\/738\/revisions\/1751"}],"up":[{"embeddable":true,"href":"https:\/\/www.brazilbabyaffair.org\/pt-br\/wp-json\/wp\/v2\/pages\/734"}],"wp:attachment":[{"href":"https:\/\/www.brazilbabyaffair.org\/pt-br\/wp-json\/wp\/v2\/media?parent=738"}],"curies":[{"name":"wp","href":"https:\/\/api.w.org\/{rel}","templated":true}]}}