{"id":740,"date":"2014-08-16T18:58:40","date_gmt":"2014-08-16T16:58:40","guid":{"rendered":"http:\/\/www.brazilbabyaffair.org\/?page_id=740"},"modified":"2019-10-20T16:52:02","modified_gmt":"2019-10-20T14:52:02","slug":"teses","status":"publish","type":"page","link":"https:\/\/www.brazilbabyaffair.org\/pt-br\/publicacoes-recursos\/teses\/","title":{"rendered":"Teses"},"content":{"rendered":"<p>Esta se\u00e7\u00e3o mostra teses acad\u00eamicas relevantes relativos \u00e0 miss\u00e3o e \u00e0 vis\u00e3o da ONG. Para melhorar a compreensibilidade quanto \u00e0s atividades da ONG, esta se\u00e7\u00e3o mostra uma sele\u00e7\u00e3o de teses relevantes no idioma original.<\/p>\n<p><a href=\"http:\/\/www.brazilbabyaffair.org\/wp-content\/uploads\/LLM-Thesis-Intercountry-Adoption-and-the-Right-to-Identity.pdf\"><em>Intercountry Adoption and the Right to Identity: The Application of the Subsidiarity Principle in Brazil<\/em>, Patrick Noordoven, University of Bras\u00edlia (2019)<\/a><\/p>\n<p><a href=\"http:\/\/www.brazilbabyaffair.org\/wp-content\/uploads\/2014\/12\/Human-Rights-Under-Pressure.pdf\"><em>Human Rights Under Pressure &#8211; The Removal of the United Nations Convention on the Rights of the Child from the European Union&#8217;s Acquis Communautaire<\/em>, Patrick Noordoven, Utrecht University (2014)<\/a><\/p>\n<p><a href=\"http:\/\/dare.uva.nl\/cgi\/arno\/show.cgi?fid=466441\" title=\"Illegal adoption as child trafficking\" target=\"_blank\" rel=\"noopener noreferrer\"><em>Illegal adoption as child trafficking: The potential of the EU Anti-trafficking Directive in protecting children and their original family from abusive intercountry adoption<\/em>, Iara de Witte, University of Amsterdam (2012)<\/a><\/p>\n","protected":false},"excerpt":{"rendered":"<p>Esta se\u00e7\u00e3o mostra teses acad\u00eamicas relevantes relativos \u00e0 miss\u00e3o e \u00e0 vis\u00e3o da ONG. Para melhorar a compreensibilidade quanto \u00e0s atividades da ONG, esta se\u00e7\u00e3o mostra uma sele\u00e7\u00e3o de teses relevantes no idioma original. Intercountry Adoption and the Right to Identity: The Application of the Subsidiarity Principle in Brazil, Patrick Noordoven, University of Bras\u00edlia (2019) &hellip; <\/p>\n<div class=\"more-link-wrapper\"><a href=\"https:\/\/www.brazilbabyaffair.org\/pt-br\/publicacoes-recursos\/teses\/\" class=\"more-link\">Continue reading<span class=\"screen-reader-text\"> &#8220;Teses&#8221;<\/span><\/a><\/div>\n","protected":false},"author":1,"featured_media":0,"parent":734,"menu_order":5,"comment_status":"closed","ping_status":"closed","template":"","meta":{"jetpack_post_was_ever_published":false,"footnotes":""},"class_list":["post-740","page","type-page","status-publish","no-comments"],"jetpack_shortlink":"https:\/\/wp.me\/P59dNp-bW","jetpack_sharing_enabled":true,"_links":{"self":[{"href":"https:\/\/www.brazilbabyaffair.org\/pt-br\/wp-json\/wp\/v2\/pages\/740","targetHints":{"allow":["GET"]}}],"collection":[{"href":"https:\/\/www.brazilbabyaffair.org\/pt-br\/wp-json\/wp\/v2\/pages"}],"about":[{"href":"https:\/\/www.brazilbabyaffair.org\/pt-br\/wp-json\/wp\/v2\/types\/page"}],"author":[{"embeddable":true,"href":"https:\/\/www.brazilbabyaffair.org\/pt-br\/wp-json\/wp\/v2\/users\/1"}],"replies":[{"embeddable":true,"href":"https:\/\/www.brazilbabyaffair.org\/pt-br\/wp-json\/wp\/v2\/comments?post=740"}],"version-history":[{"count":7,"href":"https:\/\/www.brazilbabyaffair.org\/pt-br\/wp-json\/wp\/v2\/pages\/740\/revisions"}],"predecessor-version":[{"id":2213,"href":"https:\/\/www.brazilbabyaffair.org\/pt-br\/wp-json\/wp\/v2\/pages\/740\/revisions\/2213"}],"up":[{"embeddable":true,"href":"https:\/\/www.brazilbabyaffair.org\/pt-br\/wp-json\/wp\/v2\/pages\/734"}],"wp:attachment":[{"href":"https:\/\/www.brazilbabyaffair.org\/pt-br\/wp-json\/wp\/v2\/media?parent=740"}],"curies":[{"name":"wp","href":"https:\/\/api.w.org\/{rel}","templated":true}]}}