{"id":744,"date":"2014-08-16T18:59:50","date_gmt":"2014-08-16T16:59:50","guid":{"rendered":"http:\/\/www.brazilbabyaffair.org\/?page_id=744"},"modified":"2016-12-01T20:43:12","modified_gmt":"2016-12-01T19:43:12","slug":"artigos-de-opiniao","status":"publish","type":"page","link":"https:\/\/www.brazilbabyaffair.org\/pt-br\/publicacoes-recursos\/artigos-de-opiniao\/","title":{"rendered":"Artigos de opini\u00e3o"},"content":{"rendered":"<p>Esta se\u00e7\u00e3o mostra todos os artigos de opini\u00e3o publicados pela ONG no idioma original.<\/p>\n<ul>\n<li>1 December 2016, <a href=\"http:\/\/www.brazilbabyaffair.org\/publications-and-resources\/opinion-articles\/pushing-for-intercountry-adoption-is-a-human-rights-violation\/\">Pushing for Intercountry Adoption is a Human Rights Violation<\/a><\/li>\n<\/ul>\n","protected":false},"excerpt":{"rendered":"<p>Esta se\u00e7\u00e3o mostra todos os artigos de opini\u00e3o publicados pela ONG no idioma original. 1 December 2016, Pushing for Intercountry Adoption is a Human Rights Violation<\/p>\n","protected":false},"author":1,"featured_media":0,"parent":734,"menu_order":7,"comment_status":"closed","ping_status":"closed","template":"template-full.php","meta":{"jetpack_post_was_ever_published":false,"footnotes":""},"class_list":["post-744","page","type-page","status-publish","no-comments"],"jetpack_shortlink":"https:\/\/wp.me\/P59dNp-c0","jetpack_sharing_enabled":false,"_links":{"self":[{"href":"https:\/\/www.brazilbabyaffair.org\/pt-br\/wp-json\/wp\/v2\/pages\/744","targetHints":{"allow":["GET"]}}],"collection":[{"href":"https:\/\/www.brazilbabyaffair.org\/pt-br\/wp-json\/wp\/v2\/pages"}],"about":[{"href":"https:\/\/www.brazilbabyaffair.org\/pt-br\/wp-json\/wp\/v2\/types\/page"}],"author":[{"embeddable":true,"href":"https:\/\/www.brazilbabyaffair.org\/pt-br\/wp-json\/wp\/v2\/users\/1"}],"replies":[{"embeddable":true,"href":"https:\/\/www.brazilbabyaffair.org\/pt-br\/wp-json\/wp\/v2\/comments?post=744"}],"version-history":[{"count":3,"href":"https:\/\/www.brazilbabyaffair.org\/pt-br\/wp-json\/wp\/v2\/pages\/744\/revisions"}],"predecessor-version":[{"id":1866,"href":"https:\/\/www.brazilbabyaffair.org\/pt-br\/wp-json\/wp\/v2\/pages\/744\/revisions\/1866"}],"up":[{"embeddable":true,"href":"https:\/\/www.brazilbabyaffair.org\/pt-br\/wp-json\/wp\/v2\/pages\/734"}],"wp:attachment":[{"href":"https:\/\/www.brazilbabyaffair.org\/pt-br\/wp-json\/wp\/v2\/media?parent=744"}],"curies":[{"name":"wp","href":"https:\/\/api.w.org\/{rel}","templated":true}]}}