{"id":746,"date":"2014-08-16T19:01:15","date_gmt":"2014-08-16T17:01:15","guid":{"rendered":"http:\/\/www.brazilbabyaffair.org\/?page_id=746"},"modified":"2020-05-27T22:05:04","modified_gmt":"2020-05-27T20:05:04","slug":"midia","status":"publish","type":"page","link":"https:\/\/www.brazilbabyaffair.org\/pt-br\/publicacoes-recursos\/midia\/","title":{"rendered":"M\u00eddia"},"content":{"rendered":"<p>Esta se\u00e7\u00e3o mostra publica\u00e7\u00f5es na m\u00eddia relevantes relativas \u00e0 miss\u00e3o e \u00e0 vis\u00e3o da ONG. Esta se\u00e7\u00e3o mostra uma sele\u00e7\u00e3o de publica\u00e7\u00f5es na m\u00eddia relevantes do ponto de vista da ONG no idioma original. Distribuir estas publica\u00e7\u00f5es n\u00e3o significa necessariamente apoio.<\/p>\n<h3>2019<\/h3>\n<p><a href=\"https:\/\/www.brazilbabyaffair.org\/wp-content\/uploads\/AlgemeenDagblad_Adoptiedorp-wil-rust_5januari2019.pdf\" target=\"_blank\" rel=\"noopener noreferrer\">Adoptiedorp wil rust &#8211; Onderzoek naar illegale adopties rijt oude wonden open, <em>Algemeen Dagblad<\/em>, 5 January 2019<\/a><\/p>\n<h3>2018<\/h3>\n<p><a href=\"https:\/\/www.brazilbabyaffair.org\/wp-content\/uploads\/AlgemeenDagblad_Mondje-dicht-bij-illegale-adoptie_8december2018.pdf\" target=\"_blank\" rel=\"noopener noreferrer\">Mondje dicht bij illegale adoptie, <em>Algemeen Dagblad<\/em>, 8 December 2018<\/a><\/p>\n<p><a href=\"http:\/\/www.brazilbabyaffair.org\/wp-content\/uploads\/2018\/05\/PDF-Reportagem-Dana_20180506.pdf\" target=\"_blank\" rel=\"noopener noreferrer\">\u201cBrasileiros levados ilegalmente para Israel voltam ao pa\u00eds em busca dos pais biol\u00f3gicos\u201d, Juliana dal Diva, <em>Ag\u00eancia O Globo<\/em>, 6 de maio 2018<\/a><\/p>\n<h3>2017<\/h3>\n<p><a href=\"https:\/\/www.ohchr.org\/EN\/NewsEvents\/Pages\/DisplayNews.aspx?NewsID=21308&amp;LangID=E\" target=\"_blank\" rel=\"noopener noreferrer\">\u201cIllegal adoptions: States must tackle the pressure of demand, and ensure redress for victims\u201d, <em>United Nations Human Rights Office of the High Commissioner<\/em>, 7 March 2017<\/a><\/p>\n<h3>2016<\/h3>\n<p><a href=\"https:\/\/www.youtube.com\/watch?v=n1thGMjtBQM&amp;feature=youtu.be\" target=\"_blank\" rel=\"noopener noreferrer\">&#8220;Mulher l\u00edder da quadrilha de tr\u00e1fico de beb\u00eas concede entrevista exclusiva, <em>Rep\u00f3rter em A\u00e7\u00e3o<\/em>, 14 November 2016<\/a><\/p>\n<h3>2015<\/h3>\n<p><a href=\"http:\/\/sao-paulo.estadao.com.br\/noticias\/geral,orfanato-e-investigado-por-trafico-de-criancas,1724387\" target=\"_blank\" rel=\"noopener noreferrer\">&#8220;Orfanato \u00e9 investigado por tr\u00e1fico de crian\u00e7as&#8221;, F\u00e1bio Grellet, <em>O Estado de S\u00e3o Paulo<\/em>, 13 de julho de 2015<\/a><\/p>\n<p><a href=\"http:\/\/www.irishexaminer.com\/ireland\/no-appetite-to-uncover-scale-of-illegal-adoption-scandal-323556.html#.VSuVJbpJf50.twitter\" target=\"_blank\" rel=\"noopener noreferrer\">&#8220;No appetite to uncover scale of illegal adoption scandal&#8221;, Conall \u00d3 F\u00e1tharta, <em>Irish Examiner<\/em>, 13 de abril de 2015<\/a><\/p>\n<p><a href=\"http:\/\/oglobo.globo.com\/sociedade\/camara-aprova-projeto-de-lei-que-classifica-adocao-ilegal-como-trafico-de-pessoas-15455544\" target=\"_blank\" rel=\"noopener noreferrer\">&#8220;C\u00e2mara aprova projeto de lei que classifica a ado\u00e7\u00e3o ilegal como tr\u00e1fico de pessoas&#8221;, <em>O Globo<\/em>, 27 de fevereiro de 2015<\/a><\/p>\n<h3>2014<\/h3>\n<p><a href=\"http:\/\/g1.globo.com\/rio-de-janeiro\/noticia\/2014\/11\/vitima-de-trafico-de-pessoas-mulher-busca-mae-e-tenta-recomeco-no-rio.html\" target=\"_blank\" rel=\"noopener noreferrer\">&#8220;V\u00edtima de tr\u00e1fico de pessoas, mulher busca a m\u00e3e e tenta recome\u00e7o no Rio&#8221;, Henrique Coelho, <em>G1 Rio<\/em>, 6 de novembro de 2014<\/a><\/p>\n<p><a title=\"State accused of \u2018deny until they die\u2019 policy on adoption tracing rights\" href=\"http:\/\/www.irishexaminer.com\/ireland\/state-accused-of-deny-until-they-die-policy-on-adoption-tracing-rights-296339.html\" target=\"_blank\" rel=\"noopener noreferrer\">&#8220;State accused of \u2018deny until they die\u2019 policy on adoption tracing rights&#8221;, Conall \u00d3 F\u00e1tharta, <em>Irish Examiner<\/em>, 5 de novembro de 2014<\/a><\/p>\n<p><a title=\"Tracing a birth relative reaps rewards for adoptees\" href=\"http:\/\/www.theguardian.com\/social-care-network\/2014\/sep\/24\/tracing-birth-relative-adoption-family\" target=\"_blank\" rel=\"noopener noreferrer\">&#8220;Tracing a birth relative reaps rewards for adoptees \u2013 but can open a Pandora\u2019s box&#8221;, Joanna Moorhead, <em>Social Care Network, The Guardian<\/em>, 24 de setembro de 2014 <\/a><\/p>\n<p><a href=\"http:\/\/noticias.r7.com\/jornal-da-record\/videos\/criancas-a-venda-jovem-descobre-que-e-vitima-de-trafico-internacional-de-pessoas-28052014\" target=\"_blank\" rel=\"noopener noreferrer\">&#8220;Crian\u00e7as \u00e0 Venda: jovem descobre que \u00e9 v\u00edtima de tr\u00e1fico internacional de pessoas&#8221;, <em>R7<\/em>, 28 de maio de 2014<\/a><\/p>\n<p><a href=\"http:\/\/revistamarieclaire.globo.com\/EuLeitora\/noticia\/2014\/03\/eu-leitora-fui-traficada-quando-era-bebe-e-vou-transformar-minha-dor-em-filme-diz-charlotte-cohen.html\" target=\"_blank\" rel=\"noopener noreferrer\">&#8220;Eu, Leitora: &#8220;Fui traficada quando era beb\u00ea e vou transformar minha dor em filme&#8221;, diz Charlotte Cohen&#8221;, Isabela Noronha, <em>marie claire<\/em>, 18 de mar\u00e7o de 2014<\/a><\/p>\n<p><a href=\"https:\/\/youtu.be\/oG_JdW54pJY?list=PLsRNoUx8w3rPk21aOKazYLRWSFwaq1Nm1\" target=\"_blank\" rel=\"noopener noreferrer\">&#8220;The Secret Identity Of An Adopted Child&#8221;, Catharine Robertson, <em>TEDxBaltimore 2014<\/em>, 31 de janeiro de 2014<\/a><\/p>\n<h3>2000<\/h3>\n<p><a href=\"http:\/\/www.nytimes.com\/2000\/06\/03\/us\/public-lives-an-adoptee-rights-hero-who-knows-all-the-arguments.html\" target=\"_blank\" rel=\"noopener noreferrer\">&#8220;An Adoptee-Rights Hero Who Knows All the Arguments&#8221;, Sam Howe Verhovek, <em>The New York Times<\/em>, 3 de junho de 2000<\/a><\/p>\n<h3>1999<\/h3>\n<p><a title=\"The city of lost children\" href=\"http:\/\/www.salon.com\/1999\/01\/30\/feature_379\/\" target=\"_blank\" rel=\"noopener noreferrer\">&#8220;The city of lost children. Is a Brazilian judge stealing babies for American Families?&#8221;, Katherine Ellison, <em>Salon<\/em>, 30 de janeiro de 1999<\/a><\/p>\n<h3>1995<\/h3>\n<p><a title=\"Heisse ware baby\" href=\"http:\/\/www.spiegel.de\/spiegel\/print\/d-9186224.html\" target=\"_blank\" rel=\"noopener noreferrer\">&#8220;Heisse ware baby&#8221;, <em>Der Spiegel<\/em>, 5 de junho de 1995<\/a><\/p>\n<h3>1988<\/h3>\n<p><a title=\"Baby-Bomber\" href=\"http:\/\/www.spiegel.de\/spiegel\/print\/d-13529073.html\" target=\"_blank\" rel=\"noopener noreferrer\">&#8220;Baby-Bomber&#8221;, <em>Der Spiegel<\/em>, 11 de julho de 1988<\/a><\/p>\n<p><a title=\"Video Globo Rep\u00f3rter\" href=\"http:\/\/globotv.globo.com\/rede-globo\/globo-reporter\/v\/justica-de-israel-decide-devolver-menina-bruna-sequestrada-aos-4-meses-no-brasil\/2365634\/\" target=\"_blank\" rel=\"noopener noreferrer\">&#8220;Justi\u00e7a de Israel decide devolver menina Bruna sequestrada aos 4 meses no Brasil&#8221;, <em>Globo Rep\u00f3rter<\/em>, 17 de junho de 1988<\/a><\/p>\n<h3>1986<\/h3>\n<p><a href=\"http:\/\/www.brazilbabyaffair.org\/wp-content\/uploads\/2014\/08\/BRAZIL-BABY-FARM-A-Luxury-Adoption-Business-\u2013-1986.pdf\">&#8220;Brazil Baby Farm&#8221;, Wendy Smith, <em>Time<\/em>, 4 de agosto de 1986<\/a><\/p>\n<p><a href=\"http:\/\/www.brazilbabyaffair.org\/wp-content\/uploads\/2014\/08\/Globo_13July1986.pdf\"><br \/>\n&#8220;Beb\u00ea brasileiro \u00e9 produto de exporta\u00e7\u00e3o ilegal&#8221;, <em>O Globo<\/em>, 13 de julho de 1986<\/a><\/p>\n<h3>1985<\/h3>\n<p><a href=\"http:\/\/www.vpro.nl\/speel.POMS_VPRO_133480.html\" target=\"_blank\" rel=\"noopener noreferrer\">&#8220;adoptie van kinderen uit de derde wereld, 2&#8221;, <em>VPRO &#8211; het spoor<\/em>, 2 de setembro de 1985<\/a><\/p>\n<p><a href=\"http:\/\/www.vpro.nl\/speel.POMS_VPRO_133478.html\" target=\"_blank\" rel=\"noopener noreferrer\">&#8220;adoptie van kinderen uit de derde wereld, 1&#8221;, <em>VPRO &#8211; het spoor<\/em>, 26 de augusto de 1985<\/a><\/p>\n<p><a href=\"https:\/\/www.youtube.com\/watch?v=8jGQjthOKMk\" target=\"_blank\" rel=\"noopener noreferrer\">&#8220;Fly on The Wall Documentary &#8211; BBC Real Lives \u201cThe Baby Searchers\u201d&#8221;, 14 February 1985<\/a><\/p>\n<h3>1984<\/h3>\n<p><a href=\"http:\/\/www.brazilbabyaffair.org\/wp-content\/uploads\/2015\/03\/RevistaManchete_1984.pdf\">&#8220;Esta filha \u00e9 minha&#8221;, J\u00falio Bartolo, <em>Revista Manchete<\/em>, 1984<\/a><\/p>\n<h3>1983<\/h3>\n<p><a href=\"http:\/\/www.brazilbabyaffair.org\/wp-content\/uploads\/2014\/08\/DeTelegraaf1983.pdf\">&#8220;Nederlands weeshuis in Brazili\u00eb beschuldigd: Woekerwinst bij verkoop baby\u2019s.&#8221;, Bert Voorthuijsen, <em>De Telegraaf<\/em>, 5 de marzo de 1983<\/a><\/p>\n<h3>1982<\/h3>\n<p><a href=\"http:\/\/www.brazilbabyaffair.org\/wp-content\/uploads\/2014\/08\/Globo_18July1982.pdf\"><br \/>\n&#8220;Holandeses levam beb\u00eas ilegalmente do Brasil&#8221;, <em>O Globo<\/em>, 18 de julho de 1982<\/a><\/p>\n<p><a title=\"10 000 Dollar f\u00fcr ein Baby aus Kolumbi\u00ebn\" href=\"http:\/\/www.spiegel.de\/spiegel\/print\/d-14348458.html\" target=\"_blank\" rel=\"noopener noreferrer\">&#8220;10 000 Dollar f\u00fcr ein Baby aus Kolumbien&#8221;, <em>Der Spiegel<\/em>, 12 de julho de 1982<\/a><\/p>\n<p><a href=\"http:\/\/www.brazilbabyaffair.org\/pt-br\/publicacoes-recursos\/midia\/entrevista-com-cathia-seeder\/\">Entrevista com Cathia Seeder, <em>Dutch TV report \u201cAchter het Nieuws\u201d<\/em>, 22 February 1982<\/a><\/p>\n<p><a title=\"Procedimento de Ado\u00e7\u00e3o Ilegal\" href=\"http:\/\/www.brazilbabyaffair.org\/pt-br\/publicacoes-recursos\/midia\/procedimento-de-adocao-ilegal\/\">Procedimento de Ado\u00e7\u00e3o Ilegal, <em>Reportagem da TV holandesa &#8220;Achter het Nieuws&#8221;<\/em>, 22 de fevereiro de 1982 \u2013 A cena explica o procedimento de ado\u00e7\u00e3o ilegal<\/a><\/p>\n<p><a href=\"http:\/\/www.brazilbabyaffair.org\/pt-br\/publicacoes-recursos\/midia\/entrevista-com-lia-junqueira\/\">Entrevista com advogada Lia Junqueira, <em>Reportagem da TV holandesa &#8220;Achter het Nieuws&#8221;<\/em>, 22 de fevereiro de 1982<\/a><\/p>\n","protected":false},"excerpt":{"rendered":"<p>Esta se\u00e7\u00e3o mostra publica\u00e7\u00f5es na m\u00eddia relevantes relativas \u00e0 miss\u00e3o e \u00e0 vis\u00e3o da ONG. Esta se\u00e7\u00e3o mostra uma sele\u00e7\u00e3o de publica\u00e7\u00f5es na m\u00eddia relevantes do ponto de vista da ONG no idioma original. Distribuir estas publica\u00e7\u00f5es n\u00e3o significa necessariamente apoio. 2019 Adoptiedorp wil rust &#8211; Onderzoek naar illegale adopties rijt oude wonden open, Algemeen &hellip; <\/p>\n<div class=\"more-link-wrapper\"><a href=\"https:\/\/www.brazilbabyaffair.org\/pt-br\/publicacoes-recursos\/midia\/\" class=\"more-link\">Continue reading<span class=\"screen-reader-text\"> &#8220;M\u00eddia&#8221;<\/span><\/a><\/div>\n","protected":false},"author":1,"featured_media":0,"parent":734,"menu_order":8,"comment_status":"closed","ping_status":"closed","template":"","meta":{"jetpack_post_was_ever_published":false,"footnotes":""},"class_list":["post-746","page","type-page","status-publish","no-comments"],"jetpack_shortlink":"https:\/\/wp.me\/P59dNp-c2","jetpack_sharing_enabled":true,"_links":{"self":[{"href":"https:\/\/www.brazilbabyaffair.org\/pt-br\/wp-json\/wp\/v2\/pages\/746","targetHints":{"allow":["GET"]}}],"collection":[{"href":"https:\/\/www.brazilbabyaffair.org\/pt-br\/wp-json\/wp\/v2\/pages"}],"about":[{"href":"https:\/\/www.brazilbabyaffair.org\/pt-br\/wp-json\/wp\/v2\/types\/page"}],"author":[{"embeddable":true,"href":"https:\/\/www.brazilbabyaffair.org\/pt-br\/wp-json\/wp\/v2\/users\/1"}],"replies":[{"embeddable":true,"href":"https:\/\/www.brazilbabyaffair.org\/pt-br\/wp-json\/wp\/v2\/comments?post=746"}],"version-history":[{"count":10,"href":"https:\/\/www.brazilbabyaffair.org\/pt-br\/wp-json\/wp\/v2\/pages\/746\/revisions"}],"predecessor-version":[{"id":2395,"href":"https:\/\/www.brazilbabyaffair.org\/pt-br\/wp-json\/wp\/v2\/pages\/746\/revisions\/2395"}],"up":[{"embeddable":true,"href":"https:\/\/www.brazilbabyaffair.org\/pt-br\/wp-json\/wp\/v2\/pages\/734"}],"wp:attachment":[{"href":"https:\/\/www.brazilbabyaffair.org\/pt-br\/wp-json\/wp\/v2\/media?parent=746"}],"curies":[{"name":"wp","href":"https:\/\/api.w.org\/{rel}","templated":true}]}}