{"id":748,"date":"2014-08-16T19:02:01","date_gmt":"2014-08-16T17:02:01","guid":{"rendered":"http:\/\/www.brazilbabyaffair.org\/?page_id=748"},"modified":"2015-08-22T09:02:53","modified_gmt":"2015-08-22T07:02:53","slug":"bba-na-midia","status":"publish","type":"page","link":"https:\/\/www.brazilbabyaffair.org\/pt-br\/publicacoes-recursos\/midia\/bba-na-midia\/","title":{"rendered":"Brazil Baby Affair na m\u00eddia"},"content":{"rendered":"<p>Esta se\u00e7\u00e3o mostra todas as publica\u00e7\u00f5es na m\u00eddia sobre as atividades da ONG no idioma original.<\/p>\n<hr \/>\n<p><em>Quinta-feira 27 de julho 2015<\/em><\/p>\n<h4>Illegally adopted Brazilians search for their roots, <em>World in Progress, DW &#8211; Deutsche Well<\/em>e<\/h4>\n<p>Para ouvir a grava\u00e7\u00e3o do programa de r\u00e1dio em ingl\u00eas, clique <a href=\"http:\/\/www.dw.com\/en\/world-in-progress-illegally-adopted-brazilians-search-for-their-roots\/av-18599645\" target=\"_blank\" rel=\"noopener\"><strong>aqui<\/strong><\/a>.<\/p>\n<hr \/>\n<p><em>Domingo 7 de junho 2015<\/em><\/p>\n<h4>&#8216;Illegale adoptie met hulp van de staat&#8217;, <em>Reporter Radio, NPO1<\/em><\/h4>\n<p>Para ouvir a grava\u00e7\u00e3o do programa de r\u00e1dio em holand\u00eas, clique <a href=\"http:\/\/www.radio1.nl\/item\/295520-7-juni-2015:-Illegale-adoptie-met-hulp-van-de-staat.html\" target=\"_blank\" rel=\"noopener\"><strong>aqui<\/strong><\/a>.<\/p>\n<hr \/>\n<p><em>S\u00e1bado 28 de fevereiro 2015<\/em><br \/>\n<strong>Der St\u00e4fner Patrick Noordoven wurde in Brasilien ein Opfer von Kinderhandel<\/strong><\/p>\n<h4>&#8216;Meine Eltern nahmen mir ein Menschenrecht&#8217;, <em>Z\u00fcrichsee-Zeitung<\/em><\/h4>\n<p>Leia o artigo em alem\u00e3o abaixo ou em portugu\u00eas <a href=\"http:\/\/www.brazilbabyaffair.org\/pt-br\/publicacoes-recursos\/midia\/bba-na-midia\/meus-pais-me-levaram-um-direito-humano\/\"><strong>aqui<\/strong><\/a>.<\/p>\n<div align=\"center\"><a href=\"http:\/\/www.brazilbabyaffair.org\/wp-content\/uploads\/2015\/01\/Article_Zurichsee-Zeitung_28Feb15.pdf\"><img loading=\"lazy\" decoding=\"async\" width=\"250\" height=\"374\" class=\" size-full wp-image-1232 aligncenter\" src=\"http:\/\/www.brazilbabyaffair.org\/wp-content\/uploads\/2015\/03\/Zurichsee-Zeitung_Image-e1425210042240.png\" alt=\"Zurichsee-Zeitung_Image\" \/><\/a><\/div>\n<hr \/>\n<p><em>S\u00e1bado 01 de novembro 2014<\/em><br \/>\n<strong>Adotado Patrick Noordoven estava procurando por seus pais biol\u00f3gicos no Brasil e fez uma descoberta desconcertante<\/strong><\/p>\n<h4>\u2018Eu sou um filho comprado\u2019, <em>De Telegraaf<\/em><\/h4>\n<p>Leia o artigo em neerland\u00eas abaixo ou em portugu\u00eas <a title=\"\u2018Eu sou um filho comprado\u2019\" href=\"http:\/\/www.brazilbabyaffair.org\/pt-br\/publicacoes-recursos\/midia\/bba-na-midia\/sou-um-filho-comprado\/\"><strong>aqui<\/strong><\/a>. <a href=\"http:\/\/www.brazilbabyaffair.org\/wp-content\/uploads\/2014\/08\/TelegraafArtikel141101.pdf\"><img loading=\"lazy\" decoding=\"async\" width=\"896\" height=\"639\" class=\" size-full wp-image-707 aligncenter\" src=\"http:\/\/www.brazilbabyaffair.org\/wp-content\/uploads\/2014\/08\/Telegraaf141101.png\" alt=\"Telegraaf141101\" srcset=\"https:\/\/www.brazilbabyaffair.org\/wp-content\/uploads\/2014\/08\/Telegraaf141101.png 896w, https:\/\/www.brazilbabyaffair.org\/wp-content\/uploads\/2014\/08\/Telegraaf141101-300x213.png 300w\" sizes=\"auto, (max-width: 896px) 100vw, 896px\" \/><\/a><\/p>\n<hr \/>\n<p><em>Sexta-feira 31 de outubro de 2014<\/em><br \/>\n<strong>V\u00edtima de caso ado\u00e7\u00e3o ilegal quer ir \u00e0 tribunal<\/strong><\/p>\n<h4>\u2018Tr\u00e1fico de crian\u00e7as com a ajuda do Estado\u2019, <em>De Telegraaf<\/em><\/h4>\n<p>Leia o artigo em neerland\u00eas abaixo ou em portugu\u00eas <strong><a title=\"\u2018O tr\u00e1fico de crian\u00e7as, com a ajuda do Estado\u2019\" href=\"http:\/\/www.brazilbabyaffair.org\/pt-br\/publicacoes-recursos\/midia\/bba-na-midia\/o-trafico-de-criancas-com-a-ajuda-do-estado\/\">aqui<\/a><\/strong> <a href=\"http:\/\/www.brazilbabyaffair.org\/wp-content\/uploads\/2014\/10\/TelegraafArtikel_141031.pdf\"><img loading=\"lazy\" decoding=\"async\" width=\"622\" height=\"511\" class=\" size-full wp-image-702 aligncenter\" src=\"http:\/\/www.brazilbabyaffair.org\/wp-content\/uploads\/2014\/08\/Telegraaf141031.png\" alt=\"Telegraaf141031\" srcset=\"https:\/\/www.brazilbabyaffair.org\/wp-content\/uploads\/2014\/08\/Telegraaf141031.png 622w, https:\/\/www.brazilbabyaffair.org\/wp-content\/uploads\/2014\/08\/Telegraaf141031-300x246.png 300w\" sizes=\"auto, (max-width: 622px) 100vw, 622px\" \/><\/a><\/p>\n","protected":false},"excerpt":{"rendered":"<p>Esta se\u00e7\u00e3o mostra todas as publica\u00e7\u00f5es na m\u00eddia sobre as atividades da ONG no idioma original. Quinta-feira 27 de julho 2015 Illegally adopted Brazilians search for their roots, World in Progress, DW &#8211; Deutsche Welle Para ouvir a grava\u00e7\u00e3o do programa de r\u00e1dio em ingl\u00eas, clique aqui. Domingo 7 de junho 2015 &#8216;Illegale adoptie met &hellip; <\/p>\n<div class=\"more-link-wrapper\"><a href=\"https:\/\/www.brazilbabyaffair.org\/pt-br\/publicacoes-recursos\/midia\/bba-na-midia\/\" class=\"more-link\">Continue reading<span class=\"screen-reader-text\"> &#8220;Brazil Baby Affair na m\u00eddia&#8221;<\/span><\/a><\/div>\n","protected":false},"author":1,"featured_media":768,"parent":746,"menu_order":0,"comment_status":"closed","ping_status":"closed","template":"","meta":{"jetpack_post_was_ever_published":false,"footnotes":""},"class_list":["post-748","page","type-page","status-publish","has-post-thumbnail","no-comments"],"jetpack_shortlink":"https:\/\/wp.me\/P59dNp-c4","jetpack_sharing_enabled":true,"_links":{"self":[{"href":"https:\/\/www.brazilbabyaffair.org\/pt-br\/wp-json\/wp\/v2\/pages\/748","targetHints":{"allow":["GET"]}}],"collection":[{"href":"https:\/\/www.brazilbabyaffair.org\/pt-br\/wp-json\/wp\/v2\/pages"}],"about":[{"href":"https:\/\/www.brazilbabyaffair.org\/pt-br\/wp-json\/wp\/v2\/types\/page"}],"author":[{"embeddable":true,"href":"https:\/\/www.brazilbabyaffair.org\/pt-br\/wp-json\/wp\/v2\/users\/1"}],"replies":[{"embeddable":true,"href":"https:\/\/www.brazilbabyaffair.org\/pt-br\/wp-json\/wp\/v2\/comments?post=748"}],"version-history":[{"count":10,"href":"https:\/\/www.brazilbabyaffair.org\/pt-br\/wp-json\/wp\/v2\/pages\/748\/revisions"}],"predecessor-version":[{"id":1568,"href":"https:\/\/www.brazilbabyaffair.org\/pt-br\/wp-json\/wp\/v2\/pages\/748\/revisions\/1568"}],"up":[{"embeddable":true,"href":"https:\/\/www.brazilbabyaffair.org\/pt-br\/wp-json\/wp\/v2\/pages\/746"}],"wp:featuredmedia":[{"embeddable":true,"href":"https:\/\/www.brazilbabyaffair.org\/pt-br\/wp-json\/wp\/v2\/media\/768"}],"wp:attachment":[{"href":"https:\/\/www.brazilbabyaffair.org\/pt-br\/wp-json\/wp\/v2\/media?parent=748"}],"curies":[{"name":"wp","href":"https:\/\/api.w.org\/{rel}","templated":true}]}}