{"id":750,"date":"2014-08-16T20:02:09","date_gmt":"2014-08-16T18:02:09","guid":{"rendered":"http:\/\/www.brazilbabyaffair.org\/?page_id=750"},"modified":"2014-11-03T20:52:00","modified_gmt":"2014-11-03T19:52:00","slug":"logo","status":"publish","type":"page","link":"https:\/\/www.brazilbabyaffair.org\/pt-br\/sobre\/logo\/","title":{"rendered":"Logo"},"content":{"rendered":"<p>O logo da Brazil Baby Affair foi criado por Alexandre Beck. Os desenhos de Alexandre s\u00e3o publicados regularmente no jornal <a href=\"http:\/\/www.folha.uol.com.br\/\" target=\"_blank\" rel=\"noopener\">Folha de S\u00e3o Paulo<\/a>, a principal voz liberal do Brasil. Seu trabalho para o jornal \u00e9 parte de uma <a href=\"http:\/\/www1.folha.uol.com.br\/colunas\/roselysayao\/\" target=\"_blank\" rel=\"noopener\">coluna escrita por Rosely Sav\u00e3o<\/a>, uma psic\u00f3loga brasileira que escreve sobre crian\u00e7as e tem uma contribui\u00e7\u00e3o semanal para adultos.<\/p>\n<p>A cria\u00e7\u00e3o de Alexandre, <a title=\"Armandinho\" href=\"https:\/\/pt-br.facebook.com\/tirasarmandinho\" target=\"_blank\" rel=\"noopener\"><strong>Armandinho<\/strong><\/a>, \u00e9 uma personagem profundamente otimista e de grande moral. O senso de humor de Armandinho utiliza um aspecto \u00fanico da cultura brasileira que confronta os adultos ao segurar um espelho e refletindo de volta para eles a sociedade em que vivem. Atrav\u00e9s deste espelho, Armandinho n\u00e3o deixa de expor nenhum problema.<\/p>\n<p>Quando Alexandre foi chamado para contribuir com a miss\u00e3o da ONG, ele logo criou um banner para o site. O banner mostra Armandinho com seu pai. A ilustra\u00e7\u00e3o mostra, portanto, uma cena da inf\u00e2ncia, como parte do direito de uma crian\u00e7a a crescer com sua fam\u00edlia. Nesta cena, Armandinho diz: \u201c Adotar \u00e9 legal!\u201d.<\/p>\n<p>Esta afirma\u00e7\u00e3o cobre as origens da Brazil Baby Affair como se as ado\u00e7\u00f5es n\u00e3o fossem legais. Se elas fossem legais, a situa\u00e7\u00e3o atual dos adotados da Brazil Baby Affair n\u00e3o existiria.<\/p>\n<p><img loading=\"lazy\" decoding=\"async\" class=\"alignleft size-large wp-image-359\" src=\"http:\/\/www.brazilbabyaffair.org\/wp-content\/uploads\/2014\/09\/dinho0347.png?w=604\" alt=\"dinho0347\" width=\"604\" height=\"175\" srcset=\"https:\/\/www.brazilbabyaffair.org\/wp-content\/uploads\/2014\/09\/dinho0347.png 980w, https:\/\/www.brazilbabyaffair.org\/wp-content\/uploads\/2014\/09\/dinho0347-300x87.png 300w, https:\/\/www.brazilbabyaffair.org\/wp-content\/uploads\/2014\/09\/dinho0347-624x181.png 624w\" sizes=\"auto, (max-width: 604px) 100vw, 604px\" \/><\/p>\n","protected":false},"excerpt":{"rendered":"<p>O logo da Brazil Baby Affair foi criado por Alexandre Beck. Os desenhos de Alexandre s\u00e3o publicados regularmente no jornal Folha de S\u00e3o Paulo, a principal voz liberal do Brasil. Seu trabalho para o jornal \u00e9 parte de uma coluna escrita por Rosely Sav\u00e3o, uma psic\u00f3loga brasileira que escreve sobre crian\u00e7as e tem uma contribui\u00e7\u00e3o &hellip; <\/p>\n<div class=\"more-link-wrapper\"><a href=\"https:\/\/www.brazilbabyaffair.org\/pt-br\/sobre\/logo\/\" class=\"more-link\">Continue reading<span class=\"screen-reader-text\"> &#8220;Logo&#8221;<\/span><\/a><\/div>\n","protected":false},"author":1,"featured_media":0,"parent":558,"menu_order":3,"comment_status":"closed","ping_status":"closed","template":"","meta":{"jetpack_post_was_ever_published":false,"footnotes":""},"class_list":["post-750","page","type-page","status-publish","no-comments"],"jetpack_shortlink":"https:\/\/wp.me\/P59dNp-c6","jetpack_sharing_enabled":false,"_links":{"self":[{"href":"https:\/\/www.brazilbabyaffair.org\/pt-br\/wp-json\/wp\/v2\/pages\/750","targetHints":{"allow":["GET"]}}],"collection":[{"href":"https:\/\/www.brazilbabyaffair.org\/pt-br\/wp-json\/wp\/v2\/pages"}],"about":[{"href":"https:\/\/www.brazilbabyaffair.org\/pt-br\/wp-json\/wp\/v2\/types\/page"}],"author":[{"embeddable":true,"href":"https:\/\/www.brazilbabyaffair.org\/pt-br\/wp-json\/wp\/v2\/users\/1"}],"replies":[{"embeddable":true,"href":"https:\/\/www.brazilbabyaffair.org\/pt-br\/wp-json\/wp\/v2\/comments?post=750"}],"version-history":[{"count":1,"href":"https:\/\/www.brazilbabyaffair.org\/pt-br\/wp-json\/wp\/v2\/pages\/750\/revisions"}],"predecessor-version":[{"id":751,"href":"https:\/\/www.brazilbabyaffair.org\/pt-br\/wp-json\/wp\/v2\/pages\/750\/revisions\/751"}],"up":[{"embeddable":true,"href":"https:\/\/www.brazilbabyaffair.org\/pt-br\/wp-json\/wp\/v2\/pages\/558"}],"wp:attachment":[{"href":"https:\/\/www.brazilbabyaffair.org\/pt-br\/wp-json\/wp\/v2\/media?parent=750"}],"curies":[{"name":"wp","href":"https:\/\/api.w.org\/{rel}","templated":true}]}}