{"id":754,"date":"2014-08-16T20:04:39","date_gmt":"2014-08-16T18:04:39","guid":{"rendered":"http:\/\/www.brazilbabyaffair.org\/?page_id=754"},"modified":"2014-11-03T20:54:28","modified_gmt":"2014-11-03T19:54:28","slug":"declaracao-de-privacidade","status":"publish","type":"page","link":"https:\/\/www.brazilbabyaffair.org\/pt-br\/sobre\/declaracao-de-privacidade\/","title":{"rendered":"Declara\u00e7\u00e3o de Privacidade"},"content":{"rendered":"<p>Caso tenha escolhido nos fornecer informa\u00e7\u00f5es privadas, estas informa\u00e7\u00f5es ser\u00e3o tratadas com sigilo absoluto. Para responder sua pergunta, compartilharemos seu email internamente para encaminhar ao especialista adequado da equipe.<\/p>\n<p>Exceto a pedido de autoridade e \u00f3rg\u00e3os de aplica\u00e7\u00e3o da lei, n\u00e3o compartilharemos nossa conta de email com nenhuma outra organiza\u00e7\u00e3o externa.<\/p>\n<p>A ONG Brazil Baby Affairs n\u00e3o assume qualquer responsabilidade por qualquer falha de seguran\u00e7a que exponha informa\u00e7\u00f5es pessoais sigilosas.<\/p>\n<p>A ONG incentiva formas seguras de comunica\u00e7\u00e3o e fornece sugest\u00f5es adequadas mediante pedido.<\/p>\n<p>Atrav\u00e9s de nosso website, do Twitter e Facebook fornecemos links de websites de terceiros. N\u00e3o assumimos qualquer responsabilidade sobre o conte\u00fado dos websites de terceiros; nem endossa necessariamente seus objetivos.<\/p>\n<p>Utilizamos Twitter e Facebook para interagir com todas as pessoas preocupadas com nossa miss\u00e3o e vis\u00e3o.<\/p>\n<p>Nosso website tem links para outras organiza\u00e7\u00f5es. Quando voc\u00ea segue um link para outro site, voc\u00ea n\u00e3o est\u00e1 mais no nosso site e est\u00e1 sujeito \u00e0 pol\u00edtica de privacidade do novo site.<\/p>\n<p>Nossa equipe se empenha inteiramente para fornecer informa\u00e7\u00f5es corretas e completas. No entanto, n\u00e3o podemos garantir que n\u00e3o haver\u00e1 erros. Em rela\u00e7\u00e3o \u00e0s informa\u00e7\u00f5es fornecidas nesse site, nem a ONG, nem os membros da equipe fazem qualquer garantia expressa ou impl\u00edcita, para uma finalidade espec\u00edfica com rela\u00e7\u00e3o \u00e0 informa\u00e7\u00e3o dispon\u00edvel neste website.<\/p>\n<p>Al\u00e9m disso, a ONG n\u00e3o assume qualquer responsabilidade legal pela precis\u00e3o, integridade ou utilidade de qualquer informa\u00e7\u00e3o ou processo aqui divulgado, e n\u00e3o assegura que o uso de tais informa\u00e7\u00f5es, ou de processo, n\u00e3o infringe os direitos de propriedade privada.<\/p>\n","protected":false},"excerpt":{"rendered":"<p>Caso tenha escolhido nos fornecer informa\u00e7\u00f5es privadas, estas informa\u00e7\u00f5es ser\u00e3o tratadas com sigilo absoluto. Para responder sua pergunta, compartilharemos seu email internamente para encaminhar ao especialista adequado da equipe. Exceto a pedido de autoridade e \u00f3rg\u00e3os de aplica\u00e7\u00e3o da lei, n\u00e3o compartilharemos nossa conta de email com nenhuma outra organiza\u00e7\u00e3o externa. A ONG Brazil Baby &hellip; <\/p>\n<div class=\"more-link-wrapper\"><a href=\"https:\/\/www.brazilbabyaffair.org\/pt-br\/sobre\/declaracao-de-privacidade\/\" class=\"more-link\">Continue reading<span class=\"screen-reader-text\"> &#8220;Declara\u00e7\u00e3o de Privacidade&#8221;<\/span><\/a><\/div>\n","protected":false},"author":1,"featured_media":0,"parent":558,"menu_order":5,"comment_status":"closed","ping_status":"closed","template":"template-full.php","meta":{"jetpack_post_was_ever_published":false,"footnotes":""},"class_list":["post-754","page","type-page","status-publish","no-comments"],"jetpack_shortlink":"https:\/\/wp.me\/P59dNp-ca","jetpack_sharing_enabled":false,"_links":{"self":[{"href":"https:\/\/www.brazilbabyaffair.org\/pt-br\/wp-json\/wp\/v2\/pages\/754","targetHints":{"allow":["GET"]}}],"collection":[{"href":"https:\/\/www.brazilbabyaffair.org\/pt-br\/wp-json\/wp\/v2\/pages"}],"about":[{"href":"https:\/\/www.brazilbabyaffair.org\/pt-br\/wp-json\/wp\/v2\/types\/page"}],"author":[{"embeddable":true,"href":"https:\/\/www.brazilbabyaffair.org\/pt-br\/wp-json\/wp\/v2\/users\/1"}],"replies":[{"embeddable":true,"href":"https:\/\/www.brazilbabyaffair.org\/pt-br\/wp-json\/wp\/v2\/comments?post=754"}],"version-history":[{"count":2,"href":"https:\/\/www.brazilbabyaffair.org\/pt-br\/wp-json\/wp\/v2\/pages\/754\/revisions"}],"predecessor-version":[{"id":770,"href":"https:\/\/www.brazilbabyaffair.org\/pt-br\/wp-json\/wp\/v2\/pages\/754\/revisions\/770"}],"up":[{"embeddable":true,"href":"https:\/\/www.brazilbabyaffair.org\/pt-br\/wp-json\/wp\/v2\/pages\/558"}],"wp:attachment":[{"href":"https:\/\/www.brazilbabyaffair.org\/pt-br\/wp-json\/wp\/v2\/media?parent=754"}],"curies":[{"name":"wp","href":"https:\/\/api.w.org\/{rel}","templated":true}]}}