{"id":761,"date":"2014-08-17T11:35:06","date_gmt":"2014-08-17T09:35:06","guid":{"rendered":"http:\/\/www.brazilbabyaffair.org\/?page_id=761"},"modified":"2017-06-19T09:42:09","modified_gmt":"2017-06-19T07:42:09","slug":"casos-resolvidos","status":"publish","type":"page","link":"https:\/\/www.brazilbabyaffair.org\/pt-br\/casos\/casos-resolvidos\/","title":{"rendered":"Casos Resolvidos"},"content":{"rendered":"<hr \/>\n<h3 style=\"text-align:left;\">Charlotte<\/h3>\n<p><img decoding=\"async\" src=\"http:\/\/www.brazilbabyaffair.org\/wp-content\/uploads\/2014\/08\/ProfilePhoto_Charlotte-cropped-216x300.jpg\" alt=\"ProfilePhoto_Charlotte-cropped\" class=\"alignright size-medium wp-image-1371\" \/> Charlotte cresceu em um bairro de classe alta em Paris com seus pais adotivos. Ela teve uma inf\u00e2ncia dif\u00edcil, sua m\u00e3e \u00e9 bipolar e sue pai, alc\u00f3olico.<\/p>\n<p>Ela tinha curiosidade em saber mais sobre sua ado\u00e7\u00e3o no Brasil e come\u00e7ou a investigar quando tinha 14 anos. Disseram a ela que tinha sido achada na rua, mas ela n\u00e3o acreditou nessa hist\u00f3ria.<\/p>\n<p>O que ela descobriu ao buscar a verdade foi surpreendente: nenhum de seus pap\u00e9is da ado\u00e7\u00e3o &#8211; que eram guardados em segredo &#8211; fazia sentido, e suas perguntas sobre suas origens no Brasil permaneceram sem resposta.<\/p>\n<p><em>Leia mais sobre este caso <strong><a href=\"http:\/\/www.brazilbabyaffair.org\/pt-br\/casos\/casos-resolvidos\/charlotte\/\">aqui<\/a><\/strong><\/em>.<\/p>\n<hr \/>\n<h3 style=\"text-align:left;\">Aparecida<\/h3>\n<p><img loading=\"lazy\" decoding=\"async\" width=\"235\" height=\"300\" src=\"http:\/\/www.brazilbabyaffair.org\/wp-content\/uploads\/2014\/08\/PhotoAparecida_cropped-235x300.jpeg\" alt=\"PhotoAparecida_cropped\" class=\"alignright size-medium wp-image-1420\" srcset=\"https:\/\/www.brazilbabyaffair.org\/wp-content\/uploads\/2014\/08\/PhotoAparecida_cropped-235x300.jpeg 235w, https:\/\/www.brazilbabyaffair.org\/wp-content\/uploads\/2014\/08\/PhotoAparecida_cropped-802x1024.jpeg 802w\" sizes=\"auto, (max-width: 235px) 100vw, 235px\" \/> Aparecida nasceu em 1 de Outubro de 1962, na pequena cidade de Ponga\u00ed. Ela cresceu na cidade de Novo Horizonte, que se localiza a cerca de 450Km da cidade de S\u00e3o Paulo. Ela trabalhou no campo desde jovem. Ela teve dois filhos, uma filha, e a duas filhas g\u00eameas.<\/p>\n<p>A primeira filha de Aparecida e o segundo filho foram tomados dela contra sua vontade para serem adotados ilegalmente, sob a press\u00e3o, e devido a falta de suporte familiar. Ela nunca assinou nenhum documento dando consentimento para que ningu\u00e9m levasse seus filhos dela.<\/p>\n<p><em>Leia mais sobre este caso <a href=\"http:\/\/www.brazilbabyaffair.org\/pt-br\/casos\/casos-resolvidos\/aparecida\/\">aqui<\/a><\/em><\/p>\n<hr \/>\n<h3 style=\"text-align:left;\">Patrick<\/h3>\n<p><img loading=\"lazy\" decoding=\"async\" class=\"alignright size-full wp-image-308\" src=\"http:\/\/www.brazilbabyaffair.org\/wp-content\/uploads\/2014\/08\/patrick-250x250px.png\" alt=\"CasePatrick\" width=\"250\" height=\"250\" srcset=\"https:\/\/www.brazilbabyaffair.org\/wp-content\/uploads\/2014\/08\/patrick-250x250px.png 250w, https:\/\/www.brazilbabyaffair.org\/wp-content\/uploads\/2014\/08\/patrick-250x250px-150x150.png 150w\" sizes=\"auto, (max-width: 250px) 100vw, 250px\" \/>Patrick esteve buscando ativamente sua fam\u00edlia original desde 2001. Em 2011 ele rastreou sua fam\u00edlia materna com sucesso. Ele continua buscando sua fam\u00edlia paterna.<\/p>\n<p>Ele n\u00e3o teve nenhuma informa\u00e7\u00e3o sobre a data e localiza\u00e7\u00e3o de seu nascimento. Ele sabia que deveria ter nascido em S\u00e3o Paulo entre o fim de janeiro e o come\u00e7o de fevereiro de 1980.<\/p>\n<p><em>Leia os detalhes deste caso <strong><a href=\"http:\/\/www.brazilbabyaffair.org\/pt-br\/casos\/casos-resolvidos\/patrick\/\" title=\"Patrick\">aqui<\/a><\/strong>.<\/em><\/p>\n","protected":false},"excerpt":{"rendered":"<p>Charlotte Charlotte cresceu em um bairro de classe alta em Paris com seus pais adotivos. Ela teve uma inf\u00e2ncia dif\u00edcil, sua m\u00e3e \u00e9 bipolar e sue pai, alc\u00f3olico. Ela tinha curiosidade em saber mais sobre sua ado\u00e7\u00e3o no Brasil e come\u00e7ou a investigar quando tinha 14 anos. Disseram a ela que tinha sido achada na &hellip; <\/p>\n<div class=\"more-link-wrapper\"><a href=\"https:\/\/www.brazilbabyaffair.org\/pt-br\/casos\/casos-resolvidos\/\" class=\"more-link\">Continue reading<span class=\"screen-reader-text\"> &#8220;Casos Resolvidos&#8221;<\/span><\/a><\/div>\n","protected":false},"author":1,"featured_media":0,"parent":642,"menu_order":0,"comment_status":"closed","ping_status":"closed","template":"template-full.php","meta":{"jetpack_post_was_ever_published":false,"footnotes":""},"class_list":["post-761","page","type-page","status-publish","no-comments"],"jetpack_shortlink":"https:\/\/wp.me\/P59dNp-ch","jetpack_sharing_enabled":false,"_links":{"self":[{"href":"https:\/\/www.brazilbabyaffair.org\/pt-br\/wp-json\/wp\/v2\/pages\/761","targetHints":{"allow":["GET"]}}],"collection":[{"href":"https:\/\/www.brazilbabyaffair.org\/pt-br\/wp-json\/wp\/v2\/pages"}],"about":[{"href":"https:\/\/www.brazilbabyaffair.org\/pt-br\/wp-json\/wp\/v2\/types\/page"}],"author":[{"embeddable":true,"href":"https:\/\/www.brazilbabyaffair.org\/pt-br\/wp-json\/wp\/v2\/users\/1"}],"replies":[{"embeddable":true,"href":"https:\/\/www.brazilbabyaffair.org\/pt-br\/wp-json\/wp\/v2\/comments?post=761"}],"version-history":[{"count":7,"href":"https:\/\/www.brazilbabyaffair.org\/pt-br\/wp-json\/wp\/v2\/pages\/761\/revisions"}],"predecessor-version":[{"id":1906,"href":"https:\/\/www.brazilbabyaffair.org\/pt-br\/wp-json\/wp\/v2\/pages\/761\/revisions\/1906"}],"up":[{"embeddable":true,"href":"https:\/\/www.brazilbabyaffair.org\/pt-br\/wp-json\/wp\/v2\/pages\/642"}],"wp:attachment":[{"href":"https:\/\/www.brazilbabyaffair.org\/pt-br\/wp-json\/wp\/v2\/media?parent=761"}],"curies":[{"name":"wp","href":"https:\/\/api.w.org\/{rel}","templated":true}]}}