{"id":790,"date":"2014-08-16T16:49:41","date_gmt":"2014-08-16T14:49:41","guid":{"rendered":"http:\/\/www.brazilbabyaffair.org\/?page_id=790"},"modified":"2021-02-17T12:21:03","modified_gmt":"2021-02-17T11:21:03","slug":"patrick","status":"publish","type":"page","link":"https:\/\/www.brazilbabyaffair.org\/pt-br\/casos\/casos-resolvidos\/patrick\/","title":{"rendered":"Patrick"},"content":{"rendered":"<p><a href=\"#introdu\u00e7\u00e3o\">Introdu\u00e7\u00e3o<\/a><br \/>\n<a href=\"#fatos\">Fatos e n\u00fameros<\/a><\/p>\n<hr \/>\n<p><a name=\"introdu\u00e7\u00e3o\"><\/a><\/p>\n<h4>Introdu\u00e7\u00e3o<\/h4>\n<p><img loading=\"lazy\" decoding=\"async\" class=\"alignright size-medium wp-image-263\" src=\"http:\/\/www.brazilbabyaffair.org\/wp-content\/uploads\/2014\/08\/patrick-anneliese-6.jpg?w=200\" alt=\"Patrick\" width=\"200\" height=\"300\" srcset=\"https:\/\/www.brazilbabyaffair.org\/wp-content\/uploads\/2014\/08\/patrick-anneliese-6.jpg 1340w, https:\/\/www.brazilbabyaffair.org\/wp-content\/uploads\/2014\/08\/patrick-anneliese-6-200x300.jpg 200w, https:\/\/www.brazilbabyaffair.org\/wp-content\/uploads\/2014\/08\/patrick-anneliese-6-683x1024.jpg 683w, https:\/\/www.brazilbabyaffair.org\/wp-content\/uploads\/2014\/08\/patrick-anneliese-6-624x935.jpg 624w\" sizes=\"auto, (max-width: 200px) 100vw, 200px\" \/>Patrick esteve buscando ativamente sua fam\u00edlia original desde 2001. Em 2011 ele rastreou sua fam\u00edlia materna com sucesso. Ele continua buscando sua fam\u00edlia paterna.<\/p>\n<p>Ele n\u00e3o teve nenhuma informa\u00e7\u00e3o sobre a data e localiza\u00e7\u00e3o de seu nascimento. Ele sabia que deveria ter nascido em S\u00e3o Paulo entre o fim de janeiro e o come\u00e7o de fevereiro de 1980.<\/p>\n<p>Ao confrontar as partes respons\u00e1veis por sua ado\u00e7\u00e3o ilegal, ele foi colocado no caminho errado diversas vezes atrav\u00e9s de informa\u00e7\u00f5es erradas e a reten\u00e7\u00e3o de conhecimento para defini\u00e7\u00e3o de identidade, que negou a ele o acesso a seu direito humano \u00e0 identidade.<\/p>\n<p>Atrav\u00e9s de busca metodol\u00f3gica, ele foi capaz de selecionar fatores-chave de seu nascimento, como a localidade e a data. Com uma busca sistem\u00e1tica de poss\u00edveis m\u00e3es pelo Brasil, ele acabou encontrando sua irm\u00e3 em 2011, que o informou de que a m\u00e3e deles tinha morrido em 1985.<\/p>\n<p>Patrick \u00e9 o mais novo de tr\u00eas filhos de sua m\u00e3e biol\u00f3gica, A imagem mostra Patrick e suas irm\u00e3s em julho de 2013 em Recife, Brasil.<br \/>\n<img loading=\"lazy\" decoding=\"async\" class=\"aligncenter size-medium wp-image-341\" src=\"http:\/\/www.brazilbabyaffair.org\/wp-content\/uploads\/2014\/09\/patrick_withsisters.png?w=300\" alt=\"CasePatrick_withSisters\" width=\"300\" height=\"167\" srcset=\"https:\/\/www.brazilbabyaffair.org\/wp-content\/uploads\/2014\/09\/patrick_withsisters.png 600w, https:\/\/www.brazilbabyaffair.org\/wp-content\/uploads\/2014\/09\/patrick_withsisters-300x167.png 300w\" sizes=\"auto, (max-width: 300px) 100vw, 300px\" \/><\/p>\n<hr \/>\n<p><a name=\"fatos\"><\/a><\/p>\n<h4>Fatos e n\u00fameros<\/h4>\n<p>Patrick \u00e9 o nome dado a ele por seus pais adotivos; seu nome original \u00e9 desconhecido. Ele nasceu no Brasil em 1980. Seu certid\u00e3o de nascimento falso indica que seu local de nascimento foi uma resid\u00eancia na <strong>Rua Benjamin Constant<\/strong> (que na verdade se chama Rua Benjamin Costa) no bairro do Campo Belo (que deveria ser Jardim Aeroporto) em <strong>S\u00e3o Paulo<\/strong> e que 18 de fevereiro foi sua data de nascimento.<\/p>\n<p>A real data de nascimento de Patrick \u00e9 dia 6 de fevereiro, como indica seu registro de nascimento original.<\/p>\n<p>Sua falsa declara\u00e7\u00e3o de nascimento foi feita no cart\u00f3rio civil do 30\u00ba subdistrito do <strong>Ibirapuera<\/strong>, na cidade de <strong>S\u00e3o Paulo<\/strong>.<\/p>\n<h5>Testemunhas<\/h5>\n<p>Erika Handschin Vidal e Valdomiro Ribeiro<\/p>\n<h5>Intermedi\u00e1rios<\/h5>\n<p>Hermanus Theodorus Wolkenfelt, Johan Jacob Bosch, Nelly Bertels Berini, Johannes Cornelis Maria Marttin, Dalva Mlaker, Aurora Barbosa e Katinka van Heerde<\/p>\n","protected":false},"excerpt":{"rendered":"<p>Introdu\u00e7\u00e3o Fatos e n\u00fameros Introdu\u00e7\u00e3o Patrick esteve buscando ativamente sua fam\u00edlia original desde 2001. Em 2011 ele rastreou sua fam\u00edlia materna com sucesso. Ele continua buscando sua fam\u00edlia paterna. Ele n\u00e3o teve nenhuma informa\u00e7\u00e3o sobre a data e localiza\u00e7\u00e3o de seu nascimento. Ele sabia que deveria ter nascido em S\u00e3o Paulo entre o fim de &hellip; <\/p>\n<div class=\"more-link-wrapper\"><a href=\"https:\/\/www.brazilbabyaffair.org\/pt-br\/casos\/casos-resolvidos\/patrick\/\" class=\"more-link\">Continue reading<span class=\"screen-reader-text\"> &#8220;Patrick&#8221;<\/span><\/a><\/div>\n","protected":false},"author":1,"featured_media":0,"parent":761,"menu_order":0,"comment_status":"closed","ping_status":"closed","template":"template-full.php","meta":{"jetpack_post_was_ever_published":false,"footnotes":""},"class_list":["post-790","page","type-page","status-publish","no-comments"],"jetpack_shortlink":"https:\/\/wp.me\/P59dNp-cK","jetpack_sharing_enabled":false,"_links":{"self":[{"href":"https:\/\/www.brazilbabyaffair.org\/pt-br\/wp-json\/wp\/v2\/pages\/790","targetHints":{"allow":["GET"]}}],"collection":[{"href":"https:\/\/www.brazilbabyaffair.org\/pt-br\/wp-json\/wp\/v2\/pages"}],"about":[{"href":"https:\/\/www.brazilbabyaffair.org\/pt-br\/wp-json\/wp\/v2\/types\/page"}],"author":[{"embeddable":true,"href":"https:\/\/www.brazilbabyaffair.org\/pt-br\/wp-json\/wp\/v2\/users\/1"}],"replies":[{"embeddable":true,"href":"https:\/\/www.brazilbabyaffair.org\/pt-br\/wp-json\/wp\/v2\/comments?post=790"}],"version-history":[{"count":4,"href":"https:\/\/www.brazilbabyaffair.org\/pt-br\/wp-json\/wp\/v2\/pages\/790\/revisions"}],"predecessor-version":[{"id":2596,"href":"https:\/\/www.brazilbabyaffair.org\/pt-br\/wp-json\/wp\/v2\/pages\/790\/revisions\/2596"}],"up":[{"embeddable":true,"href":"https:\/\/www.brazilbabyaffair.org\/pt-br\/wp-json\/wp\/v2\/pages\/761"}],"wp:attachment":[{"href":"https:\/\/www.brazilbabyaffair.org\/pt-br\/wp-json\/wp\/v2\/media?parent=790"}],"curies":[{"name":"wp","href":"https:\/\/api.w.org\/{rel}","templated":true}]}}