{"id":928,"date":"2014-11-16T16:09:26","date_gmt":"2014-11-16T15:09:26","guid":{"rendered":"http:\/\/www.brazilbabyaffair.org\/?page_id=928"},"modified":"2014-11-23T19:11:54","modified_gmt":"2014-11-23T18:11:54","slug":"hague-talks","status":"publish","type":"page","link":"https:\/\/www.brazilbabyaffair.org\/pt-br\/publicacoes-recursos\/palestras-apresentacoes\/hague-talks\/","title":{"rendered":"Hague Talks"},"content":{"rendered":"<p>Fundador e Gerente, Patrick Noordoven falou sobre sua hist\u00f3ria pessoal e a funda\u00e7\u00e3o da ONG em 19 de setembro de 2014 no Pal\u00e1cio da Paz, em Haia, Holanda. Voc\u00ea pode ler a palestra dele <strong><a href=\"http:\/\/www.brazilbabyaffair.org\/pt-br\/publicacoes-recursos\/palestras-apresentacoes\/hague-talks\/haguetalk\/\" title=\"Hague Talk \u2013 Patrick Noordoven \u2013 19 Setembro 2014\">aqui<\/a><\/strong>.<\/p>\n<p><span class=\"embed-youtube\" style=\"text-align:center; display: block;\"><iframe loading=\"lazy\" class=\"youtube-player\" width=\"1080\" height=\"608\" src=\"https:\/\/www.youtube.com\/embed\/Rgqjk-wfA_w?version=3&#038;rel=1&#038;showsearch=0&#038;showinfo=1&#038;iv_load_policy=1&#038;fs=1&#038;hl=pt-BR&#038;autohide=2&#038;wmode=transparent\" allowfullscreen=\"true\" style=\"border:0;\" sandbox=\"allow-scripts allow-same-origin allow-popups allow-presentation allow-popups-to-escape-sandbox\"><\/iframe><\/span><\/p>\n<p>A contribui\u00e7\u00e3o de Patrick para o evento \u2018<a title=\"The Hague Talks\" href=\"http:\/\/www.haguetalks.com\/\" target=\"_blank\" rel=\"noopener\">The Hague Talks<\/a>\u2019 \u00e9 parte do <a href=\"http:\/\/www.unicef.org\/crc\/\" target=\"_blank\" rel=\"noopener\">25\u00b0 anivers\u00e1rio da Conven\u00e7\u00e3o das Na\u00e7\u00f5es Unidas sobre o Direito das Crian\u00e7as<\/a>.<\/p>\n<p>&nbsp;<\/p>\n<p>Se voc\u00ea tamb\u00e9m quer convidar um representante da ONG Brazil Baby Affair para o seu evento, por favor, <a href=\"mailto:contact@brazilbabyaffair.org?SUBJECT=Presentation\">contate-nos<\/a>.<\/p>\n","protected":false},"excerpt":{"rendered":"<p>Fundador e Gerente, Patrick Noordoven falou sobre sua hist\u00f3ria pessoal e a funda\u00e7\u00e3o da ONG em 19 de setembro de 2014 no Pal\u00e1cio da Paz, em Haia, Holanda. Voc\u00ea pode ler a palestra dele aqui. A contribui\u00e7\u00e3o de Patrick para o evento \u2018The Hague Talks\u2019 \u00e9 parte do 25\u00b0 anivers\u00e1rio da Conven\u00e7\u00e3o das Na\u00e7\u00f5es Unidas &hellip; <\/p>\n<div class=\"more-link-wrapper\"><a href=\"https:\/\/www.brazilbabyaffair.org\/pt-br\/publicacoes-recursos\/palestras-apresentacoes\/hague-talks\/\" class=\"more-link\">Continue reading<span class=\"screen-reader-text\"> &#8220;Hague Talks&#8221;<\/span><\/a><\/div>\n","protected":false},"author":1,"featured_media":0,"parent":645,"menu_order":1,"comment_status":"closed","ping_status":"closed","template":"","meta":{"jetpack_post_was_ever_published":false,"footnotes":""},"class_list":["post-928","page","type-page","status-publish","no-comments"],"jetpack_shortlink":"https:\/\/wp.me\/P59dNp-eY","jetpack_sharing_enabled":true,"_links":{"self":[{"href":"https:\/\/www.brazilbabyaffair.org\/pt-br\/wp-json\/wp\/v2\/pages\/928","targetHints":{"allow":["GET"]}}],"collection":[{"href":"https:\/\/www.brazilbabyaffair.org\/pt-br\/wp-json\/wp\/v2\/pages"}],"about":[{"href":"https:\/\/www.brazilbabyaffair.org\/pt-br\/wp-json\/wp\/v2\/types\/page"}],"author":[{"embeddable":true,"href":"https:\/\/www.brazilbabyaffair.org\/pt-br\/wp-json\/wp\/v2\/users\/1"}],"replies":[{"embeddable":true,"href":"https:\/\/www.brazilbabyaffair.org\/pt-br\/wp-json\/wp\/v2\/comments?post=928"}],"version-history":[{"count":4,"href":"https:\/\/www.brazilbabyaffair.org\/pt-br\/wp-json\/wp\/v2\/pages\/928\/revisions"}],"predecessor-version":[{"id":1055,"href":"https:\/\/www.brazilbabyaffair.org\/pt-br\/wp-json\/wp\/v2\/pages\/928\/revisions\/1055"}],"up":[{"embeddable":true,"href":"https:\/\/www.brazilbabyaffair.org\/pt-br\/wp-json\/wp\/v2\/pages\/645"}],"wp:attachment":[{"href":"https:\/\/www.brazilbabyaffair.org\/pt-br\/wp-json\/wp\/v2\/media?parent=928"}],"curies":[{"name":"wp","href":"https:\/\/api.w.org\/{rel}","templated":true}]}}